{"id":502,"date":"2021-10-10T20:19:14","date_gmt":"2021-10-10T20:19:14","guid":{"rendered":"https:\/\/insia-upm.es\/?page_id=502"},"modified":"2022-02-02T11:24:10","modified_gmt":"2022-02-02T11:24:10","slug":"vehiculos-historicos","status":"publish","type":"page","link":"https:\/\/insia-upm.es\/en\/vehiculos-historicos\/","title":{"rendered":"VINTAGE VEHICLES"},"content":{"rendered":"[et_pb_section fb_built=\u00bb1&#8243; admin_label=\u00bbsection\u00bb _builder_version=\u00bb3.22&#8243; global_colors_info=\u00bb{}\u00bb][et_pb_row admin_label=\u00bbrow\u00bb _builder_version=\u00bb3.25&#8243; background_size=\u00bbinitial\u00bb background_position=\u00bbtop_left\u00bb background_repeat=\u00bbrepeat\u00bb global_colors_info=\u00bb{}\u00bb][et_pb_column type=\u00bb4_4&#8243; _builder_version=\u00bb3.25&#8243; custom_padding=\u00bb|||\u00bb global_colors_info=\u00bb{}\u00bb custom_padding__hover=\u00bb|||\u00bb][et_pb_image src=\u00bbhttps:\/\/insia-upm.es\/wp-content\/uploads\/2021\/10\/Insia_laborarios_11_homologacion-historico.jpg\u00bb title_text=\u00bbInsia_laborarios_11_homologacion-historico\u00bb _builder_version=\u00bb4.11.1&#8243; _module_preset=\u00bbdefault\u00bb global_colors_info=\u00bb{}\u00bb][\/et_pb_image][et_pb_image src=\u00bbhttps:\/\/insia-upm.es\/wp-content\/uploads\/2021\/10\/Insia_exteriores_instalaciones_10.jpg\u00bb title_text=\u00bbInsia_exteriores_instalaciones_10&#8243; _builder_version=\u00bb4.11.1&#8243; _module_preset=\u00bbdefault\u00bb global_colors_info=\u00bb{}\u00bb][\/et_pb_image][et_pb_image src=\u00bbhttps:\/\/insia-upm.es\/wp-content\/uploads\/2022\/02\/Foto-vehiculo-historico-turismo.jpg\u00bb title_text=\u00bbFoto veh\u00edculo hist\u00f3rico turismo\u00bb _builder_version=\u00bb4.11.1&#8243; _module_preset=\u00bbdefault\u00bb global_colors_info=\u00bb{}\u00bb][\/et_pb_image][\/et_pb_column][\/et_pb_row][et_pb_row _builder_version=\u00bb4.11.1&#8243; _module_preset=\u00bbdefault\u00bb][et_pb_column _builder_version=\u00bb4.11.1&#8243; _module_preset=\u00bbdefault\u00bb type=\u00bb4_4&#8243;][et_pb_text _builder_version=\u00bb4.11.1&#8243; _module_preset=\u00bbdefault\u00bb hover_enabled=\u00bb0&#8243; sticky_enabled=\u00bb0&#8243;]\n<p><a href=\"https:\/\/tramita.comunidad.madrid\/autorizaciones-licencias-permisos-carnes\/vehiculos-historicos\">https:\/\/tramita.comunidad.madrid\/autorizaciones-licencias-permisos-carnes\/vehiculos-historicos<\/a><\/p>\n[\/et_pb_text][\/et_pb_column][\/et_pb_row][\/et_pb_section]\n","protected":false},"excerpt":{"rendered":"<p>Tr\u00e1mite para la catalogaci\u00f3n de un veh\u00edculo como HIST\u00d3RICO y pasos a seguir para la calificaci\u00f3n y matriculaci\u00f3n de los mismos.<\/p>","protected":false},"author":1,"featured_media":0,"parent":0,"menu_order":0,"comment_status":"closed","ping_status":"closed","template":"","meta":{"_et_pb_use_builder":"on","_et_pb_old_content":"","_et_gb_content_width":"","_monsterinsights_skip_tracking":false,"_monsterinsights_sitenote_active":false,"_monsterinsights_sitenote_note":"","_monsterinsights_sitenote_category":0,"footnotes":""},"class_list":["post-502","page","type-page","status-publish","hentry"],"yoast_head":"<!-- This site is optimized with the Yoast SEO plugin v27.5 - https:\/\/yoast.com\/product\/yoast-seo-wordpress\/ -->\n<title>VEH\u00cdCULOS HIST\u00d3RICOS - Instituto Universitario de Investigaci\u00f3n del Autom\u00f3vil Francisco Aparicio Izquierdo<\/title>\n<meta name=\"description\" content=\"Tr\u00e1mite para la catalogaci\u00f3n de un veh\u00edculo como HIST\u00d3RICO y pasos a seguir para la calificaci\u00f3n y matriculaci\u00f3n de los mismos.\" \/>\n<meta name=\"robots\" content=\"index, follow, max-snippet:-1, max-image-preview:large, max-video-preview:-1\" \/>\n<link rel=\"canonical\" href=\"https:\/\/insia-upm.es\/en\/vehiculos-historicos\/\" \/>\n<meta property=\"og:locale\" content=\"en_GB\" \/>\n<meta property=\"og:type\" content=\"article\" \/>\n<meta property=\"og:title\" content=\"VEH\u00cdCULOS HIST\u00d3RICOS - Instituto Universitario de Investigaci\u00f3n del Autom\u00f3vil Francisco Aparicio Izquierdo\" \/>\n<meta property=\"og:description\" content=\"Tr\u00e1mite para la catalogaci\u00f3n de un veh\u00edculo como HIST\u00d3RICO y pasos a seguir para la calificaci\u00f3n y matriculaci\u00f3n de los mismos.\" \/>\n<meta property=\"og:url\" content=\"https:\/\/insia-upm.es\/en\/vehiculos-historicos\/\" \/>\n<meta property=\"og:site_name\" content=\"Instituto Universitario de Investigaci\u00f3n del Autom\u00f3vil Francisco Aparicio Izquierdo\" \/>\n<meta property=\"article:modified_time\" content=\"2022-02-02T11:24:10+00:00\" \/>\n<meta name=\"twitter:card\" content=\"summary_large_image\" \/>\n<meta name=\"twitter:description\" content=\"Tr\u00e1mite para la catalogaci\u00f3n de un veh\u00edculo como HIST\u00d3RICO y pasos a seguir para la calificaci\u00f3n y matriculaci\u00f3n de los mismos.\" \/>\n<meta name=\"twitter:image\" content=\"https:\/\/insia-upm.es\/wp-content\/uploads\/2021\/10\/Insia_laborarios_11_homologacion-historico.jpg\" \/>\n<meta name=\"twitter:site\" content=\"@INSIAUPM\" \/>\n<meta name=\"twitter:label1\" content=\"Estimated reading time\" \/>\n\t<meta name=\"twitter:data1\" content=\"1 minute\" \/>\n<script type=\"application\/ld+json\" class=\"yoast-schema-graph\">{\"@context\":\"https:\\\/\\\/schema.org\",\"@graph\":[{\"@type\":\"WebPage\",\"@id\":\"https:\\\/\\\/insia-upm.es\\\/vehiculos-historicos\\\/\",\"url\":\"https:\\\/\\\/insia-upm.es\\\/vehiculos-historicos\\\/\",\"name\":\"VEH\u00cdCULOS HIST\u00d3RICOS - Instituto Universitario de Investigaci\u00f3n del Autom\u00f3vil Francisco Aparicio Izquierdo\",\"isPartOf\":{\"@id\":\"https:\\\/\\\/insia-upm.es\\\/#website\"},\"datePublished\":\"2021-10-10T20:19:14+00:00\",\"dateModified\":\"2022-02-02T11:24:10+00:00\",\"description\":\"Tr\u00e1mite para la catalogaci\u00f3n de un veh\u00edculo como HIST\u00d3RICO y pasos a seguir para la calificaci\u00f3n y matriculaci\u00f3n de los mismos.\",\"breadcrumb\":{\"@id\":\"https:\\\/\\\/insia-upm.es\\\/vehiculos-historicos\\\/#breadcrumb\"},\"inLanguage\":\"en-GB\",\"potentialAction\":[{\"@type\":\"ReadAction\",\"target\":[\"https:\\\/\\\/insia-upm.es\\\/vehiculos-historicos\\\/\"]}]},{\"@type\":\"BreadcrumbList\",\"@id\":\"https:\\\/\\\/insia-upm.es\\\/vehiculos-historicos\\\/#breadcrumb\",\"itemListElement\":[{\"@type\":\"ListItem\",\"position\":1,\"name\":\"Portada\",\"item\":\"https:\\\/\\\/insia-upm.es\\\/\"},{\"@type\":\"ListItem\",\"position\":2,\"name\":\"Tr\u00e1mite para la catalogaci\u00f3n de un veh\u00edculo como HIST\u00d3RICO y pasos a seguir para la calificaci\u00f3n y matriculaci\u00f3n de los mismos.\"}]},{\"@type\":\"WebSite\",\"@id\":\"https:\\\/\\\/insia-upm.es\\\/#website\",\"url\":\"https:\\\/\\\/insia-upm.es\\\/\",\"name\":\"Instituto Universitario de Investigaci\u00f3n del Autom\u00f3vil Francisco Aparicio Izquierdo\",\"description\":\"Instituto de Investigaci\u00f3n del Autom\u00f3vil Francisco Aparicio Izquierdo\",\"publisher\":{\"@id\":\"https:\\\/\\\/insia-upm.es\\\/#organization\"},\"potentialAction\":[{\"@type\":\"SearchAction\",\"target\":{\"@type\":\"EntryPoint\",\"urlTemplate\":\"https:\\\/\\\/insia-upm.es\\\/?s={search_term_string}\"},\"query-input\":{\"@type\":\"PropertyValueSpecification\",\"valueRequired\":true,\"valueName\":\"search_term_string\"}}],\"inLanguage\":\"en-GB\"},{\"@type\":\"Organization\",\"@id\":\"https:\\\/\\\/insia-upm.es\\\/#organization\",\"name\":\"UPM-INSIA\",\"url\":\"https:\\\/\\\/insia-upm.es\\\/\",\"logo\":{\"@type\":\"ImageObject\",\"inLanguage\":\"en-GB\",\"@id\":\"https:\\\/\\\/insia-upm.es\\\/#\\\/schema\\\/logo\\\/image\\\/\",\"url\":\"https:\\\/\\\/insia-upm.es\\\/wp-content\\\/uploads\\\/2021\\\/12\\\/logo-insia-low-e1412177316550.png\",\"contentUrl\":\"https:\\\/\\\/insia-upm.es\\\/wp-content\\\/uploads\\\/2021\\\/12\\\/logo-insia-low-e1412177316550.png\",\"width\":50,\"height\":71,\"caption\":\"UPM-INSIA\"},\"image\":{\"@id\":\"https:\\\/\\\/insia-upm.es\\\/#\\\/schema\\\/logo\\\/image\\\/\"},\"sameAs\":[\"https:\\\/\\\/x.com\\\/INSIAUPM\",\"https:\\\/\\\/www.instagram.com\\\/insia.upm\\\/\",\"https:\\\/\\\/www.linkedin.com\\\/in\\\/insia-instituto-universitario-investigaci\u00f3n-9088635a\\\/\",\"https:\\\/\\\/www.youtube.com\\\/user\\\/gestionidi\"]}]}<\/script>\n<!-- \/ Yoast SEO plugin. -->","yoast_head_json":{"title":"VEH\u00cdCULOS HIST\u00d3RICOS - Instituto Universitario de Investigaci\u00f3n del Autom\u00f3vil Francisco Aparicio Izquierdo","description":"Tr\u00e1mite para la catalogaci\u00f3n de un veh\u00edculo como HIST\u00d3RICO y pasos a seguir para la calificaci\u00f3n y matriculaci\u00f3n de los mismos.","robots":{"index":"index","follow":"follow","max-snippet":"max-snippet:-1","max-image-preview":"max-image-preview:large","max-video-preview":"max-video-preview:-1"},"canonical":"https:\/\/insia-upm.es\/en\/vehiculos-historicos\/","og_locale":"en_GB","og_type":"article","og_title":"VEH\u00cdCULOS HIST\u00d3RICOS - Instituto Universitario de Investigaci\u00f3n del Autom\u00f3vil Francisco Aparicio Izquierdo","og_description":"Tr\u00e1mite para la catalogaci\u00f3n de un veh\u00edculo como HIST\u00d3RICO y pasos a seguir para la calificaci\u00f3n y matriculaci\u00f3n de los mismos.","og_url":"https:\/\/insia-upm.es\/en\/vehiculos-historicos\/","og_site_name":"Instituto Universitario de Investigaci\u00f3n del Autom\u00f3vil Francisco Aparicio Izquierdo","article_modified_time":"2022-02-02T11:24:10+00:00","twitter_card":"summary_large_image","twitter_description":"Tr\u00e1mite para la catalogaci\u00f3n de un veh\u00edculo como HIST\u00d3RICO y pasos a seguir para la calificaci\u00f3n y matriculaci\u00f3n de los mismos.","twitter_image":"https:\/\/insia-upm.es\/wp-content\/uploads\/2021\/10\/Insia_laborarios_11_homologacion-historico.jpg","twitter_site":"@INSIAUPM","twitter_misc":{"Estimated reading time":"1 minute"},"schema":{"@context":"https:\/\/schema.org","@graph":[{"@type":"WebPage","@id":"https:\/\/insia-upm.es\/vehiculos-historicos\/","url":"https:\/\/insia-upm.es\/vehiculos-historicos\/","name":"VEH\u00cdCULOS HIST\u00d3RICOS - Instituto Universitario de Investigaci\u00f3n del Autom\u00f3vil Francisco Aparicio Izquierdo","isPartOf":{"@id":"https:\/\/insia-upm.es\/#website"},"datePublished":"2021-10-10T20:19:14+00:00","dateModified":"2022-02-02T11:24:10+00:00","description":"Tr\u00e1mite para la catalogaci\u00f3n de un veh\u00edculo como HIST\u00d3RICO y pasos a seguir para la calificaci\u00f3n y matriculaci\u00f3n de los mismos.","breadcrumb":{"@id":"https:\/\/insia-upm.es\/vehiculos-historicos\/#breadcrumb"},"inLanguage":"en-GB","potentialAction":[{"@type":"ReadAction","target":["https:\/\/insia-upm.es\/vehiculos-historicos\/"]}]},{"@type":"BreadcrumbList","@id":"https:\/\/insia-upm.es\/vehiculos-historicos\/#breadcrumb","itemListElement":[{"@type":"ListItem","position":1,"name":"Portada","item":"https:\/\/insia-upm.es\/"},{"@type":"ListItem","position":2,"name":"Tr\u00e1mite para la catalogaci\u00f3n de un veh\u00edculo como HIST\u00d3RICO y pasos a seguir para la calificaci\u00f3n y matriculaci\u00f3n de los mismos."}]},{"@type":"WebSite","@id":"https:\/\/insia-upm.es\/#website","url":"https:\/\/insia-upm.es\/","name":"Instituto Universitario de Investigaci\u00f3n del Autom\u00f3vil Francisco Aparicio Izquierdo","description":"Instituto de Investigaci\u00f3n del Autom\u00f3vil Francisco Aparicio Izquierdo","publisher":{"@id":"https:\/\/insia-upm.es\/#organization"},"potentialAction":[{"@type":"SearchAction","target":{"@type":"EntryPoint","urlTemplate":"https:\/\/insia-upm.es\/?s={search_term_string}"},"query-input":{"@type":"PropertyValueSpecification","valueRequired":true,"valueName":"search_term_string"}}],"inLanguage":"en-GB"},{"@type":"Organization","@id":"https:\/\/insia-upm.es\/#organization","name":"UPM-INSIA","url":"https:\/\/insia-upm.es\/","logo":{"@type":"ImageObject","inLanguage":"en-GB","@id":"https:\/\/insia-upm.es\/#\/schema\/logo\/image\/","url":"https:\/\/insia-upm.es\/wp-content\/uploads\/2021\/12\/logo-insia-low-e1412177316550.png","contentUrl":"https:\/\/insia-upm.es\/wp-content\/uploads\/2021\/12\/logo-insia-low-e1412177316550.png","width":50,"height":71,"caption":"UPM-INSIA"},"image":{"@id":"https:\/\/insia-upm.es\/#\/schema\/logo\/image\/"},"sameAs":["https:\/\/x.com\/INSIAUPM","https:\/\/www.instagram.com\/insia.upm\/","https:\/\/www.linkedin.com\/in\/insia-instituto-universitario-investigaci\u00f3n-9088635a\/","https:\/\/www.youtube.com\/user\/gestionidi"]}]}},"_links":{"self":[{"href":"https:\/\/insia-upm.es\/en\/wp-json\/wp\/v2\/pages\/502","targetHints":{"allow":["GET"]}}],"collection":[{"href":"https:\/\/insia-upm.es\/en\/wp-json\/wp\/v2\/pages"}],"about":[{"href":"https:\/\/insia-upm.es\/en\/wp-json\/wp\/v2\/types\/page"}],"author":[{"embeddable":true,"href":"https:\/\/insia-upm.es\/en\/wp-json\/wp\/v2\/users\/1"}],"replies":[{"embeddable":true,"href":"https:\/\/insia-upm.es\/en\/wp-json\/wp\/v2\/comments?post=502"}],"version-history":[{"count":8,"href":"https:\/\/insia-upm.es\/en\/wp-json\/wp\/v2\/pages\/502\/revisions"}],"predecessor-version":[{"id":18398,"href":"https:\/\/insia-upm.es\/en\/wp-json\/wp\/v2\/pages\/502\/revisions\/18398"}],"wp:attachment":[{"href":"https:\/\/insia-upm.es\/en\/wp-json\/wp\/v2\/media?parent=502"}],"curies":[{"name":"wp","href":"https:\/\/api.w.org\/{rel}","templated":true}]}}