{"id":217,"date":"2018-07-28T05:41:52","date_gmt":"2018-07-28T05:41:52","guid":{"rendered":"https:\/\/divifinance.divifixer.com\/?page_id=2150"},"modified":"2021-12-12T15:34:02","modified_gmt":"2021-12-12T15:34:02","slug":"laboratorios","status":"publish","type":"page","link":"https:\/\/insia-upm.es\/en\/laboratorios\/","title":{"rendered":"LABORATORIES"},"content":{"rendered":"[et_pb_section fb_built=\u00bb1&#8243; fullwidth=\u00bbon\u00bb _builder_version=\u00bb3.22.3&#8243; custom_padding=\u00bb|||\u00bb global_colors_info=\u00bb{}\u00bb][et_pb_fullwidth_header text_orientation=\u00bbcenter\u00bb module_class=\u00bbdct-header-title\u00bb _builder_version=\u00bb4.11.1&#8243; title_font=\u00bb||||||||\u00bb content_font=\u00bb||||||||\u00bb content_text_align=\u00bbcenter\u00bb background_color=\u00bbrgba(0,0,0,0.71)\u00bb background_image=\u00bbhttps:\/\/insia-upm.es\/wp-content\/uploads\/2021\/12\/IMG_8518-scaled.jpg\u00bb background_blend=\u00bboverlay\u00bb global_colors_info=\u00bb{}\u00bb button_one_text_size__hover_enabled=\u00bboff\u00bb button_two_text_size__hover_enabled=\u00bboff\u00bb button_one_text_color__hover_enabled=\u00bboff\u00bb button_two_text_color__hover_enabled=\u00bboff\u00bb button_one_border_width__hover_enabled=\u00bboff\u00bb button_two_border_width__hover_enabled=\u00bboff\u00bb button_one_border_color__hover_enabled=\u00bboff\u00bb button_two_border_color__hover_enabled=\u00bboff\u00bb button_one_border_radius__hover_enabled=\u00bboff\u00bb button_two_border_radius__hover_enabled=\u00bboff\u00bb button_one_letter_spacing__hover_enabled=\u00bboff\u00bb button_two_letter_spacing__hover_enabled=\u00bboff\u00bb button_one_bg_color__hover_enabled=\u00bboff\u00bb button_two_bg_color__hover_enabled=\u00bboff\u00bb]\n<h1>laboratori<span>os<\/span><\/h1>\n[\/et_pb_fullwidth_header][\/et_pb_section][et_pb_section fb_built=\u00bb1&#8243; _builder_version=\u00bb3.22.3&#8243; background_blend=\u00bboverlay\u00bb custom_padding=\u00bb11px|0px|0px|0px|false|false\u00bb top_divider_flip=\u00bbvertical\u00bb bottom_divider_height=\u00bb41px\u00bb animation_direction=\u00bbbottom\u00bb global_colors_info=\u00bb{}\u00bb][et_pb_row _builder_version=\u00bb3.25&#8243; custom_padding=\u00bb44px|0px|48px|0px|false|false\u00bb global_colors_info=\u00bb{}\u00bb][et_pb_column type=\u00bb4_4&#8243; _builder_version=\u00bb3.25&#8243; custom_padding=\u00bb|||\u00bb global_colors_info=\u00bb{}\u00bb custom_padding__hover=\u00bb|||\u00bb][et_pb_text _builder_version=\u00bb4.11.1&#8243; text_font=\u00bb||||||||\u00bb header_font=\u00bb||||||||\u00bb header_text_align=\u00bbcenter\u00bb text_orientation=\u00bbcenter\u00bb custom_margin=\u00bb|||\u00bb global_colors_info=\u00bb{}\u00bb]\n<div class=\"section-title title-block title-style-1 text-left\">\n<p><span class=\"top-title\"><span style=\"font-size: 14px; color: #666666;\">\u00a0<\/span><br \/><\/span><\/p>\n<h2 class=\"title\">Laboratorios<\/h2>\n<h4 class=\"title-heading-left\" style=\"text-align: justify;\">El INSIA cuenta con los siguientes laboratorios,\u00a0cuya finalidad es ofrecer sus servicios a la industria de automoci\u00f3n y sus sectores\u00a0tecnol\u00f3gicamente\u00a0afines,\u00a0teniendo siempre muy presentes las necesidades del cliente. Cuenta para ello, con un equipo humano especializado, material\u00a0especializado y equipamiento.<\/h4>\n<p><span class=\"bottom-title\"><\/span><\/p>\n<\/div>\n[\/et_pb_text][\/et_pb_column][\/et_pb_row][\/et_pb_section][et_pb_section fb_built=\u00bb1&#8243; _builder_version=\u00bb4.11.1&#8243; background_color=\u00bb#0081AF\u00bb background_blend=\u00bboverlay\u00bb custom_padding=\u00bb0|0px|0px|0px|false|false\u00bb top_divider_flip=\u00bbvertical\u00bb bottom_divider_height=\u00bb41px\u00bb animation_style=\u00bbzoom\u00bb animation_direction=\u00bbbottom\u00bb global_colors_info=\u00bb{}\u00bb][et_pb_row column_structure=\u00bb1_3,1_3,1_3&#8243; use_custom_gutter=\u00bbon\u00bb gutter_width=\u00bb1&#8243; module_class=\u00bb et_pb_row_fullwidth\u00bb _builder_version=\u00bb4.11.1&#8243; background_color=\u00bb#0081AF\u00bb width=\u00bb100%\u00bb width_tablet=\u00bb100%\u00bb width_phone=\u00bb\u00bb width_last_edited=\u00bbon|desktop\u00bb max_width=\u00bb100%\u00bb max_width_tablet=\u00bb100%\u00bb max_width_phone=\u00bb\u00bb max_width_last_edited=\u00bbon|desktop\u00bb custom_margin=\u00bb|||\u00bb custom_padding=\u00bb0px||0px|\u00bb make_fullwidth=\u00bbon\u00bb global_colors_info=\u00bb{}\u00bb][et_pb_column type=\u00bb1_3&#8243; _builder_version=\u00bb3.25&#8243; custom_padding=\u00bb|||\u00bb global_colors_info=\u00bb{}\u00bb custom_padding__hover=\u00bb|||\u00bb][et_pb_blurb title=\u00bbVeh\u00edculos y Componentes\u00bb url=\u00bbhttps:\/\/insia-upm.es\/vehiculos-y-componentes\/\u00bb image=\u00bbhttps:\/\/insia-upm.es\/wp-content\/uploads\/2021\/12\/Insia_servicios_tecnologicos_27_1280x768-Opti.webp\u00bb module_class=\u00bbdct-blurb-2&#8243; _builder_version=\u00bb4.11.1&#8243; background_enable_image=\u00bboff\u00bb background_size=\u00bbcontain\u00bb min_height=\u00bb299.8px\u00bb link_option_url=\u00bbhttps:\/\/insia-upm.es\/vehiculos-y-componentes\/\u00bb hover_enabled=\u00bb0&#8243; global_colors_info=\u00bb{}\u00bb sticky_enabled=\u00bb0&#8243;]\n<p><span>Ensayos de neum\u00e1ticos, ensayos de estabilidad y pista de ensayos.<\/span><\/p>\n[\/et_pb_blurb][\/et_pb_column][et_pb_column type=\u00bb1_3&#8243; _builder_version=\u00bb3.25&#8243; custom_padding=\u00bb|||\u00bb global_colors_info=\u00bb{}\u00bb custom_padding__hover=\u00bb|||\u00bb][et_pb_blurb title=\u00bbSeguridad Pasiva\u00bb url=\u00bbhttps:\/\/insia-upm.es\/laboratorio-de-seguridad-pasiva\/\u00bb image=\u00bbhttps:\/\/insia-upm.es\/wp-content\/uploads\/2021\/12\/insia-lsp-1280&#215;768-Opti.webp\u00bb module_class=\u00bbdct-blurb-2&#8243; _builder_version=\u00bb4.11.1&#8243; background_enable_image=\u00bboff\u00bb background_size=\u00bbinitial\u00bb min_height=\u00bb294.4px\u00bb link_option_url=\u00bbhttps:\/\/insia-upm.es\/laboratorio-de-seguridad-pasiva\/\u00bb global_colors_info=\u00bb{}\u00bb font_icon__hover_enabled=\u00bboff|desktop\u00bb]\n<p style=\"text-align: justify;\"><span>Instalaciones para la realizaci\u00f3n de ensayos encaminados a la evaluaci\u00f3n y mejora de componentes que afectan a la seguridad de los ocupantes.<\/span><\/p>\n[\/et_pb_blurb][\/et_pb_column][et_pb_column type=\u00bb1_3&#8243; _builder_version=\u00bb3.25&#8243; custom_padding=\u00bb|||\u00bb global_colors_info=\u00bb{}\u00bb custom_padding__hover=\u00bb|||\u00bb][et_pb_blurb title=\u00bbCalibraci\u00f3n de Equipos Electromec\u00e1nicos\u00bb url=\u00bbhttps:\/\/insia-upm.es\/laboratorio-de-calibracion-de-equipos-electromecanicos\/\u00bb image=\u00bbhttps:\/\/insia-upm.es\/wp-content\/uploads\/2021\/12\/Insia_servicios_tecnologicos_06_1280x768-Opti.webp\u00bb module_class=\u00bbdct-blurb-2&#8243; _builder_version=\u00bb4.11.1&#8243; background_enable_image=\u00bboff\u00bb background_size=\u00bbcontain\u00bb background_repeat=\u00bbspace\u00bb min_height=\u00bb299.6px\u00bb link_option_url=\u00bbhttps:\/\/insia-upm.es\/laboratorio-de-calibracion-de-equipos-electromecanicos\/\u00bb global_colors_info=\u00bb{}\u00bb]\n<p><span class=\"fuente\">El laboratorio gestiona y realiza las calibraciones de los equipos de medici\u00f3n del resto de laboratorios del INSIA<\/span><span>.<\/span><\/p>\n[\/et_pb_blurb][\/et_pb_column][\/et_pb_row][et_pb_row column_structure=\u00bb1_3,1_3,1_3&#8243; use_custom_gutter=\u00bbon\u00bb gutter_width=\u00bb1&#8243; module_class=\u00bb et_pb_row_fullwidth\u00bb _builder_version=\u00bb3.25&#8243; width=\u00bb100%\u00bb width_tablet=\u00bb100%\u00bb width_phone=\u00bb\u00bb width_last_edited=\u00bbon|desktop\u00bb max_width=\u00bb100%\u00bb max_width_tablet=\u00bb100%\u00bb max_width_phone=\u00bb\u00bb max_width_last_edited=\u00bbon|desktop\u00bb custom_margin=\u00bb|||\u00bb custom_padding=\u00bb0px||0px|\u00bb make_fullwidth=\u00bbon\u00bb global_colors_info=\u00bb{}\u00bb][et_pb_column type=\u00bb1_3&#8243; _builder_version=\u00bb3.25&#8243; custom_padding=\u00bb|||\u00bb global_colors_info=\u00bb{}\u00bb custom_padding__hover=\u00bb|||\u00bb][et_pb_blurb title=\u00bbSimulaci\u00f3n y C\u00e1lculo\u00bb url=\u00bbhttps:\/\/insia-upm.es\/laboratorio-de-simulacion-y-calculo\/\u00bb image=\u00bbhttps:\/\/insia-upm.es\/wp-content\/uploads\/2021\/12\/Insia_WEB_09_insia-calculo-estru_1280x768-Opti.webp\u00bb module_class=\u00bbdct-blurb-2&#8243; _builder_version=\u00bb4.11.1&#8243; min_height=\u00bb299.6px\u00bb link_option_url=\u00bbhttps:\/\/insia-upm.es\/laboratorio-de-simulacion-y-calculo\/\u00bb global_colors_info=\u00bb{}\u00bb]\n<p><span>C\u00e1lculo estructural y optimizaci\u00f3n de autobuses, autocares, veh\u00edculos industriales y componentes.<\/span><\/p>\n[\/et_pb_blurb][\/et_pb_column][et_pb_column type=\u00bb1_3&#8243; _builder_version=\u00bb3.25&#8243; custom_padding=\u00bb|||\u00bb global_colors_info=\u00bb{}\u00bb custom_padding__hover=\u00bb|||\u00bb][et_pb_blurb title=\u00bbMotores, Tren de Potencia y Emisiones\u00bb url=\u00bbhttps:\/\/insia-upm.es\/laboratorio-de-motores-tren-de-potencia-y-emisiones\/\u00bb image=\u00bbhttps:\/\/insia-upm.es\/wp-content\/uploads\/2021\/12\/laboratorio-motores3-1280&#215;768-Opti.webp\u00bb module_class=\u00bbdct-blurb-2&#8243; _builder_version=\u00bb4.11.1&#8243; min_height=\u00bb295.4px\u00bb link_option_url=\u00bbhttps:\/\/insia-upm.es\/laboratorio-de-motores-tren-de-potencia-y-emisiones\/\u00bb global_colors_info=\u00bb{}\u00bb]\n<p><span>\u00a0Banco de Pruebas para motores t\u00e9rmicos en el que se pueden realizar ensayos de potencia y par, medida de emisiones y consumos, procesos de calibraci\u00f3n\u2026<\/span><\/p>\n[\/et_pb_blurb][\/et_pb_column][et_pb_column type=\u00bb1_3&#8243; _builder_version=\u00bb3.25&#8243; custom_padding=\u00bb|||\u00bb global_colors_info=\u00bb{}\u00bb custom_padding__hover=\u00bb|||\u00bb][et_pb_blurb title=\u00bbVibraciones y Resistencia Mec\u00e1nica\u00bb url=\u00bbhttps:\/\/insia-upm.es\/laboratorio-de-vibraciones-y-resistencias-mecanicas\/\u00bb image=\u00bbhttps:\/\/insia-upm.es\/wp-content\/uploads\/2021\/12\/Insia_servicios_tecnologicos_21_1280x768-Opti.webp\u00bb module_class=\u00bbdct-blurb-2&#8243; _builder_version=\u00bb4.11.1&#8243; background_enable_video_mp4=\u00bboff\u00bb background_layout=\u00bbdark\u00bb min_height=\u00bb299.6px\u00bb overflow-x=\u00bbauto\u00bb overflow-y=\u00bbauto\u00bb link_option_url=\u00bbhttps:\/\/insia-upm.es\/laboratorio-de-vibraciones-y-resistencias-mecanicas\/\u00bb global_colors_info=\u00bb{}\u00bb]\n<p><span>Ensayos de vibraciones, ensayos de fatiga, ensayos de resistencia mec\u00e1nica y p\u00e9ndulo de impacto.<\/span><\/p>\n[\/et_pb_blurb][\/et_pb_column][\/et_pb_row][et_pb_row column_structure=\u00bb1_3,1_3,1_3&#8243; use_custom_gutter=\u00bbon\u00bb gutter_width=\u00bb1&#8243; module_class=\u00bb et_pb_row_fullwidth\u00bb _builder_version=\u00bb3.25&#8243; width=\u00bb100%\u00bb width_tablet=\u00bb100%\u00bb width_phone=\u00bb\u00bb width_last_edited=\u00bbon|desktop\u00bb max_width=\u00bb100%\u00bb max_width_tablet=\u00bb100%\u00bb max_width_phone=\u00bb\u00bb max_width_last_edited=\u00bbon|desktop\u00bb custom_margin=\u00bb|||\u00bb custom_padding=\u00bb0px||0px|\u00bb make_fullwidth=\u00bbon\u00bb global_colors_info=\u00bb{}\u00bb][et_pb_column type=\u00bb1_3&#8243; _builder_version=\u00bb3.25&#8243; custom_padding=\u00bb|||\u00bb global_colors_info=\u00bb{}\u00bb custom_padding__hover=\u00bb|||\u00bb][et_pb_blurb title=\u00bbEnsayos Ambientales e Inflamabilidad\u00bb url=\u00bbhttps:\/\/insia-upm.es\/laboratorio-de-ensayos-ambientales-e-inflamabilidad\/\u00bb image=\u00bbhttps:\/\/insia-upm.es\/wp-content\/uploads\/2021\/12\/Ambientales_reduc1-1280&#215;768-Opti.webp\u00bb module_class=\u00bbdct-blurb-2&#8243; _builder_version=\u00bb4.11.1&#8243; background_enable_video_mp4=\u00bboff\u00bb text_orientation=\u00bbjustified\u00bb min_height=\u00bb299.8px\u00bb animation_style=\u00bbfade\u00bb animation=\u00bbleft\u00bb link_option_url=\u00bbhttps:\/\/insia-upm.es\/laboratorio-de-ensayos-ambientales-e-inflamabilidad\/\u00bb global_colors_info=\u00bb{}\u00bb transform_styles__hover_enabled=\u00bbon|desktop\u00bb transform_scale__hover_enabled=\u00bbon|desktop\u00bb transform_translate__hover_enabled=\u00bbon|desktop\u00bb transform_rotate__hover_enabled=\u00bbon|desktop\u00bb transform_skew__hover_enabled=\u00bbon|desktop\u00bb transform_origin__hover_enabled=\u00bbon|desktop\u00bb]\n<p><span>Ensayos clim\u00e1ticos, ensayos de corrosi\u00f3n y ensayos de fuego<\/span>.<\/p>\n[\/et_pb_blurb][\/et_pb_column][et_pb_column type=\u00bb1_3&#8243; _builder_version=\u00bb3.25&#8243; custom_padding=\u00bb|||\u00bb global_colors_info=\u00bb{}\u00bb custom_padding__hover=\u00bb|||\u00bb][et_pb_blurb title=\u00bbInstrumentaci\u00f3n y Electr\u00f3nica\u00bb url=\u00bbhttps:\/\/insia-upm.es\/laboratorio-de-instrumentacion-y-electronica\/\u00bb image=\u00bbhttps:\/\/insia-upm.es\/wp-content\/uploads\/2021\/12\/Insia_servicios_tecnologicos_06_1280x768-Opti.webp\u00bb module_class=\u00bbdct-blurb-2&#8243; _builder_version=\u00bb4.11.1&#8243; min_height=\u00bb295.4px\u00bb link_option_url=\u00bbhttps:\/\/insia-upm.es\/laboratorio-de-instrumentacion-y-electronica\/\u00bb global_colors_info=\u00bb{}\u00bb]\n<p style=\"text-align: center;\"><span>Instrumentaci\u00f3n de veh\u00edculos y ensayos din\u00e1micos, equipos de adquisici\u00f3n de datos embarcados y sensores de reconocimiento de espacio exterior y posicionamiento.<\/span><\/p>\n[\/et_pb_blurb][\/et_pb_column][et_pb_column type=\u00bb1_3&#8243; _builder_version=\u00bb4.11.1&#8243; _module_preset=\u00bbdefault\u00bb global_colors_info=\u00bb{}\u00bb][et_pb_blurb title=\u00bbEnsayos de Componentes de Ascensores\u00bb url=\u00bbhttps:\/\/insia-upm.es\/laboratorio-de-ensayos-de-componentes-y-ascensores\/\u00bb image=\u00bbhttps:\/\/insia-upm.es\/wp-content\/uploads\/2021\/12\/LECA-1280&#215;768-Opti.webp\u00bb module_class=\u00bbdct-blurb-2&#8243; _builder_version=\u00bb4.11.1&#8243; background_enable_image=\u00bboff\u00bb background_size=\u00bbcontain\u00bb min_height=\u00bb299.6px\u00bb link_option_url=\u00bbhttps:\/\/insia-upm.es\/laboratorio-de-ensayos-de-componentes-y-ascensores\/\u00bb global_colors_info=\u00bb{}\u00bb]\n<p><span>Cuenta con instalaciones para el ensayo de componentes de ascensores y es un laboratorio acreditado por ENAC.<\/span><\/p>\n[\/et_pb_blurb][\/et_pb_column][\/et_pb_row][et_pb_row column_structure=\u00bb1_3,1_3,1_3&#8243; use_custom_gutter=\u00bbon\u00bb gutter_width=\u00bb1&#8243; module_class=\u00bb et_pb_row_fullwidth\u00bb _builder_version=\u00bb4.11.1&#8243; background_color=\u00bb#0081AF\u00bb width=\u00bb100%\u00bb width_tablet=\u00bb100%\u00bb width_phone=\u00bb\u00bb width_last_edited=\u00bbon|desktop\u00bb max_width=\u00bb100%\u00bb max_width_tablet=\u00bb100%\u00bb max_width_phone=\u00bb\u00bb max_width_last_edited=\u00bbon|desktop\u00bb custom_margin=\u00bb|||\u00bb custom_padding=\u00bb0px||0px|\u00bb make_fullwidth=\u00bbon\u00bb global_colors_info=\u00bb{}\u00bb][et_pb_column type=\u00bb1_3&#8243; _builder_version=\u00bb3.25&#8243; custom_padding=\u00bb|||\u00bb global_colors_info=\u00bb{}\u00bb custom_padding__hover=\u00bb|||\u00bb][\/et_pb_column][et_pb_column type=\u00bb1_3&#8243; _builder_version=\u00bb4.11.1&#8243; _module_preset=\u00bbdefault\u00bb global_colors_info=\u00bb{}\u00bb][\/et_pb_column][et_pb_column type=\u00bb1_3&#8243; _builder_version=\u00bb3.25&#8243; custom_padding=\u00bb|||\u00bb global_colors_info=\u00bb{}\u00bb custom_padding__hover=\u00bb|||\u00bb][\/et_pb_column][\/et_pb_row][\/et_pb_section]\n","protected":false},"excerpt":{"rendered":"<p>laboratorios \u00a0 Laboratorios El INSIA cuenta con los siguientes laboratorios,\u00a0cuya finalidad es ofrecer sus servicios a la industria de automoci\u00f3n y sus sectores\u00a0tecnol\u00f3gicamente\u00a0afines,\u00a0teniendo siempre muy presentes las necesidades del cliente. Cuenta para ello, con un equipo humano especializado, material\u00a0especializado y equipamiento. Ensayos de neum\u00e1ticos, ensayos de estabilidad y pista de ensayos.Instalaciones para la realizaci\u00f3n de [&hellip;]<\/p>\n","protected":false},"author":1,"featured_media":0,"parent":0,"menu_order":0,"comment_status":"closed","ping_status":"closed","template":"","meta":{"_et_pb_use_builder":"on","_et_pb_old_content":"","_et_gb_content_width":"","_monsterinsights_skip_tracking":false,"_monsterinsights_sitenote_active":false,"_monsterinsights_sitenote_note":"","_monsterinsights_sitenote_category":0,"footnotes":""},"class_list":["post-217","page","type-page","status-publish","hentry"],"yoast_head":"<!-- This site is optimized with the Yoast SEO plugin v27.4 - https:\/\/yoast.com\/product\/yoast-seo-wordpress\/ -->\n<title>LABORATORIOS - Instituto Universitario de Investigaci\u00f3n del Autom\u00f3vil Francisco Aparicio Izquierdo<\/title>\n<meta name=\"robots\" content=\"index, follow, max-snippet:-1, max-image-preview:large, max-video-preview:-1\" \/>\n<link rel=\"canonical\" href=\"https:\/\/insia-upm.es\/en\/laboratorios\/\" \/>\n<meta property=\"og:locale\" content=\"en_GB\" \/>\n<meta property=\"og:type\" content=\"article\" \/>\n<meta property=\"og:title\" content=\"LABORATORIOS - Instituto Universitario de Investigaci\u00f3n del Autom\u00f3vil Francisco Aparicio Izquierdo\" \/>\n<meta property=\"og:description\" content=\"laboratorios \u00a0 Laboratorios El INSIA cuenta con los siguientes laboratorios,\u00a0cuya finalidad es ofrecer sus servicios a la industria de automoci\u00f3n y sus sectores\u00a0tecnol\u00f3gicamente\u00a0afines,\u00a0teniendo siempre muy presentes las necesidades del cliente. Cuenta para ello, con un equipo humano especializado, material\u00a0especializado y equipamiento. Ensayos de neum\u00e1ticos, ensayos de estabilidad y pista de ensayos.Instalaciones para la realizaci\u00f3n de [&hellip;]\" \/>\n<meta property=\"og:url\" content=\"https:\/\/insia-upm.es\/en\/laboratorios\/\" \/>\n<meta property=\"og:site_name\" content=\"Instituto Universitario de Investigaci\u00f3n del Autom\u00f3vil Francisco Aparicio Izquierdo\" \/>\n<meta property=\"article:modified_time\" content=\"2021-12-12T15:34:02+00:00\" \/>\n<meta name=\"twitter:card\" content=\"summary_large_image\" \/>\n<meta name=\"twitter:site\" content=\"@INSIAUPM\" \/>\n<meta name=\"twitter:label1\" content=\"Estimated reading time\" \/>\n\t<meta name=\"twitter:data1\" content=\"7 minutes\" \/>\n<script type=\"application\/ld+json\" class=\"yoast-schema-graph\">{\"@context\":\"https:\\\/\\\/schema.org\",\"@graph\":[{\"@type\":\"WebPage\",\"@id\":\"https:\\\/\\\/insia-upm.es\\\/laboratorios\\\/\",\"url\":\"https:\\\/\\\/insia-upm.es\\\/laboratorios\\\/\",\"name\":\"LABORATORIOS - Instituto Universitario de Investigaci\u00f3n del Autom\u00f3vil Francisco Aparicio Izquierdo\",\"isPartOf\":{\"@id\":\"https:\\\/\\\/insia-upm.es\\\/#website\"},\"datePublished\":\"2018-07-28T05:41:52+00:00\",\"dateModified\":\"2021-12-12T15:34:02+00:00\",\"breadcrumb\":{\"@id\":\"https:\\\/\\\/insia-upm.es\\\/laboratorios\\\/#breadcrumb\"},\"inLanguage\":\"en-GB\",\"potentialAction\":[{\"@type\":\"ReadAction\",\"target\":[\"https:\\\/\\\/insia-upm.es\\\/laboratorios\\\/\"]}]},{\"@type\":\"BreadcrumbList\",\"@id\":\"https:\\\/\\\/insia-upm.es\\\/laboratorios\\\/#breadcrumb\",\"itemListElement\":[{\"@type\":\"ListItem\",\"position\":1,\"name\":\"Portada\",\"item\":\"https:\\\/\\\/insia-upm.es\\\/\"},{\"@type\":\"ListItem\",\"position\":2,\"name\":\"LABORATORIOS\"}]},{\"@type\":\"WebSite\",\"@id\":\"https:\\\/\\\/insia-upm.es\\\/#website\",\"url\":\"https:\\\/\\\/insia-upm.es\\\/\",\"name\":\"Instituto Universitario de Investigaci\u00f3n del Autom\u00f3vil Francisco Aparicio Izquierdo\",\"description\":\"Instituto de Investigaci\u00f3n del Autom\u00f3vil Francisco Aparicio Izquierdo\",\"publisher\":{\"@id\":\"https:\\\/\\\/insia-upm.es\\\/#organization\"},\"potentialAction\":[{\"@type\":\"SearchAction\",\"target\":{\"@type\":\"EntryPoint\",\"urlTemplate\":\"https:\\\/\\\/insia-upm.es\\\/?s={search_term_string}\"},\"query-input\":{\"@type\":\"PropertyValueSpecification\",\"valueRequired\":true,\"valueName\":\"search_term_string\"}}],\"inLanguage\":\"en-GB\"},{\"@type\":\"Organization\",\"@id\":\"https:\\\/\\\/insia-upm.es\\\/#organization\",\"name\":\"UPM-INSIA\",\"url\":\"https:\\\/\\\/insia-upm.es\\\/\",\"logo\":{\"@type\":\"ImageObject\",\"inLanguage\":\"en-GB\",\"@id\":\"https:\\\/\\\/insia-upm.es\\\/#\\\/schema\\\/logo\\\/image\\\/\",\"url\":\"https:\\\/\\\/insia-upm.es\\\/wp-content\\\/uploads\\\/2021\\\/12\\\/logo-insia-low-e1412177316550.png\",\"contentUrl\":\"https:\\\/\\\/insia-upm.es\\\/wp-content\\\/uploads\\\/2021\\\/12\\\/logo-insia-low-e1412177316550.png\",\"width\":50,\"height\":71,\"caption\":\"UPM-INSIA\"},\"image\":{\"@id\":\"https:\\\/\\\/insia-upm.es\\\/#\\\/schema\\\/logo\\\/image\\\/\"},\"sameAs\":[\"https:\\\/\\\/x.com\\\/INSIAUPM\",\"https:\\\/\\\/www.instagram.com\\\/insia.upm\\\/\",\"https:\\\/\\\/www.linkedin.com\\\/in\\\/insia-instituto-universitario-investigaci\u00f3n-9088635a\\\/\",\"https:\\\/\\\/www.youtube.com\\\/user\\\/gestionidi\"]}]}<\/script>\n<!-- \/ Yoast SEO plugin. -->","yoast_head_json":{"title":"LABORATORIOS - Instituto Universitario de Investigaci\u00f3n del Autom\u00f3vil Francisco Aparicio Izquierdo","robots":{"index":"index","follow":"follow","max-snippet":"max-snippet:-1","max-image-preview":"max-image-preview:large","max-video-preview":"max-video-preview:-1"},"canonical":"https:\/\/insia-upm.es\/en\/laboratorios\/","og_locale":"en_GB","og_type":"article","og_title":"LABORATORIOS - Instituto Universitario de Investigaci\u00f3n del Autom\u00f3vil Francisco Aparicio Izquierdo","og_description":"laboratorios \u00a0 Laboratorios El INSIA cuenta con los siguientes laboratorios,\u00a0cuya finalidad es ofrecer sus servicios a la industria de automoci\u00f3n y sus sectores\u00a0tecnol\u00f3gicamente\u00a0afines,\u00a0teniendo siempre muy presentes las necesidades del cliente. Cuenta para ello, con un equipo humano especializado, material\u00a0especializado y equipamiento. Ensayos de neum\u00e1ticos, ensayos de estabilidad y pista de ensayos.Instalaciones para la realizaci\u00f3n de [&hellip;]","og_url":"https:\/\/insia-upm.es\/en\/laboratorios\/","og_site_name":"Instituto Universitario de Investigaci\u00f3n del Autom\u00f3vil Francisco Aparicio Izquierdo","article_modified_time":"2021-12-12T15:34:02+00:00","twitter_card":"summary_large_image","twitter_site":"@INSIAUPM","twitter_misc":{"Estimated reading time":"7 minutes"},"schema":{"@context":"https:\/\/schema.org","@graph":[{"@type":"WebPage","@id":"https:\/\/insia-upm.es\/laboratorios\/","url":"https:\/\/insia-upm.es\/laboratorios\/","name":"LABORATORIOS - Instituto Universitario de Investigaci\u00f3n del Autom\u00f3vil Francisco Aparicio Izquierdo","isPartOf":{"@id":"https:\/\/insia-upm.es\/#website"},"datePublished":"2018-07-28T05:41:52+00:00","dateModified":"2021-12-12T15:34:02+00:00","breadcrumb":{"@id":"https:\/\/insia-upm.es\/laboratorios\/#breadcrumb"},"inLanguage":"en-GB","potentialAction":[{"@type":"ReadAction","target":["https:\/\/insia-upm.es\/laboratorios\/"]}]},{"@type":"BreadcrumbList","@id":"https:\/\/insia-upm.es\/laboratorios\/#breadcrumb","itemListElement":[{"@type":"ListItem","position":1,"name":"Portada","item":"https:\/\/insia-upm.es\/"},{"@type":"ListItem","position":2,"name":"LABORATORIOS"}]},{"@type":"WebSite","@id":"https:\/\/insia-upm.es\/#website","url":"https:\/\/insia-upm.es\/","name":"Instituto Universitario de Investigaci\u00f3n del Autom\u00f3vil Francisco Aparicio Izquierdo","description":"Instituto de Investigaci\u00f3n del Autom\u00f3vil Francisco Aparicio Izquierdo","publisher":{"@id":"https:\/\/insia-upm.es\/#organization"},"potentialAction":[{"@type":"SearchAction","target":{"@type":"EntryPoint","urlTemplate":"https:\/\/insia-upm.es\/?s={search_term_string}"},"query-input":{"@type":"PropertyValueSpecification","valueRequired":true,"valueName":"search_term_string"}}],"inLanguage":"en-GB"},{"@type":"Organization","@id":"https:\/\/insia-upm.es\/#organization","name":"UPM-INSIA","url":"https:\/\/insia-upm.es\/","logo":{"@type":"ImageObject","inLanguage":"en-GB","@id":"https:\/\/insia-upm.es\/#\/schema\/logo\/image\/","url":"https:\/\/insia-upm.es\/wp-content\/uploads\/2021\/12\/logo-insia-low-e1412177316550.png","contentUrl":"https:\/\/insia-upm.es\/wp-content\/uploads\/2021\/12\/logo-insia-low-e1412177316550.png","width":50,"height":71,"caption":"UPM-INSIA"},"image":{"@id":"https:\/\/insia-upm.es\/#\/schema\/logo\/image\/"},"sameAs":["https:\/\/x.com\/INSIAUPM","https:\/\/www.instagram.com\/insia.upm\/","https:\/\/www.linkedin.com\/in\/insia-instituto-universitario-investigaci\u00f3n-9088635a\/","https:\/\/www.youtube.com\/user\/gestionidi"]}]}},"_links":{"self":[{"href":"https:\/\/insia-upm.es\/en\/wp-json\/wp\/v2\/pages\/217","targetHints":{"allow":["GET"]}}],"collection":[{"href":"https:\/\/insia-upm.es\/en\/wp-json\/wp\/v2\/pages"}],"about":[{"href":"https:\/\/insia-upm.es\/en\/wp-json\/wp\/v2\/types\/page"}],"author":[{"embeddable":true,"href":"https:\/\/insia-upm.es\/en\/wp-json\/wp\/v2\/users\/1"}],"replies":[{"embeddable":true,"href":"https:\/\/insia-upm.es\/en\/wp-json\/wp\/v2\/comments?post=217"}],"version-history":[{"count":45,"href":"https:\/\/insia-upm.es\/en\/wp-json\/wp\/v2\/pages\/217\/revisions"}],"predecessor-version":[{"id":18026,"href":"https:\/\/insia-upm.es\/en\/wp-json\/wp\/v2\/pages\/217\/revisions\/18026"}],"wp:attachment":[{"href":"https:\/\/insia-upm.es\/en\/wp-json\/wp\/v2\/media?parent=217"}],"curies":[{"name":"wp","href":"https:\/\/api.w.org\/{rel}","templated":true}]}}