{"id":214,"date":"2018-07-28T05:44:33","date_gmt":"2018-07-28T05:44:33","guid":{"rendered":"https:\/\/divifinance.divifixer.com\/?page_id=2159"},"modified":"2021-10-07T17:43:40","modified_gmt":"2021-10-07T17:43:40","slug":"timeline","status":"publish","type":"page","link":"https:\/\/insia-upm.es\/en\/timeline\/","title":{"rendered":"Timeline"},"content":{"rendered":"[et_pb_section fb_built=\u00bb1&#8243; fullwidth=\u00bbon\u00bb _builder_version=\u00bb3.22.3&#8243; custom_padding=\u00bb|||\u00bb][et_pb_fullwidth_header text_orientation=\u00bbcenter\u00bb module_class=\u00bbdct-header-title\u00bb _builder_version=\u00bb4.7.7&#8243; content_font=\u00bb||||||||\u00bb background_color=\u00bbrgba(0,0,0,0.71)\u00bb background_image=\u00bbhttps:\/\/insia-upm.es\/wp-content\/uploads\/2021\/10\/divi-finance-theme-14.jpg\u00bb background_blend=\u00bboverlay\u00bb hover_enabled=\u00bb0&#8243; button_one_text_size__hover_enabled=\u00bboff\u00bb button_two_text_size__hover_enabled=\u00bboff\u00bb button_one_text_color__hover_enabled=\u00bboff\u00bb button_two_text_color__hover_enabled=\u00bboff\u00bb button_one_border_width__hover_enabled=\u00bboff\u00bb button_two_border_width__hover_enabled=\u00bboff\u00bb button_one_border_color__hover_enabled=\u00bboff\u00bb button_two_border_color__hover_enabled=\u00bboff\u00bb button_one_border_radius__hover_enabled=\u00bboff\u00bb button_two_border_radius__hover_enabled=\u00bboff\u00bb button_one_letter_spacing__hover_enabled=\u00bboff\u00bb button_two_letter_spacing__hover_enabled=\u00bboff\u00bb button_one_bg_color__hover_enabled=\u00bboff\u00bb button_two_bg_color__hover_enabled=\u00bboff\u00bb title_text=\u00bbdivi-finance-theme-14&#8243; sticky_enabled=\u00bb0&#8243;]\n<h1>Company <span>History<\/span><\/p>\n<h1>[\/et_pb_fullwidth_header][\/et_pb_section][et_pb_section fb_built=\u00bb1&#8243; module_id=\u00bbtimeline_v1&#8243; _builder_version=\u00bb3.22.3&#8243;][et_pb_row _builder_version=\u00bb4.6.1&#8243;][et_pb_column type=\u00bb4_4&#8243; _builder_version=\u00bb3.25&#8243; custom_padding=\u00bb|||\u00bb custom_padding__hover=\u00bb|||\u00bb][et_pb_text _builder_version=\u00bb3.27.4&#8243; text_font=\u00bb||||||||\u00bb header_font=\u00bb||||||||\u00bb header_text_align=\u00bbcenter\u00bb text_orientation=\u00bbcenter\u00bb custom_margin=\u00bb|||\u00bb]\n<div class=\"section-title title-block title-style-1 text-left\"><span class=\"top-title\"><\/span><\/p>\n<h2 class=\"title\">Timeline V1<\/h2>\n<h6 class=\"sub-title\">As always, partners grows with you!<\/h6>\n<p><span class=\"bottom-title\"><\/span><\/p>\n<\/div>\n[\/et_pb_text][\/et_pb_column][\/et_pb_row][et_pb_row module_class=\u00bbdct-main-timeline\u00bb _builder_version=\u00bb4.6.1&#8243; background_size=\u00bbinitial\u00bb background_position=\u00bbtop_left\u00bb background_repeat=\u00bbrepeat\u00bb][et_pb_column type=\u00bb4_4&#8243; _builder_version=\u00bb3.25&#8243; custom_padding=\u00bb|||\u00bb custom_padding__hover=\u00bb|||\u00bb][et_pb_blurb title=\u00bb Establishment of the company \u00bb image=\u00bbhttps:\/\/insia-upm.es\/wp-content\/uploads\/2021\/10\/divi-testi-3.jpg\u00bb module_class=\u00bbdct-timeline\u00bb _builder_version=\u00bb4.6.1&#8243;]Lorem ipsum dolor sit amet, consectetur adipiscing elit. Vivamus tellus massa, laoreet convallis interdum at, molestie.[\/et_pb_blurb][et_pb_blurb title=\u00bb Acquisition of MPCS \u00bb image=\u00bbhttps:\/\/insia-upm.es\/wp-content\/uploads\/2021\/10\/divi-testi-2.jpg\u00bb module_class=\u00bbdct-timeline\u00bb _builder_version=\u00bb4.6.1&#8243;]Lorem ipsum dolor sit amet, consectetur adipiscing elit. Vivamus tellus massa, laoreet convallis interdum at, molestie.[\/et_pb_blurb][et_pb_blurb title=\u00bb Strength of the Relationship \u00bb image=\u00bbhttps:\/\/insia-upm.es\/wp-content\/uploads\/2021\/10\/divi-testi-1.jpg\u00bb module_class=\u00bbdct-timeline\u00bb _builder_version=\u00bb4.6.1&#8243;]Lorem ipsum dolor sit amet, consectetur adipiscing elit. Vivamus tellus massa, laoreet convallis interdum at, molestie.[\/et_pb_blurb][et_pb_blurb title=\u00bb Together we build \u00bb image=\u00bbhttps:\/\/insia-upm.es\/wp-content\/uploads\/2021\/10\/divi-testi-3.jpg\u00bb module_class=\u00bbdct-timeline\u00bb _builder_version=\u00bb4.6.1&#8243;]Lorem ipsum dolor sit amet, consectetur adipiscing elit. Vivamus tellus massa, laoreet convallis interdum at, molestie.[\/et_pb_blurb][\/et_pb_column][\/et_pb_row][\/et_pb_section][et_pb_section fb_built=\u00bb1&#8243; module_id=\u00bbtimeline_v2&#8243; _builder_version=\u00bb4.7.7&#8243; background_image=\u00bbhttps:\/\/insia-upm.es\/wp-content\/uploads\/2021\/10\/team-members-bg.jpg\u00bb][et_pb_row _builder_version=\u00bb4.6.1&#8243;][et_pb_column type=\u00bb4_4&#8243; _builder_version=\u00bb3.25&#8243; custom_padding=\u00bb|||\u00bb custom_padding__hover=\u00bb|||\u00bb][et_pb_text _builder_version=\u00bb3.27.4&#8243; text_font=\u00bb||||||||\u00bb header_font=\u00bb||||||||\u00bb header_text_align=\u00bbcenter\u00bb header_2_font=\u00bb||||||||\u00bb header_2_text_color=\u00bb#ffffff\u00bb header_6_font=\u00bb||||||||\u00bb header_6_text_color=\u00bb#ffffff\u00bb text_orientation=\u00bbcenter\u00bb custom_margin=\u00bb|||\u00bb]\n<div class=\"section-title title-block title-style-1 text-left\">\n<span class=\"top-title\"><\/span><\/p>\n<h2 class=\"title\">Timeline V2<\/h2>\n<h6 class=\"sub-title\">As always, partners grows with you!<\/h6>\n<p><span class=\"bottom-title\"><\/span>\n<\/div>\n[\/et_pb_text][\/et_pb_column][\/et_pb_row][et_pb_row module_class=\u00bbdct-main-timeline dark\u00bb _builder_version=\u00bb3.25&#8243; background_size=\u00bbinitial\u00bb background_position=\u00bbtop_left\u00bb background_repeat=\u00bbrepeat\u00bb global_module=\u00bb90&#8243; saved_tabs=\u00bball\u00bb][et_pb_column type=\u00bb4_4&#8243; _builder_version=\u00bb3.25&#8243; custom_padding=\u00bb|||\u00bb custom_padding__hover=\u00bb|||\u00bb][et_pb_blurb title=\u00bbYour Title Goes Here\u00bb image=\u00bbhttps:\/\/insia-upm.es\/wp-content\/uploads\/2021\/10\/divi-testi-3.jpg\u00bb module_class=\u00bbdct-timeline\u00bb _builder_version=\u00bb4.6.1&#8243;]Lorem ipsum dolor sit amet, consectetur adipiscing elit. Vivamus tellus massa, laoreet convallis interdum at, molestie.[\/et_pb_blurb][et_pb_blurb title=\u00bbYour Title Goes Here\u00bb image=\u00bbhttps:\/\/insia-upm.es\/wp-content\/uploads\/2021\/10\/divi-testi-2.jpg\u00bb module_class=\u00bbdct-timeline\u00bb _builder_version=\u00bb4.6.1&#8243;]Lorem ipsum dolor sit amet, consectetur adipiscing elit. Vivamus tellus massa, laoreet convallis interdum at, molestie.[\/et_pb_blurb][et_pb_blurb title=\u00bbYour Title Goes Here\u00bb image=\u00bbhttps:\/\/insia-upm.es\/wp-content\/uploads\/2021\/10\/divi-testi-1.jpg\u00bb module_class=\u00bbdct-timeline\u00bb _builder_version=\u00bb4.6.1&#8243;]Lorem ipsum dolor sit amet, consectetur adipiscing elit. Vivamus tellus massa, laoreet convallis interdum at, molestie.[\/et_pb_blurb][et_pb_blurb title=\u00bbYour Title Goes Here\u00bb image=\u00bbhttps:\/\/insia-upm.es\/wp-content\/uploads\/2021\/10\/divi-testi-3.jpg\u00bb module_class=\u00bbdct-timeline\u00bb _builder_version=\u00bb4.6.1&#8243;]Lorem ipsum dolor sit amet, consectetur adipiscing elit. Vivamus tellus massa, laoreet convallis interdum at, molestie.[\/et_pb_blurb][\/et_pb_column][\/et_pb_row][\/et_pb_section][et_pb_section fb_built=\u00bb1&#8243; module_id=\u00bbtimeline_v3&#8243; _builder_version=\u00bb3.22.3&#8243;][et_pb_row _builder_version=\u00bb4.6.1&#8243;][et_pb_column type=\u00bb4_4&#8243; _builder_version=\u00bb3.25&#8243; custom_padding=\u00bb|||\u00bb custom_padding__hover=\u00bb|||\u00bb][et_pb_text _builder_version=\u00bb3.27.4&#8243; text_font=\u00bb||||||||\u00bb header_font=\u00bb||||||||\u00bb header_text_align=\u00bbcenter\u00bb text_orientation=\u00bbcenter\u00bb custom_margin=\u00bb|||\u00bb]\n<div class=\"section-title title-block title-style-1 text-left\">\n<span class=\"top-title\"><\/span><\/p>\n<h2 class=\"title\">Timeline V3<\/h2>\n<h6 class=\"sub-title\">As always, partners grows with you!<\/h6>\n<p><span class=\"bottom-title\"><\/span>\n<\/div>\n[\/et_pb_text][\/et_pb_column][\/et_pb_row][et_pb_row module_class=\u00bbdct-main-timeline color\u00bb _builder_version=\u00bb3.25&#8243; background_size=\u00bbinitial\u00bb background_position=\u00bbtop_left\u00bb background_repeat=\u00bbrepeat\u00bb custom_padding=\u00bb49px|||||\u00bb][et_pb_column type=\u00bb4_4&#8243; _builder_version=\u00bb3.25&#8243; custom_padding=\u00bb|||\u00bb custom_padding__hover=\u00bb|||\u00bb][et_pb_blurb title=\u00bbYour Title Goes Here\u00bb image=\u00bbhttps:\/\/insia-upm.es\/wp-content\/uploads\/2021\/10\/divi-testi-3.jpg\u00bb module_class=\u00bbdct-timeline\u00bb _builder_version=\u00bb4.6.1&#8243;]Lorem ipsum dolor sit amet, consectetur adipiscing elit. Vivamus tellus massa, laoreet convallis interdum at, molestie.[\/et_pb_blurb][et_pb_blurb title=\u00bbYour Title Goes Here\u00bb image=\u00bbhttps:\/\/insia-upm.es\/wp-content\/uploads\/2021\/10\/divi-testi-2.jpg\u00bb module_class=\u00bbdct-timeline\u00bb _builder_version=\u00bb4.6.1&#8243;]Lorem ipsum dolor sit amet, consectetur adipiscing elit. Vivamus tellus massa, laoreet convallis interdum at, molestie.[\/et_pb_blurb][et_pb_blurb title=\u00bbYour Title Goes Here\u00bb image=\u00bbhttps:\/\/insia-upm.es\/wp-content\/uploads\/2021\/10\/divi-testi-1.jpg\u00bb module_class=\u00bbdct-timeline\u00bb _builder_version=\u00bb4.6.1&#8243;]Lorem ipsum dolor sit amet, consectetur adipiscing elit. Vivamus tellus massa, laoreet convallis interdum at, molestie.[\/et_pb_blurb][et_pb_blurb title=\u00bbYour Title Goes Here\u00bb image=\u00bbhttps:\/\/insia-upm.es\/wp-content\/uploads\/2021\/10\/divi-testi-3.jpg\u00bb module_class=\u00bbdct-timeline\u00bb _builder_version=\u00bb4.6.1&#8243;]Lorem ipsum dolor sit amet, consectetur adipiscing elit. Vivamus tellus massa, laoreet convallis interdum at, molestie.[\/et_pb_blurb][\/et_pb_column][\/et_pb_row][\/et_pb_section]\n","protected":false},"excerpt":{"rendered":"<p>Company History Timeline V1 As always, partners grows with you! Lorem ipsum dolor sit amet, consectetur adipiscing elit. Vivamus tellus massa, laoreet convallis interdum at, molestie.Lorem ipsum dolor sit amet, consectetur adipiscing elit. Vivamus tellus massa, laoreet convallis interdum at, molestie.Lorem ipsum dolor sit amet, consectetur adipiscing elit. Vivamus tellus massa, laoreet convallis interdum at, [&hellip;]<\/p>\n","protected":false},"author":1,"featured_media":0,"parent":0,"menu_order":0,"comment_status":"closed","ping_status":"closed","template":"","meta":{"_et_pb_use_builder":"on","_et_pb_old_content":"","_et_gb_content_width":"","_monsterinsights_skip_tracking":false,"_monsterinsights_sitenote_active":false,"_monsterinsights_sitenote_note":"","_monsterinsights_sitenote_category":0,"footnotes":""},"class_list":["post-214","page","type-page","status-publish","hentry"],"yoast_head":"<!-- This site is optimized with the Yoast SEO plugin v27.4 - https:\/\/yoast.com\/product\/yoast-seo-wordpress\/ -->\n<title>Timeline - Instituto Universitario de Investigaci\u00f3n del Autom\u00f3vil Francisco Aparicio Izquierdo<\/title>\n<meta name=\"robots\" content=\"index, follow, max-snippet:-1, max-image-preview:large, max-video-preview:-1\" \/>\n<link rel=\"canonical\" href=\"https:\/\/insia-upm.es\/en\/timeline\/\" \/>\n<meta property=\"og:locale\" content=\"en_GB\" \/>\n<meta property=\"og:type\" content=\"article\" \/>\n<meta property=\"og:title\" content=\"Timeline - Instituto Universitario de Investigaci\u00f3n del Autom\u00f3vil Francisco Aparicio Izquierdo\" \/>\n<meta property=\"og:description\" content=\"Company History Timeline V1 As always, partners grows with you! Lorem ipsum dolor sit amet, consectetur adipiscing elit. Vivamus tellus massa, laoreet convallis interdum at, molestie.Lorem ipsum dolor sit amet, consectetur adipiscing elit. Vivamus tellus massa, laoreet convallis interdum at, molestie.Lorem ipsum dolor sit amet, consectetur adipiscing elit. Vivamus tellus massa, laoreet convallis interdum at, [&hellip;]\" \/>\n<meta property=\"og:url\" content=\"https:\/\/insia-upm.es\/en\/timeline\/\" \/>\n<meta property=\"og:site_name\" content=\"Instituto Universitario de Investigaci\u00f3n del Autom\u00f3vil Francisco Aparicio Izquierdo\" \/>\n<meta property=\"article:modified_time\" content=\"2021-10-07T17:43:40+00:00\" \/>\n<meta name=\"twitter:card\" content=\"summary_large_image\" \/>\n<meta name=\"twitter:site\" content=\"@INSIAUPM\" \/>\n<meta name=\"twitter:label1\" content=\"Estimated reading time\" \/>\n\t<meta name=\"twitter:data1\" content=\"5 minutes\" \/>\n<script type=\"application\/ld+json\" class=\"yoast-schema-graph\">{\"@context\":\"https:\\\/\\\/schema.org\",\"@graph\":[{\"@type\":\"WebPage\",\"@id\":\"https:\\\/\\\/insia-upm.es\\\/timeline\\\/\",\"url\":\"https:\\\/\\\/insia-upm.es\\\/timeline\\\/\",\"name\":\"Timeline - Instituto Universitario de Investigaci\u00f3n del Autom\u00f3vil Francisco Aparicio Izquierdo\",\"isPartOf\":{\"@id\":\"https:\\\/\\\/insia-upm.es\\\/#website\"},\"datePublished\":\"2018-07-28T05:44:33+00:00\",\"dateModified\":\"2021-10-07T17:43:40+00:00\",\"breadcrumb\":{\"@id\":\"https:\\\/\\\/insia-upm.es\\\/timeline\\\/#breadcrumb\"},\"inLanguage\":\"en-GB\",\"potentialAction\":[{\"@type\":\"ReadAction\",\"target\":[\"https:\\\/\\\/insia-upm.es\\\/timeline\\\/\"]}]},{\"@type\":\"BreadcrumbList\",\"@id\":\"https:\\\/\\\/insia-upm.es\\\/timeline\\\/#breadcrumb\",\"itemListElement\":[{\"@type\":\"ListItem\",\"position\":1,\"name\":\"Portada\",\"item\":\"https:\\\/\\\/insia-upm.es\\\/\"},{\"@type\":\"ListItem\",\"position\":2,\"name\":\"Timeline\"}]},{\"@type\":\"WebSite\",\"@id\":\"https:\\\/\\\/insia-upm.es\\\/#website\",\"url\":\"https:\\\/\\\/insia-upm.es\\\/\",\"name\":\"Instituto Universitario de Investigaci\u00f3n del Autom\u00f3vil Francisco Aparicio Izquierdo\",\"description\":\"Instituto de Investigaci\u00f3n del Autom\u00f3vil Francisco Aparicio Izquierdo\",\"publisher\":{\"@id\":\"https:\\\/\\\/insia-upm.es\\\/#organization\"},\"potentialAction\":[{\"@type\":\"SearchAction\",\"target\":{\"@type\":\"EntryPoint\",\"urlTemplate\":\"https:\\\/\\\/insia-upm.es\\\/?s={search_term_string}\"},\"query-input\":{\"@type\":\"PropertyValueSpecification\",\"valueRequired\":true,\"valueName\":\"search_term_string\"}}],\"inLanguage\":\"en-GB\"},{\"@type\":\"Organization\",\"@id\":\"https:\\\/\\\/insia-upm.es\\\/#organization\",\"name\":\"UPM-INSIA\",\"url\":\"https:\\\/\\\/insia-upm.es\\\/\",\"logo\":{\"@type\":\"ImageObject\",\"inLanguage\":\"en-GB\",\"@id\":\"https:\\\/\\\/insia-upm.es\\\/#\\\/schema\\\/logo\\\/image\\\/\",\"url\":\"https:\\\/\\\/insia-upm.es\\\/wp-content\\\/uploads\\\/2021\\\/12\\\/logo-insia-low-e1412177316550.png\",\"contentUrl\":\"https:\\\/\\\/insia-upm.es\\\/wp-content\\\/uploads\\\/2021\\\/12\\\/logo-insia-low-e1412177316550.png\",\"width\":50,\"height\":71,\"caption\":\"UPM-INSIA\"},\"image\":{\"@id\":\"https:\\\/\\\/insia-upm.es\\\/#\\\/schema\\\/logo\\\/image\\\/\"},\"sameAs\":[\"https:\\\/\\\/x.com\\\/INSIAUPM\",\"https:\\\/\\\/www.instagram.com\\\/insia.upm\\\/\",\"https:\\\/\\\/www.linkedin.com\\\/in\\\/insia-instituto-universitario-investigaci\u00f3n-9088635a\\\/\",\"https:\\\/\\\/www.youtube.com\\\/user\\\/gestionidi\"]}]}<\/script>\n<!-- \/ Yoast SEO plugin. -->","yoast_head_json":{"title":"Timeline - Instituto Universitario de Investigaci\u00f3n del Autom\u00f3vil Francisco Aparicio Izquierdo","robots":{"index":"index","follow":"follow","max-snippet":"max-snippet:-1","max-image-preview":"max-image-preview:large","max-video-preview":"max-video-preview:-1"},"canonical":"https:\/\/insia-upm.es\/en\/timeline\/","og_locale":"en_GB","og_type":"article","og_title":"Timeline - Instituto Universitario de Investigaci\u00f3n del Autom\u00f3vil Francisco Aparicio Izquierdo","og_description":"Company History Timeline V1 As always, partners grows with you! Lorem ipsum dolor sit amet, consectetur adipiscing elit. Vivamus tellus massa, laoreet convallis interdum at, molestie.Lorem ipsum dolor sit amet, consectetur adipiscing elit. Vivamus tellus massa, laoreet convallis interdum at, molestie.Lorem ipsum dolor sit amet, consectetur adipiscing elit. Vivamus tellus massa, laoreet convallis interdum at, [&hellip;]","og_url":"https:\/\/insia-upm.es\/en\/timeline\/","og_site_name":"Instituto Universitario de Investigaci\u00f3n del Autom\u00f3vil Francisco Aparicio Izquierdo","article_modified_time":"2021-10-07T17:43:40+00:00","twitter_card":"summary_large_image","twitter_site":"@INSIAUPM","twitter_misc":{"Estimated reading time":"5 minutes"},"schema":{"@context":"https:\/\/schema.org","@graph":[{"@type":"WebPage","@id":"https:\/\/insia-upm.es\/timeline\/","url":"https:\/\/insia-upm.es\/timeline\/","name":"Timeline - Instituto Universitario de Investigaci\u00f3n del Autom\u00f3vil Francisco Aparicio Izquierdo","isPartOf":{"@id":"https:\/\/insia-upm.es\/#website"},"datePublished":"2018-07-28T05:44:33+00:00","dateModified":"2021-10-07T17:43:40+00:00","breadcrumb":{"@id":"https:\/\/insia-upm.es\/timeline\/#breadcrumb"},"inLanguage":"en-GB","potentialAction":[{"@type":"ReadAction","target":["https:\/\/insia-upm.es\/timeline\/"]}]},{"@type":"BreadcrumbList","@id":"https:\/\/insia-upm.es\/timeline\/#breadcrumb","itemListElement":[{"@type":"ListItem","position":1,"name":"Portada","item":"https:\/\/insia-upm.es\/"},{"@type":"ListItem","position":2,"name":"Timeline"}]},{"@type":"WebSite","@id":"https:\/\/insia-upm.es\/#website","url":"https:\/\/insia-upm.es\/","name":"Instituto Universitario de Investigaci\u00f3n del Autom\u00f3vil Francisco Aparicio Izquierdo","description":"Instituto de Investigaci\u00f3n del Autom\u00f3vil Francisco Aparicio Izquierdo","publisher":{"@id":"https:\/\/insia-upm.es\/#organization"},"potentialAction":[{"@type":"SearchAction","target":{"@type":"EntryPoint","urlTemplate":"https:\/\/insia-upm.es\/?s={search_term_string}"},"query-input":{"@type":"PropertyValueSpecification","valueRequired":true,"valueName":"search_term_string"}}],"inLanguage":"en-GB"},{"@type":"Organization","@id":"https:\/\/insia-upm.es\/#organization","name":"UPM-INSIA","url":"https:\/\/insia-upm.es\/","logo":{"@type":"ImageObject","inLanguage":"en-GB","@id":"https:\/\/insia-upm.es\/#\/schema\/logo\/image\/","url":"https:\/\/insia-upm.es\/wp-content\/uploads\/2021\/12\/logo-insia-low-e1412177316550.png","contentUrl":"https:\/\/insia-upm.es\/wp-content\/uploads\/2021\/12\/logo-insia-low-e1412177316550.png","width":50,"height":71,"caption":"UPM-INSIA"},"image":{"@id":"https:\/\/insia-upm.es\/#\/schema\/logo\/image\/"},"sameAs":["https:\/\/x.com\/INSIAUPM","https:\/\/www.instagram.com\/insia.upm\/","https:\/\/www.linkedin.com\/in\/insia-instituto-universitario-investigaci\u00f3n-9088635a\/","https:\/\/www.youtube.com\/user\/gestionidi"]}]}},"_links":{"self":[{"href":"https:\/\/insia-upm.es\/en\/wp-json\/wp\/v2\/pages\/214","targetHints":{"allow":["GET"]}}],"collection":[{"href":"https:\/\/insia-upm.es\/en\/wp-json\/wp\/v2\/pages"}],"about":[{"href":"https:\/\/insia-upm.es\/en\/wp-json\/wp\/v2\/types\/page"}],"author":[{"embeddable":true,"href":"https:\/\/insia-upm.es\/en\/wp-json\/wp\/v2\/users\/1"}],"replies":[{"embeddable":true,"href":"https:\/\/insia-upm.es\/en\/wp-json\/wp\/v2\/comments?post=214"}],"version-history":[{"count":1,"href":"https:\/\/insia-upm.es\/en\/wp-json\/wp\/v2\/pages\/214\/revisions"}],"predecessor-version":[{"id":352,"href":"https:\/\/insia-upm.es\/en\/wp-json\/wp\/v2\/pages\/214\/revisions\/352"}],"wp:attachment":[{"href":"https:\/\/insia-upm.es\/en\/wp-json\/wp\/v2\/media?parent=214"}],"curies":[{"name":"wp","href":"https:\/\/api.w.org\/{rel}","templated":true}]}}