{"id":192,"date":"2018-08-22T05:13:58","date_gmt":"2018-08-22T05:13:58","guid":{"rendered":"https:\/\/divifinance.divifixer.com\/?page_id=32502"},"modified":"2022-01-03T15:27:30","modified_gmt":"2022-01-03T15:27:30","slug":"servicios-tecnologicos","status":"publish","type":"page","link":"https:\/\/insia-upm.es\/en\/servicios-tecnologicos\/","title":{"rendered":"TECHNOLOGY SERVICES"},"content":{"rendered":"[et_pb_section fb_built=\u00bb1&#8243; fullwidth=\u00bbon\u00bb _builder_version=\u00bb3.22.3&#8243; custom_padding=\u00bb|||\u00bb global_colors_info=\u00bb{}\u00bb][et_pb_fullwidth_header module_class=\u00bbdct-header-title\u00bb _builder_version=\u00bb4.11.1&#8243; content_font=\u00bb||||||||\u00bb content_text_align=\u00bbcenter\u00bb background_color=\u00bbrgba(0,0,0,0.71)\u00bb background_image=\u00bbhttps:\/\/insia-upm.es\/wp-content\/uploads\/2021\/12\/Insia_exteriores_instalaciones_2_1280x768-Opti.jpg\u00bb background_blend=\u00bboverlay\u00bb global_colors_info=\u00bb{}\u00bb button_one_text_size__hover_enabled=\u00bboff\u00bb button_two_text_size__hover_enabled=\u00bboff\u00bb button_one_text_color__hover_enabled=\u00bboff\u00bb button_two_text_color__hover_enabled=\u00bboff\u00bb button_one_border_width__hover_enabled=\u00bboff\u00bb button_two_border_width__hover_enabled=\u00bboff\u00bb button_one_border_color__hover_enabled=\u00bboff\u00bb button_two_border_color__hover_enabled=\u00bboff\u00bb button_one_border_radius__hover_enabled=\u00bboff\u00bb button_two_border_radius__hover_enabled=\u00bboff\u00bb button_one_letter_spacing__hover_enabled=\u00bboff\u00bb button_two_letter_spacing__hover_enabled=\u00bboff\u00bb button_one_bg_color__hover_enabled=\u00bboff\u00bb button_two_bg_color__hover_enabled=\u00bboff\u00bb]\n<h1>SERVICIOS TECNOL\u00d3GIC<span>OS<\/span><\/h1>\n<h1><\/h1>\n[\/et_pb_fullwidth_header][\/et_pb_section][et_pb_section fb_built=\u00bb1&#8243; _builder_version=\u00bb3.25.2&#8243; global_colors_info=\u00bb{}\u00bb][et_pb_row _builder_version=\u00bb3.25&#8243; custom_padding=\u00bb19px|0px|31px|0px|false|false\u00bb global_colors_info=\u00bb{}\u00bb][et_pb_column type=\u00bb4_4&#8243; _builder_version=\u00bb3.25&#8243; custom_padding=\u00bb|||\u00bb global_colors_info=\u00bb{}\u00bb custom_padding__hover=\u00bb|||\u00bb][et_pb_text _builder_version=\u00bb3.27.4&#8243; text_font=\u00bb||||||||\u00bb header_font=\u00bb||||||||\u00bb header_text_align=\u00bbcenter\u00bb text_orientation=\u00bbcenter\u00bb custom_margin=\u00bb|||\u00bb global_colors_info=\u00bb{}\u00bb]\n<div class=\"section-title title-block title-style-1 text-left\">\n<p><span class=\"top-title\">\u00a0<\/span><\/p>\n<h2 class=\"title\">Servicios Tecnol\u00f3gicos<\/h2>\n<p><span class=\"bottom-title\"><\/span><\/p>\n<\/div>\n[\/et_pb_text][\/et_pb_column][\/et_pb_row][et_pb_row column_structure=\u00bb1_2,1_2&#8243; _builder_version=\u00bb3.25&#8243; custom_padding=\u00bb27px|0px|6px|0px|false|false\u00bb global_colors_info=\u00bb{}\u00bb][et_pb_column type=\u00bb1_2&#8243; _builder_version=\u00bb3.25&#8243; custom_padding=\u00bb|||\u00bb global_colors_info=\u00bb{}\u00bb custom_padding__hover=\u00bb|||\u00bb][et_pb_text _builder_version=\u00bb4.11.1&#8243; text_font=\u00bb||||||||\u00bb text_text_color=\u00bb#333333&#8243; global_colors_info=\u00bb{}\u00bb]\n<p style=\"text-align: justify;\"><span style=\"color: #000000;\">El INSIA ofrece\u00a0<strong>apoyo tecnol\u00f3gico a las empresas y administraciones p\u00fablicas<\/strong>, prestando servicios tecnol\u00f3gicos que se materializan en\u00a0<strong>trabajos de I+D+i, asesoramiento, ensayos y certificaciones<\/strong>. El Instituto est\u00e1 autorizado como\u00a0<strong>Laboratorio Oficial<\/strong>\u00a0para la homologaci\u00f3n en diversos Regla\u00admentos y Directivas (autobuses y autocares, estabilidad, neum\u00e1ticos, asientos, sistemas de retenci\u00f3n, ascensores, bicicletas\u2026) y Reformas de Importancia. Dispone de laboratorios acreditados por ENAC, que est\u00e1n capacitados para realizar un amplio abanico de ensayos tanto de I+D, como de homologaci\u00f3n, relacionados con los veh\u00edculos autom\u00f3viles.<\/span><br \/><span style=\"color: #000000;\">Cabe destacar, que el centro dispone de\u00a0<strong>personal t\u00e9cnico e investigador de la m\u00e1s alta cualificaci\u00f3n<\/strong>, con m\u00e1s de 25 a\u00f1os de experiencia en el desarrollo de proyectos de I+D+i y trabajos relacionados con el mundo de la automoci\u00f3n y con su impacto medioambiental. El Instituto dispone de<strong>\u00a0instalaciones y laboratorios<\/strong>, destacando, la pista de ensayos, el simulador de impacto y el nuevo banco de ensayos para el desarrollo de tecnolog\u00edas basadas en la hibridaci\u00f3n de los sistemas de propulsi\u00f3n de veh\u00edculos.<\/span><\/p>\n[\/et_pb_text][\/et_pb_column][et_pb_column type=\u00bb1_2&#8243; _builder_version=\u00bb3.25&#8243; custom_padding=\u00bb|||\u00bb global_colors_info=\u00bb{}\u00bb custom_padding__hover=\u00bb|||\u00bb][et_pb_image src=\u00bbhttps:\/\/insia-upm.es\/wp-content\/uploads\/2021\/10\/Insia_exteriores_instalaciones_2_1280x768.jpg\u00bb title_text=\u00bbInsia_exteriores_instalaciones_2_1280x768&#8243; align_tablet=\u00bbcenter\u00bb align_phone=\u00bb\u00bb align_last_edited=\u00bbon|desktop\u00bb _builder_version=\u00bb4.11.1&#8243; global_colors_info=\u00bb{}\u00bb][\/et_pb_image][\/et_pb_column][\/et_pb_row][et_pb_row _builder_version=\u00bb3.25&#8243; custom_padding=\u00bb25px|0px|23px|0px|false|false\u00bb global_colors_info=\u00bb{}\u00bb][et_pb_column type=\u00bb4_4&#8243; _builder_version=\u00bb3.25&#8243; custom_padding=\u00bb|||\u00bb global_colors_info=\u00bb{}\u00bb custom_padding__hover=\u00bb|||\u00bb][et_pb_text _builder_version=\u00bb3.27.4&#8243; text_font=\u00bb||||||||\u00bb header_font=\u00bb||||||||\u00bb header_text_align=\u00bbcenter\u00bb text_orientation=\u00bbcenter\u00bb custom_margin=\u00bb|||\u00bb global_colors_info=\u00bb{}\u00bb]\n<div class=\"section-title title-block title-style-1 text-left\">\n<p><span class=\"top-title\">\u00a0<\/span><\/p>\n<h2 class=\"title\">Por qu\u00e9 nosotros: Nuestra Experiencia<\/h2>\n<p><span class=\"bottom-title\"><\/span><\/p>\n<\/div>\n[\/et_pb_text][\/et_pb_column][\/et_pb_row][et_pb_row _builder_version=\u00bb3.25&#8243; custom_padding=\u00bb5px|0px|27px|0px|false|false\u00bb global_colors_info=\u00bb{}\u00bb][et_pb_column type=\u00bb4_4&#8243; _builder_version=\u00bb3.25&#8243; custom_padding=\u00bb|||\u00bb global_colors_info=\u00bb{}\u00bb custom_padding__hover=\u00bb|||\u00bb][et_pb_text _builder_version=\u00bb4.11.1&#8243; text_font=\u00bb||||||||\u00bb text_text_color=\u00bb#000000&#8243; header_font=\u00bbRaleway|600|||||||\u00bb text_orientation=\u00bbjustify\u00bb text_text_align=\u00bbjustify\u00bb global_colors_info=\u00bb{}\u00bb]\n<p style=\"text-align: justify;\">\u21d2\u00a0M\u00e1s de 25 a\u00f1os de experiencia proporcionando servicios a m\u00e1s de 1.000 empresas del sector de automoci\u00f3n y otros sectores tecnol\u00f3gicamente afines.<\/p>\n<p style=\"text-align: justify;\">\u21d2\u00a0Representamos a Espa\u00f1a en la elaboraci\u00f3n de los Reglamentos y Directivas europeos desde hace m\u00e1s de 25 a\u00f1os.<\/p>\n<p style=\"text-align: justify;\">\u21d2 La experiencia y conocimiento que proporciona el trabajo realizado en los m\u00e1s de 500 proyectos de investigaci\u00f3n llevados a cabo desde su creaci\u00f3n.<\/p>\n[\/et_pb_text][\/et_pb_column][\/et_pb_row][et_pb_row column_structure=\u00bb1_2,1_2&#8243; _builder_version=\u00bb3.25&#8243; global_colors_info=\u00bb{}\u00bb][et_pb_column type=\u00bb1_2&#8243; _builder_version=\u00bb3.25&#8243; custom_padding=\u00bb|||\u00bb global_colors_info=\u00bb{}\u00bb custom_padding__hover=\u00bb|||\u00bb][et_pb_image src=\u00bbhttps:\/\/insia-upm.es\/wp-content\/uploads\/2021\/12\/Insia_WEB_09_insia-calculo-estru_1280x768-Opti.webp\u00bb title_text=\u00bbInsia_WEB_09_insia-calculo-estru_1280x768-Opti\u00bb url=\u00bbhttps:\/\/insia-upm.es\/i-d-i-aplicada\/\u00bb align_tablet=\u00bbcenter\u00bb align_phone=\u00bb\u00bb align_last_edited=\u00bbon|desktop\u00bb _builder_version=\u00bb4.11.1&#8243; global_colors_info=\u00bb{}\u00bb][\/et_pb_image][et_pb_text _builder_version=\u00bb4.11.1&#8243; text_font=\u00bbRaleway||||||||\u00bb text_font_size=\u00bb12px\u00bb header_font=\u00bb||||||||\u00bb header_font_size=\u00bb20px\u00bb header_2_font=\u00bb||||||||\u00bb header_2_font_size=\u00bb19px\u00bb custom_padding=\u00bb||0px|||\u00bb link_option_url=\u00bbhttps:\/\/insia-upm.es\/i-d-i-aplicada\/\u00bb global_colors_info=\u00bb{}\u00bb]\n<h2><a href=\"https:\/\/insia-upm.es\/i-d-i-aplicada\/\"><span>I + D + I Aplicada<\/span><\/a><\/h2>\n[\/et_pb_text][\/et_pb_column][et_pb_column type=\u00bb1_2&#8243; _builder_version=\u00bb3.25&#8243; custom_padding=\u00bb|||\u00bb global_colors_info=\u00bb{}\u00bb custom_padding__hover=\u00bb|||\u00bb][et_pb_image src=\u00bbhttps:\/\/insia-upm.es\/wp-content\/uploads\/2021\/12\/Caracterizacion-composite-camara-correlacion_1280x768.webp\u00bb title_text=\u00bbCaracterizacion-composite-camara-correlacion_1280x768&#8243; url=\u00bbhttps:\/\/insia-upm.es\/certificacion\/\u00bb align_tablet=\u00bbcenter\u00bb align_phone=\u00bb\u00bb align_last_edited=\u00bbon|desktop\u00bb _builder_version=\u00bb4.11.1&#8243; global_colors_info=\u00bb{}\u00bb][\/et_pb_image][et_pb_text _builder_version=\u00bb4.11.1&#8243; text_font=\u00bbRaleway||||||||\u00bb text_font_size=\u00bb12px\u00bb header_font=\u00bb||||||||\u00bb header_font_size=\u00bb20px\u00bb header_2_font=\u00bb||||||||\u00bb header_2_font_size=\u00bb19px\u00bb custom_padding=\u00bb||0px|||\u00bb link_option_url=\u00bbhttps:\/\/insia-upm.es\/certificacion\/\u00bb global_colors_info=\u00bb{}\u00bb]\n<h2><span>Certificaciones<\/span><\/h2>\n<p>&nbsp;<\/p>\n[\/et_pb_text][\/et_pb_column][\/et_pb_row][et_pb_row column_structure=\u00bb1_2,1_2&#8243; _builder_version=\u00bb3.25&#8243; global_colors_info=\u00bb{}\u00bb][et_pb_column type=\u00bb1_2&#8243; _builder_version=\u00bb3.25&#8243; custom_padding=\u00bb|||\u00bb global_colors_info=\u00bb{}\u00bb custom_padding__hover=\u00bb|||\u00bb][et_pb_image src=\u00bbhttps:\/\/insia-upm.es\/wp-content\/uploads\/2021\/12\/INSIA-ST-1280-x-768-Opti.webp\u00bb title_text=\u00bbINSIA-ST-1280-x-768-Opti\u00bb url=\u00bbhttps:\/\/insia-upm.es\/ensayos-y-homologaciones\/\u00bb align_tablet=\u00bbcenter\u00bb align_phone=\u00bb\u00bb align_last_edited=\u00bbon|desktop\u00bb _builder_version=\u00bb4.11.1&#8243; global_colors_info=\u00bb{}\u00bb][\/et_pb_image][et_pb_text _builder_version=\u00bb4.11.1&#8243; text_font=\u00bbRaleway||||||||\u00bb text_font_size=\u00bb12px\u00bb header_font=\u00bb||||||||\u00bb header_font_size=\u00bb20px\u00bb header_2_font=\u00bb||||||||\u00bb header_2_font_size=\u00bb19px\u00bb link_option_url=\u00bbhttps:\/\/insia-upm.es\/ensayos-y-homologaciones\/\u00bb global_colors_info=\u00bb{}\u00bb]\n<h2><span>Ensayos<\/span><\/h2>\n[\/et_pb_text][\/et_pb_column][et_pb_column type=\u00bb1_2&#8243; _builder_version=\u00bb3.25&#8243; custom_padding=\u00bb|||\u00bb global_colors_info=\u00bb{}\u00bb custom_padding__hover=\u00bb|||\u00bb][et_pb_image src=\u00bbhttps:\/\/insia-upm.es\/wp-content\/uploads\/2021\/10\/Insia_servicios_tecnologicos_27_1280x768.jpg\u00bb title_text=\u00bbInsia_servicios_tecnologicos_27_1280x768&#8243; url=\u00bbhttps:\/\/insia-upm.es\/ensayos-y-homologaciones\/\u00bb align_tablet=\u00bbcenter\u00bb align_phone=\u00bb\u00bb align_last_edited=\u00bbon|desktop\u00bb _builder_version=\u00bb4.11.1&#8243; global_colors_info=\u00bb{}\u00bb][\/et_pb_image][et_pb_text _builder_version=\u00bb4.11.1&#8243; text_font=\u00bbRaleway||||||||\u00bb text_font_size=\u00bb12px\u00bb header_font=\u00bb||||||||\u00bb header_font_size=\u00bb20px\u00bb header_2_font=\u00bb||||||||\u00bb header_2_font_size=\u00bb19px\u00bb link_option_url=\u00bbhttps:\/\/insia-upm.es\/ensayos-y-homologaciones\/\u00bb global_colors_info=\u00bb{}\u00bb]\n<h2><span>Homologaciones\u00a0<\/span><\/h2>\n[\/et_pb_text][\/et_pb_column][\/et_pb_row][et_pb_row column_structure=\u00bb1_2,1_2&#8243; _builder_version=\u00bb3.25&#8243; global_colors_info=\u00bb{}\u00bb][et_pb_column type=\u00bb1_2&#8243; _builder_version=\u00bb3.25&#8243; custom_padding=\u00bb|||\u00bb global_colors_info=\u00bb{}\u00bb custom_padding__hover=\u00bb|||\u00bb][et_pb_image src=\u00bbhttps:\/\/insia-upm.es\/wp-content\/uploads\/2021\/12\/Instrumentacion2-1280&#215;768-Opti.webp\u00bb title_text=\u00bbInstrumentacion2-1280&#215;768-Opti\u00bb url=\u00bbhttps:\/\/insia-upm.es\/reformas-de-importancia\/\u00bb align_tablet=\u00bbcenter\u00bb align_phone=\u00bb\u00bb align_last_edited=\u00bbon|desktop\u00bb _builder_version=\u00bb4.11.1&#8243; global_colors_info=\u00bb{}\u00bb][\/et_pb_image][et_pb_text _builder_version=\u00bb4.11.1&#8243; text_font=\u00bbRaleway||||||||\u00bb text_font_size=\u00bb12px\u00bb header_font=\u00bb||||||||\u00bb header_font_size=\u00bb20px\u00bb header_2_font=\u00bb||||||||\u00bb header_2_font_size=\u00bb19px\u00bb link_option_url=\u00bbhttps:\/\/insia-upm.es\/reformas-de-importancia\/\u00bb global_colors_info=\u00bb{}\u00bb]\n<h2><span>Reformas de Importancia<\/span><\/h2>\n[\/et_pb_text][\/et_pb_column][et_pb_column type=\u00bb1_2&#8243; _builder_version=\u00bb3.25&#8243; custom_padding=\u00bb|||\u00bb global_colors_info=\u00bb{}\u00bb custom_padding__hover=\u00bb|||\u00bb][et_pb_image src=\u00bbhttps:\/\/insia-upm.es\/wp-content\/uploads\/2021\/10\/Insia_servicios_tecnologicos_06_1280x768.jpg\u00bb title_text=\u00bbInsia_servicios_tecnologicos_06_1280x768&#8243; url=\u00bbhttps:\/\/insia-upm.es\/calibraciones-e-instrumentacion\/\u00bb align_tablet=\u00bbcenter\u00bb align_phone=\u00bb\u00bb align_last_edited=\u00bbon|desktop\u00bb _builder_version=\u00bb4.11.1&#8243; global_colors_info=\u00bb{}\u00bb][\/et_pb_image][et_pb_text _builder_version=\u00bb4.11.1&#8243; text_font=\u00bbRaleway||||||||\u00bb text_font_size=\u00bb12px\u00bb header_font=\u00bb||||||||\u00bb header_font_size=\u00bb20px\u00bb header_2_font=\u00bb||||||||\u00bb header_2_font_size=\u00bb19px\u00bb link_option_url=\u00bbhttps:\/\/insia-upm.es\/calibraciones-e-instrumentacion\/\u00bb global_colors_info=\u00bb{}\u00bb]\n<h2><span>Calibraciones<\/span><\/h2>\n[\/et_pb_text][\/et_pb_column][\/et_pb_row][\/et_pb_section]\n","protected":false},"excerpt":{"rendered":"<p>SERVICIOS TECNOL\u00d3GICOS \u00a0 Servicios Tecnol\u00f3gicos El INSIA ofrece\u00a0apoyo tecnol\u00f3gico a las empresas y administraciones p\u00fablicas, prestando servicios tecnol\u00f3gicos que se materializan en\u00a0trabajos de I+D+i, asesoramiento, ensayos y certificaciones. El Instituto est\u00e1 autorizado como\u00a0Laboratorio Oficial\u00a0para la homologaci\u00f3n en diversos Regla\u00admentos y Directivas (autobuses y autocares, estabilidad, neum\u00e1ticos, asientos, sistemas de retenci\u00f3n, ascensores, bicicletas\u2026) y Reformas de [&hellip;]<\/p>\n","protected":false},"author":1,"featured_media":0,"parent":0,"menu_order":0,"comment_status":"closed","ping_status":"closed","template":"","meta":{"_et_pb_use_builder":"on","_et_pb_old_content":"","_et_gb_content_width":"","_monsterinsights_skip_tracking":false,"_monsterinsights_sitenote_active":false,"_monsterinsights_sitenote_note":"","_monsterinsights_sitenote_category":0,"footnotes":""},"class_list":["post-192","page","type-page","status-publish","hentry"],"yoast_head":"<!-- This site is optimized with the Yoast SEO plugin v27.4 - https:\/\/yoast.com\/product\/yoast-seo-wordpress\/ -->\n<title>SERVICIOS TECNOL\u00d3GICOS - Instituto Universitario de Investigaci\u00f3n del Autom\u00f3vil Francisco Aparicio Izquierdo<\/title>\n<meta name=\"robots\" content=\"index, follow, max-snippet:-1, max-image-preview:large, max-video-preview:-1\" \/>\n<link rel=\"canonical\" href=\"https:\/\/insia-upm.es\/en\/servicios-tecnologicos\/\" \/>\n<meta property=\"og:locale\" content=\"en_GB\" \/>\n<meta property=\"og:type\" content=\"article\" \/>\n<meta property=\"og:title\" content=\"SERVICIOS TECNOL\u00d3GICOS - Instituto Universitario de Investigaci\u00f3n del Autom\u00f3vil Francisco Aparicio Izquierdo\" \/>\n<meta property=\"og:description\" content=\"SERVICIOS TECNOL\u00d3GICOS \u00a0 Servicios Tecnol\u00f3gicos El INSIA ofrece\u00a0apoyo tecnol\u00f3gico a las empresas y administraciones p\u00fablicas, prestando servicios tecnol\u00f3gicos que se materializan en\u00a0trabajos de I+D+i, asesoramiento, ensayos y certificaciones. El Instituto est\u00e1 autorizado como\u00a0Laboratorio Oficial\u00a0para la homologaci\u00f3n en diversos Regla\u00admentos y Directivas (autobuses y autocares, estabilidad, neum\u00e1ticos, asientos, sistemas de retenci\u00f3n, ascensores, bicicletas\u2026) y Reformas de [&hellip;]\" \/>\n<meta property=\"og:url\" content=\"https:\/\/insia-upm.es\/en\/servicios-tecnologicos\/\" \/>\n<meta property=\"og:site_name\" content=\"Instituto Universitario de Investigaci\u00f3n del Autom\u00f3vil Francisco Aparicio Izquierdo\" \/>\n<meta property=\"article:modified_time\" content=\"2022-01-03T15:27:30+00:00\" \/>\n<meta name=\"twitter:card\" content=\"summary_large_image\" \/>\n<meta name=\"twitter:site\" content=\"@INSIAUPM\" \/>\n<meta name=\"twitter:label1\" content=\"Estimated reading time\" \/>\n\t<meta name=\"twitter:data1\" content=\"4 minutes\" \/>\n<script type=\"application\/ld+json\" class=\"yoast-schema-graph\">{\"@context\":\"https:\\\/\\\/schema.org\",\"@graph\":[{\"@type\":\"WebPage\",\"@id\":\"https:\\\/\\\/insia-upm.es\\\/servicios-tecnologicos\\\/\",\"url\":\"https:\\\/\\\/insia-upm.es\\\/servicios-tecnologicos\\\/\",\"name\":\"SERVICIOS TECNOL\u00d3GICOS - Instituto Universitario de Investigaci\u00f3n del Autom\u00f3vil Francisco Aparicio Izquierdo\",\"isPartOf\":{\"@id\":\"https:\\\/\\\/insia-upm.es\\\/#website\"},\"datePublished\":\"2018-08-22T05:13:58+00:00\",\"dateModified\":\"2022-01-03T15:27:30+00:00\",\"breadcrumb\":{\"@id\":\"https:\\\/\\\/insia-upm.es\\\/servicios-tecnologicos\\\/#breadcrumb\"},\"inLanguage\":\"en-GB\",\"potentialAction\":[{\"@type\":\"ReadAction\",\"target\":[\"https:\\\/\\\/insia-upm.es\\\/servicios-tecnologicos\\\/\"]}]},{\"@type\":\"BreadcrumbList\",\"@id\":\"https:\\\/\\\/insia-upm.es\\\/servicios-tecnologicos\\\/#breadcrumb\",\"itemListElement\":[{\"@type\":\"ListItem\",\"position\":1,\"name\":\"Portada\",\"item\":\"https:\\\/\\\/insia-upm.es\\\/\"},{\"@type\":\"ListItem\",\"position\":2,\"name\":\"SERVICIOS TECNOL\u00d3GICOS\"}]},{\"@type\":\"WebSite\",\"@id\":\"https:\\\/\\\/insia-upm.es\\\/#website\",\"url\":\"https:\\\/\\\/insia-upm.es\\\/\",\"name\":\"Instituto Universitario de Investigaci\u00f3n del Autom\u00f3vil Francisco Aparicio Izquierdo\",\"description\":\"Instituto de Investigaci\u00f3n del Autom\u00f3vil Francisco Aparicio Izquierdo\",\"publisher\":{\"@id\":\"https:\\\/\\\/insia-upm.es\\\/#organization\"},\"potentialAction\":[{\"@type\":\"SearchAction\",\"target\":{\"@type\":\"EntryPoint\",\"urlTemplate\":\"https:\\\/\\\/insia-upm.es\\\/?s={search_term_string}\"},\"query-input\":{\"@type\":\"PropertyValueSpecification\",\"valueRequired\":true,\"valueName\":\"search_term_string\"}}],\"inLanguage\":\"en-GB\"},{\"@type\":\"Organization\",\"@id\":\"https:\\\/\\\/insia-upm.es\\\/#organization\",\"name\":\"UPM-INSIA\",\"url\":\"https:\\\/\\\/insia-upm.es\\\/\",\"logo\":{\"@type\":\"ImageObject\",\"inLanguage\":\"en-GB\",\"@id\":\"https:\\\/\\\/insia-upm.es\\\/#\\\/schema\\\/logo\\\/image\\\/\",\"url\":\"https:\\\/\\\/insia-upm.es\\\/wp-content\\\/uploads\\\/2021\\\/12\\\/logo-insia-low-e1412177316550.png\",\"contentUrl\":\"https:\\\/\\\/insia-upm.es\\\/wp-content\\\/uploads\\\/2021\\\/12\\\/logo-insia-low-e1412177316550.png\",\"width\":50,\"height\":71,\"caption\":\"UPM-INSIA\"},\"image\":{\"@id\":\"https:\\\/\\\/insia-upm.es\\\/#\\\/schema\\\/logo\\\/image\\\/\"},\"sameAs\":[\"https:\\\/\\\/x.com\\\/INSIAUPM\",\"https:\\\/\\\/www.instagram.com\\\/insia.upm\\\/\",\"https:\\\/\\\/www.linkedin.com\\\/in\\\/insia-instituto-universitario-investigaci\u00f3n-9088635a\\\/\",\"https:\\\/\\\/www.youtube.com\\\/user\\\/gestionidi\"]}]}<\/script>\n<!-- \/ Yoast SEO plugin. -->","yoast_head_json":{"title":"SERVICIOS TECNOL\u00d3GICOS - Instituto Universitario de Investigaci\u00f3n del Autom\u00f3vil Francisco Aparicio Izquierdo","robots":{"index":"index","follow":"follow","max-snippet":"max-snippet:-1","max-image-preview":"max-image-preview:large","max-video-preview":"max-video-preview:-1"},"canonical":"https:\/\/insia-upm.es\/en\/servicios-tecnologicos\/","og_locale":"en_GB","og_type":"article","og_title":"SERVICIOS TECNOL\u00d3GICOS - Instituto Universitario de Investigaci\u00f3n del Autom\u00f3vil Francisco Aparicio Izquierdo","og_description":"SERVICIOS TECNOL\u00d3GICOS \u00a0 Servicios Tecnol\u00f3gicos El INSIA ofrece\u00a0apoyo tecnol\u00f3gico a las empresas y administraciones p\u00fablicas, prestando servicios tecnol\u00f3gicos que se materializan en\u00a0trabajos de I+D+i, asesoramiento, ensayos y certificaciones. El Instituto est\u00e1 autorizado como\u00a0Laboratorio Oficial\u00a0para la homologaci\u00f3n en diversos Regla\u00admentos y Directivas (autobuses y autocares, estabilidad, neum\u00e1ticos, asientos, sistemas de retenci\u00f3n, ascensores, bicicletas\u2026) y Reformas de [&hellip;]","og_url":"https:\/\/insia-upm.es\/en\/servicios-tecnologicos\/","og_site_name":"Instituto Universitario de Investigaci\u00f3n del Autom\u00f3vil Francisco Aparicio Izquierdo","article_modified_time":"2022-01-03T15:27:30+00:00","twitter_card":"summary_large_image","twitter_site":"@INSIAUPM","twitter_misc":{"Estimated reading time":"4 minutes"},"schema":{"@context":"https:\/\/schema.org","@graph":[{"@type":"WebPage","@id":"https:\/\/insia-upm.es\/servicios-tecnologicos\/","url":"https:\/\/insia-upm.es\/servicios-tecnologicos\/","name":"SERVICIOS TECNOL\u00d3GICOS - Instituto Universitario de Investigaci\u00f3n del Autom\u00f3vil Francisco Aparicio Izquierdo","isPartOf":{"@id":"https:\/\/insia-upm.es\/#website"},"datePublished":"2018-08-22T05:13:58+00:00","dateModified":"2022-01-03T15:27:30+00:00","breadcrumb":{"@id":"https:\/\/insia-upm.es\/servicios-tecnologicos\/#breadcrumb"},"inLanguage":"en-GB","potentialAction":[{"@type":"ReadAction","target":["https:\/\/insia-upm.es\/servicios-tecnologicos\/"]}]},{"@type":"BreadcrumbList","@id":"https:\/\/insia-upm.es\/servicios-tecnologicos\/#breadcrumb","itemListElement":[{"@type":"ListItem","position":1,"name":"Portada","item":"https:\/\/insia-upm.es\/"},{"@type":"ListItem","position":2,"name":"SERVICIOS TECNOL\u00d3GICOS"}]},{"@type":"WebSite","@id":"https:\/\/insia-upm.es\/#website","url":"https:\/\/insia-upm.es\/","name":"Instituto Universitario de Investigaci\u00f3n del Autom\u00f3vil Francisco Aparicio Izquierdo","description":"Instituto de Investigaci\u00f3n del Autom\u00f3vil Francisco Aparicio Izquierdo","publisher":{"@id":"https:\/\/insia-upm.es\/#organization"},"potentialAction":[{"@type":"SearchAction","target":{"@type":"EntryPoint","urlTemplate":"https:\/\/insia-upm.es\/?s={search_term_string}"},"query-input":{"@type":"PropertyValueSpecification","valueRequired":true,"valueName":"search_term_string"}}],"inLanguage":"en-GB"},{"@type":"Organization","@id":"https:\/\/insia-upm.es\/#organization","name":"UPM-INSIA","url":"https:\/\/insia-upm.es\/","logo":{"@type":"ImageObject","inLanguage":"en-GB","@id":"https:\/\/insia-upm.es\/#\/schema\/logo\/image\/","url":"https:\/\/insia-upm.es\/wp-content\/uploads\/2021\/12\/logo-insia-low-e1412177316550.png","contentUrl":"https:\/\/insia-upm.es\/wp-content\/uploads\/2021\/12\/logo-insia-low-e1412177316550.png","width":50,"height":71,"caption":"UPM-INSIA"},"image":{"@id":"https:\/\/insia-upm.es\/#\/schema\/logo\/image\/"},"sameAs":["https:\/\/x.com\/INSIAUPM","https:\/\/www.instagram.com\/insia.upm\/","https:\/\/www.linkedin.com\/in\/insia-instituto-universitario-investigaci\u00f3n-9088635a\/","https:\/\/www.youtube.com\/user\/gestionidi"]}]}},"_links":{"self":[{"href":"https:\/\/insia-upm.es\/en\/wp-json\/wp\/v2\/pages\/192","targetHints":{"allow":["GET"]}}],"collection":[{"href":"https:\/\/insia-upm.es\/en\/wp-json\/wp\/v2\/pages"}],"about":[{"href":"https:\/\/insia-upm.es\/en\/wp-json\/wp\/v2\/types\/page"}],"author":[{"embeddable":true,"href":"https:\/\/insia-upm.es\/en\/wp-json\/wp\/v2\/users\/1"}],"replies":[{"embeddable":true,"href":"https:\/\/insia-upm.es\/en\/wp-json\/wp\/v2\/comments?post=192"}],"version-history":[{"count":50,"href":"https:\/\/insia-upm.es\/en\/wp-json\/wp\/v2\/pages\/192\/revisions"}],"predecessor-version":[{"id":18358,"href":"https:\/\/insia-upm.es\/en\/wp-json\/wp\/v2\/pages\/192\/revisions\/18358"}],"wp:attachment":[{"href":"https:\/\/insia-upm.es\/en\/wp-json\/wp\/v2\/media?parent=192"}],"curies":[{"name":"wp","href":"https:\/\/api.w.org\/{rel}","templated":true}]}}