{"id":16738,"date":"2021-11-07T19:51:50","date_gmt":"2021-11-07T19:51:50","guid":{"rendered":"https:\/\/insia-upm.es\/?page_id=16738"},"modified":"2021-12-08T12:50:51","modified_gmt":"2021-12-08T12:50:51","slug":"tacografos-y-cursos-especializados","status":"publish","type":"page","link":"https:\/\/insia-upm.es\/en\/tacografos-y-cursos-especializados\/","title":{"rendered":"TAC\u00d3GRAFOS Y CURSOS ESPECIALIZADOS"},"content":{"rendered":"[et_pb_section fb_built=\u00bb1&#8243; fullwidth=\u00bbon\u00bb _builder_version=\u00bb3.22.3&#8243; custom_padding=\u00bb|||\u00bb global_colors_info=\u00bb{}\u00bb][et_pb_fullwidth_header text_orientation=\u00bbcenter\u00bb module_class=\u00bbdct-header-title\u00bb _builder_version=\u00bb4.11.1&#8243; title_font=\u00bb||||||||\u00bb content_font=\u00bb||||||||\u00bb content_text_align=\u00bbcenter\u00bb background_color=\u00bbrgba(0,0,0,0.55)\u00bb background_image=\u00bbhttps:\/\/insia-upm.es\/wp-content\/uploads\/2021\/12\/tacografo-digital-segunda-generacion.jpg\u00bb background_position=\u00bbtop_center\u00bb background_repeat=\u00bbrepeat\u00bb background_blend=\u00bboverlay\u00bb global_colors_info=\u00bb{}\u00bb button_one_text_size__hover_enabled=\u00bboff\u00bb button_two_text_size__hover_enabled=\u00bboff\u00bb button_one_text_color__hover_enabled=\u00bboff\u00bb button_two_text_color__hover_enabled=\u00bboff\u00bb button_one_border_width__hover_enabled=\u00bboff\u00bb button_two_border_width__hover_enabled=\u00bboff\u00bb button_one_border_color__hover_enabled=\u00bboff\u00bb button_two_border_color__hover_enabled=\u00bboff\u00bb button_one_border_radius__hover_enabled=\u00bboff\u00bb button_two_border_radius__hover_enabled=\u00bboff\u00bb button_one_letter_spacing__hover_enabled=\u00bboff\u00bb button_two_letter_spacing__hover_enabled=\u00bboff\u00bb button_one_bg_color__hover_enabled=\u00bboff\u00bb button_two_bg_color__hover_enabled=\u00bboff\u00bb]\n<h1>TAC\u00d3GRAFOS DIGITALES Y CURSOS ESPECIALIZAD<span>OS<\/span><\/h1>\n<h1><\/h1>\n[\/et_pb_fullwidth_header][\/et_pb_section][et_pb_section fb_built=\u00bb1&#8243; _builder_version=\u00bb3.22.3&#8243; custom_padding=\u00bb0px||40px|||\u00bb global_colors_info=\u00bb{}\u00bb][et_pb_row _builder_version=\u00bb3.25&#8243; custom_padding=\u00bb40px|0px|0px|0px|false|false\u00bb global_colors_info=\u00bb{}\u00bb][et_pb_column type=\u00bb4_4&#8243; _builder_version=\u00bb3.25&#8243; custom_padding=\u00bb|||\u00bb global_colors_info=\u00bb{}\u00bb custom_padding__hover=\u00bb|||\u00bb][et_pb_text _builder_version=\u00bb4.11.1&#8243; text_font=\u00bb||||||||\u00bb header_font=\u00bb||||||||\u00bb header_text_align=\u00bbcenter\u00bb text_orientation=\u00bbcenter\u00bb custom_margin=\u00bb|||\u00bb global_colors_info=\u00bb{}\u00bb]\n<div class=\"section-title title-block title-style-1 text-left\">\n<p><span class=\"top-title\">\u00a0<\/span><\/p>\n<h2 class=\"title\">Tac\u00f3grafos Digitales y Cursos Especializados<\/h2>\n<p><span class=\"bottom-title\"><\/span><\/p>\n<\/div>\n[\/et_pb_text][\/et_pb_column][\/et_pb_row][et_pb_row column_structure=\u00bb1_4,1_2,1_4&#8243; _builder_version=\u00bb3.25&#8243; custom_padding=\u00bb27px|0px|40px|0px|false|false\u00bb global_colors_info=\u00bb{}\u00bb][et_pb_column type=\u00bb1_4&#8243; _builder_version=\u00bb3.25&#8243; custom_padding=\u00bb|||\u00bb global_colors_info=\u00bb{}\u00bb custom_padding__hover=\u00bb|||\u00bb][\/et_pb_column][et_pb_column type=\u00bb1_2&#8243; _builder_version=\u00bb3.25&#8243; custom_padding=\u00bb|||\u00bb global_colors_info=\u00bb{}\u00bb custom_padding__hover=\u00bb|||\u00bb][et_pb_image src=\u00bbhttps:\/\/insia-upm.es\/wp-content\/uploads\/2021\/12\/tacografos.jpg\u00bb title_text=\u00bbtacografos\u00bb align=\u00bbcenter\u00bb align_tablet=\u00bbcenter\u00bb align_phone=\u00bb\u00bb align_last_edited=\u00bbon|desktop\u00bb _builder_version=\u00bb4.11.1&#8243; global_colors_info=\u00bb{}\u00bb][\/et_pb_image][\/et_pb_column][et_pb_column type=\u00bb1_4&#8243; _builder_version=\u00bb3.25&#8243; custom_padding=\u00bb|||\u00bb global_colors_info=\u00bb{}\u00bb custom_padding__hover=\u00bb|||\u00bb][\/et_pb_column][\/et_pb_row][et_pb_row _builder_version=\u00bb4.11.1&#8243; min_height=\u00bb156.9px\u00bb custom_padding=\u00bb0px|0px|0|0px|false|false\u00bb global_colors_info=\u00bb{}\u00bb][et_pb_column type=\u00bb4_4&#8243; _builder_version=\u00bb3.25&#8243; custom_padding=\u00bb|||\u00bb global_colors_info=\u00bb{}\u00bb custom_padding__hover=\u00bb|||\u00bb][et_pb_text _builder_version=\u00bb4.11.1&#8243; text_text_color=\u00bb#333333&#8243; min_height=\u00bb180.9px\u00bb custom_margin=\u00bb-20px||20px|||\u00bb global_colors_info=\u00bb{}\u00bb]\n<p style=\"text-align: justify;\"><span class=\"fuente\" style=\"color: #000000;\">Adem\u00e1s de la oferta de cursos programados en\u00a0<b>Tac\u00f3grafos Digitales<\/b>, el INSIA ofrece la\u00a0<b>posibilidad de dise\u00f1ar cursos \u00aba medida\u00bb<\/b>\u00a0 seg\u00fan las necesidades formativas de los Organismos y\/o empresas.<\/span><\/p>\n<p><strong>El\u00a0 INSIA,<span>\u00a0<\/span><\/strong>es<span>\u00a0<\/span><strong>Centro Oficial autorizado para procesos de adiestramiento en Tac\u00f3grafos.<\/strong><\/p>\n<p>Dichas actividades est\u00e1n reguladas por el\u00a0 R.D 125\/2017 del 24 de Febrero \u201cRequisitos T\u00e9cnicos y Normas de Actuaci\u00f3n que deben cumplir los Centros T\u00e9cnicos de Tac\u00f3grafos.<\/p>\n<p>Estas actividades de adiestramiento contemplan dos modalidades:<\/p>\n<ul>\n<li><strong><u>CURSOS DE TAC\u00d3GRAFOS TIPO A (MODALIDAD INICIO)<\/u><\/strong><\/li>\n<\/ul>\n<p>El objetivo de este curso es adquirir los conocimientos te\u00f3rico\/pr\u00e1cticos de car\u00e1cter t\u00e9cnico, legal y\/o reglamentario y normativo para la realizaci\u00f3n de intervenciones t\u00e9cnicas sobre tac\u00f3grafos seg\u00fan lo establecido en el Real Decreto 125\/2017 y en la reglamentaci\u00f3n vigente<\/p>\n<p><strong>Los Cursos de Iniciaci\u00f3n tienen una duraci\u00f3n de cuatro d\u00edas (30 horas)<span>\u00a0<\/span><\/strong>con un horario de:<\/p>\n<p>\u2013\u00a0\u00a0\u00a0\u00a0\u00a0\u00a0\u00a0\u00a0\u00a0 los tres primeros d\u00edas: de 09:00 a 18:00<\/p>\n<p>\u2013\u00a0\u00a0\u00a0\u00a0\u00a0\u00a0\u00a0\u00a0\u00a0 cuarto d\u00eda: de 08:00 a 14:00.<\/p>\n<ul>\n<li><strong><u>CURSOS DE TAC\u00d3GRAFOS TIPO A (MODALIDAD ACTUALIZACI\u00d3N)<\/u><\/strong><\/li>\n<\/ul>\n<p>Curso destinado a:<\/p>\n<ul>\n<li>Reforzar los conocimientos te\u00f3rico\/pr\u00e1cticos de car\u00e1cter t\u00e9cnico, legal y\/o reglamentario y normativo, obtenidos por el alumno en el adiestramiento inicial, para la realizaci\u00f3n de intervenciones t\u00e9cnicas sobre tacografos, seg\u00fan lo establecido en el Real Decreto 125\/2017 y en la reglamentaci\u00f3n vigente.<\/li>\n<li>Adquirir nuevos conocimientos en el caso de que existan modificaciones en el \u00e1mbito legal y\/o reglamentario, o aparezcan nuevos modelos de tac\u00f3grafos.<\/li>\n<\/ul>\n<p><strong>Los Cursos de Actualizaci\u00f3n tienen una duraci\u00f3n de dos d\u00edas (14 horas)<\/strong><span>\u00a0<\/span>con el siguiente horario:<\/p>\n<p>\u2013\u00a0\u00a0\u00a0\u00a0\u00a0\u00a0\u00a0\u00a0\u00a0 Primer d\u00eda: de 09:00 a 18:00.<\/p>\n<p>\u2013\u00a0\u00a0\u00a0\u00a0\u00a0\u00a0\u00a0\u00a0\u00a0 Segundo d\u00eda: de 08:00 a 14:00.<\/p>\n<p><span style=\"text-decoration: underline; color: #333333;\"><strong>Contacto:<\/strong><\/span><\/p>\n<p><strong>Susana Altez Gal\u00e1n<\/strong><\/p>\n<p>Coordinadora Formaci\u00f3n Tac\u00f3grafos<\/p>\n<p>Aquellos que est\u00e9n interesados en inscribirse a los cursos de tac\u00f3grafos podr\u00e1n descargarse el formulario y deber\u00e1n enviarlo por correo electr\u00f3nico a Susana Altez a la siguiente direcci\u00f3n<span>\u00a0<\/span><a href=\"mailto:susana.altez@upm.es\">susana.altez@upm.es<\/a><\/p>\n<p>Modelos de solicitud de Inicio y Actualizaci\u00f3n y el\u00a0 Real Decreto 125\/2017 del 24 de febrero para\u00a0 descargar.<\/p>\n[\/et_pb_text][\/et_pb_column][\/et_pb_row][et_pb_row _builder_version=\u00bb4.11.1&#8243; _module_preset=\u00bbdefault\u00bb global_colors_info=\u00bb{}\u00bb][et_pb_column type=\u00bb4_4&#8243; _builder_version=\u00bb4.11.1&#8243; _module_preset=\u00bbdefault\u00bb global_colors_info=\u00bb{}\u00bb][et_pb_button button_url=\u00bbhttps:\/\/insia-upm.es\/formacion\/\u00bb button_text=\u00bbFORMACI\u00d3N\u00bb button_alignment=\u00bbcenter\u00bb _builder_version=\u00bb4.11.1&#8243; _module_preset=\u00bbdefault\u00bb custom_button=\u00bbon\u00bb button_text_size=\u00bb20px\u00bb button_border_width=\u00bb1px\u00bb button_border_radius=\u00bb3px\u00bb button_letter_spacing=\u00bb0px\u00bb button_font=\u00bb||||||||\u00bb button_icon=\u00bb%%23%%\u00bb button_icon_placement=\u00bbleft\u00bb global_colors_info=\u00bb{}\u00bb][\/et_pb_button][\/et_pb_column][\/et_pb_row][\/et_pb_section]\n","protected":false},"excerpt":{"rendered":"<p>TAC\u00d3GRAFOS DIGITALES Y CURSOS ESPECIALIZADOS \u00a0 Tac\u00f3grafos Digitales y Cursos Especializados Adem\u00e1s de la oferta de cursos programados en\u00a0Tac\u00f3grafos Digitales, el INSIA ofrece la\u00a0posibilidad de dise\u00f1ar cursos \u00aba medida\u00bb\u00a0 seg\u00fan las necesidades formativas de los Organismos y\/o empresas. El\u00a0 INSIA,\u00a0es\u00a0Centro Oficial autorizado para procesos de adiestramiento en Tac\u00f3grafos. Dichas actividades est\u00e1n reguladas por el\u00a0 R.D [&hellip;]<\/p>\n","protected":false},"author":1,"featured_media":0,"parent":0,"menu_order":0,"comment_status":"closed","ping_status":"closed","template":"","meta":{"_et_pb_use_builder":"on","_et_pb_old_content":"","_et_gb_content_width":"","_monsterinsights_skip_tracking":false,"_monsterinsights_sitenote_active":false,"_monsterinsights_sitenote_note":"","_monsterinsights_sitenote_category":0,"footnotes":""},"class_list":["post-16738","page","type-page","status-publish","hentry"],"yoast_head":"<!-- This site is optimized with the Yoast SEO plugin v27.4 - https:\/\/yoast.com\/product\/yoast-seo-wordpress\/ -->\n<title>TAC\u00d3GRAFOS Y CURSOS ESPECIALIZADOS - Instituto Universitario de Investigaci\u00f3n del Autom\u00f3vil Francisco Aparicio Izquierdo<\/title>\n<meta name=\"robots\" content=\"index, follow, max-snippet:-1, max-image-preview:large, max-video-preview:-1\" \/>\n<link rel=\"canonical\" href=\"https:\/\/insia-upm.es\/en\/tacografos-y-cursos-especializados\/\" \/>\n<meta property=\"og:locale\" content=\"en_GB\" \/>\n<meta property=\"og:type\" content=\"article\" \/>\n<meta property=\"og:title\" content=\"TAC\u00d3GRAFOS Y CURSOS ESPECIALIZADOS - Instituto Universitario de Investigaci\u00f3n del Autom\u00f3vil Francisco Aparicio Izquierdo\" \/>\n<meta property=\"og:description\" content=\"TAC\u00d3GRAFOS DIGITALES Y CURSOS ESPECIALIZADOS \u00a0 Tac\u00f3grafos Digitales y Cursos Especializados Adem\u00e1s de la oferta de cursos programados en\u00a0Tac\u00f3grafos Digitales, el INSIA ofrece la\u00a0posibilidad de dise\u00f1ar cursos \u00aba medida\u00bb\u00a0 seg\u00fan las necesidades formativas de los Organismos y\/o empresas. El\u00a0 INSIA,\u00a0es\u00a0Centro Oficial autorizado para procesos de adiestramiento en Tac\u00f3grafos. Dichas actividades est\u00e1n reguladas por el\u00a0 R.D [&hellip;]\" \/>\n<meta property=\"og:url\" content=\"https:\/\/insia-upm.es\/en\/tacografos-y-cursos-especializados\/\" \/>\n<meta property=\"og:site_name\" content=\"Instituto Universitario de Investigaci\u00f3n del Autom\u00f3vil Francisco Aparicio Izquierdo\" \/>\n<meta property=\"article:modified_time\" content=\"2021-12-08T12:50:51+00:00\" \/>\n<meta name=\"twitter:card\" content=\"summary_large_image\" \/>\n<meta name=\"twitter:site\" content=\"@INSIAUPM\" \/>\n<meta name=\"twitter:label1\" content=\"Estimated reading time\" \/>\n\t<meta name=\"twitter:data1\" content=\"4 minutes\" \/>\n<script type=\"application\/ld+json\" class=\"yoast-schema-graph\">{\"@context\":\"https:\\\/\\\/schema.org\",\"@graph\":[{\"@type\":\"WebPage\",\"@id\":\"https:\\\/\\\/insia-upm.es\\\/tacografos-y-cursos-especializados\\\/\",\"url\":\"https:\\\/\\\/insia-upm.es\\\/tacografos-y-cursos-especializados\\\/\",\"name\":\"TAC\u00d3GRAFOS Y CURSOS ESPECIALIZADOS - Instituto Universitario de Investigaci\u00f3n del Autom\u00f3vil Francisco Aparicio Izquierdo\",\"isPartOf\":{\"@id\":\"https:\\\/\\\/insia-upm.es\\\/#website\"},\"datePublished\":\"2021-11-07T19:51:50+00:00\",\"dateModified\":\"2021-12-08T12:50:51+00:00\",\"breadcrumb\":{\"@id\":\"https:\\\/\\\/insia-upm.es\\\/tacografos-y-cursos-especializados\\\/#breadcrumb\"},\"inLanguage\":\"en-GB\",\"potentialAction\":[{\"@type\":\"ReadAction\",\"target\":[\"https:\\\/\\\/insia-upm.es\\\/tacografos-y-cursos-especializados\\\/\"]}]},{\"@type\":\"BreadcrumbList\",\"@id\":\"https:\\\/\\\/insia-upm.es\\\/tacografos-y-cursos-especializados\\\/#breadcrumb\",\"itemListElement\":[{\"@type\":\"ListItem\",\"position\":1,\"name\":\"Portada\",\"item\":\"https:\\\/\\\/insia-upm.es\\\/\"},{\"@type\":\"ListItem\",\"position\":2,\"name\":\"TAC\u00d3GRAFOS Y CURSOS ESPECIALIZADOS\"}]},{\"@type\":\"WebSite\",\"@id\":\"https:\\\/\\\/insia-upm.es\\\/#website\",\"url\":\"https:\\\/\\\/insia-upm.es\\\/\",\"name\":\"Instituto Universitario de Investigaci\u00f3n del Autom\u00f3vil Francisco Aparicio Izquierdo\",\"description\":\"Instituto de Investigaci\u00f3n del Autom\u00f3vil Francisco Aparicio Izquierdo\",\"publisher\":{\"@id\":\"https:\\\/\\\/insia-upm.es\\\/#organization\"},\"potentialAction\":[{\"@type\":\"SearchAction\",\"target\":{\"@type\":\"EntryPoint\",\"urlTemplate\":\"https:\\\/\\\/insia-upm.es\\\/?s={search_term_string}\"},\"query-input\":{\"@type\":\"PropertyValueSpecification\",\"valueRequired\":true,\"valueName\":\"search_term_string\"}}],\"inLanguage\":\"en-GB\"},{\"@type\":\"Organization\",\"@id\":\"https:\\\/\\\/insia-upm.es\\\/#organization\",\"name\":\"UPM-INSIA\",\"url\":\"https:\\\/\\\/insia-upm.es\\\/\",\"logo\":{\"@type\":\"ImageObject\",\"inLanguage\":\"en-GB\",\"@id\":\"https:\\\/\\\/insia-upm.es\\\/#\\\/schema\\\/logo\\\/image\\\/\",\"url\":\"https:\\\/\\\/insia-upm.es\\\/wp-content\\\/uploads\\\/2021\\\/12\\\/logo-insia-low-e1412177316550.png\",\"contentUrl\":\"https:\\\/\\\/insia-upm.es\\\/wp-content\\\/uploads\\\/2021\\\/12\\\/logo-insia-low-e1412177316550.png\",\"width\":50,\"height\":71,\"caption\":\"UPM-INSIA\"},\"image\":{\"@id\":\"https:\\\/\\\/insia-upm.es\\\/#\\\/schema\\\/logo\\\/image\\\/\"},\"sameAs\":[\"https:\\\/\\\/x.com\\\/INSIAUPM\",\"https:\\\/\\\/www.instagram.com\\\/insia.upm\\\/\",\"https:\\\/\\\/www.linkedin.com\\\/in\\\/insia-instituto-universitario-investigaci\u00f3n-9088635a\\\/\",\"https:\\\/\\\/www.youtube.com\\\/user\\\/gestionidi\"]}]}<\/script>\n<!-- \/ Yoast SEO plugin. -->","yoast_head_json":{"title":"TAC\u00d3GRAFOS Y CURSOS ESPECIALIZADOS - Instituto Universitario de Investigaci\u00f3n del Autom\u00f3vil Francisco Aparicio Izquierdo","robots":{"index":"index","follow":"follow","max-snippet":"max-snippet:-1","max-image-preview":"max-image-preview:large","max-video-preview":"max-video-preview:-1"},"canonical":"https:\/\/insia-upm.es\/en\/tacografos-y-cursos-especializados\/","og_locale":"en_GB","og_type":"article","og_title":"TAC\u00d3GRAFOS Y CURSOS ESPECIALIZADOS - Instituto Universitario de Investigaci\u00f3n del Autom\u00f3vil Francisco Aparicio Izquierdo","og_description":"TAC\u00d3GRAFOS DIGITALES Y CURSOS ESPECIALIZADOS \u00a0 Tac\u00f3grafos Digitales y Cursos Especializados Adem\u00e1s de la oferta de cursos programados en\u00a0Tac\u00f3grafos Digitales, el INSIA ofrece la\u00a0posibilidad de dise\u00f1ar cursos \u00aba medida\u00bb\u00a0 seg\u00fan las necesidades formativas de los Organismos y\/o empresas. El\u00a0 INSIA,\u00a0es\u00a0Centro Oficial autorizado para procesos de adiestramiento en Tac\u00f3grafos. Dichas actividades est\u00e1n reguladas por el\u00a0 R.D [&hellip;]","og_url":"https:\/\/insia-upm.es\/en\/tacografos-y-cursos-especializados\/","og_site_name":"Instituto Universitario de Investigaci\u00f3n del Autom\u00f3vil Francisco Aparicio Izquierdo","article_modified_time":"2021-12-08T12:50:51+00:00","twitter_card":"summary_large_image","twitter_site":"@INSIAUPM","twitter_misc":{"Estimated reading time":"4 minutes"},"schema":{"@context":"https:\/\/schema.org","@graph":[{"@type":"WebPage","@id":"https:\/\/insia-upm.es\/tacografos-y-cursos-especializados\/","url":"https:\/\/insia-upm.es\/tacografos-y-cursos-especializados\/","name":"TAC\u00d3GRAFOS Y CURSOS ESPECIALIZADOS - Instituto Universitario de Investigaci\u00f3n del Autom\u00f3vil Francisco Aparicio Izquierdo","isPartOf":{"@id":"https:\/\/insia-upm.es\/#website"},"datePublished":"2021-11-07T19:51:50+00:00","dateModified":"2021-12-08T12:50:51+00:00","breadcrumb":{"@id":"https:\/\/insia-upm.es\/tacografos-y-cursos-especializados\/#breadcrumb"},"inLanguage":"en-GB","potentialAction":[{"@type":"ReadAction","target":["https:\/\/insia-upm.es\/tacografos-y-cursos-especializados\/"]}]},{"@type":"BreadcrumbList","@id":"https:\/\/insia-upm.es\/tacografos-y-cursos-especializados\/#breadcrumb","itemListElement":[{"@type":"ListItem","position":1,"name":"Portada","item":"https:\/\/insia-upm.es\/"},{"@type":"ListItem","position":2,"name":"TAC\u00d3GRAFOS Y CURSOS ESPECIALIZADOS"}]},{"@type":"WebSite","@id":"https:\/\/insia-upm.es\/#website","url":"https:\/\/insia-upm.es\/","name":"Instituto Universitario de Investigaci\u00f3n del Autom\u00f3vil Francisco Aparicio Izquierdo","description":"Instituto de Investigaci\u00f3n del Autom\u00f3vil Francisco Aparicio Izquierdo","publisher":{"@id":"https:\/\/insia-upm.es\/#organization"},"potentialAction":[{"@type":"SearchAction","target":{"@type":"EntryPoint","urlTemplate":"https:\/\/insia-upm.es\/?s={search_term_string}"},"query-input":{"@type":"PropertyValueSpecification","valueRequired":true,"valueName":"search_term_string"}}],"inLanguage":"en-GB"},{"@type":"Organization","@id":"https:\/\/insia-upm.es\/#organization","name":"UPM-INSIA","url":"https:\/\/insia-upm.es\/","logo":{"@type":"ImageObject","inLanguage":"en-GB","@id":"https:\/\/insia-upm.es\/#\/schema\/logo\/image\/","url":"https:\/\/insia-upm.es\/wp-content\/uploads\/2021\/12\/logo-insia-low-e1412177316550.png","contentUrl":"https:\/\/insia-upm.es\/wp-content\/uploads\/2021\/12\/logo-insia-low-e1412177316550.png","width":50,"height":71,"caption":"UPM-INSIA"},"image":{"@id":"https:\/\/insia-upm.es\/#\/schema\/logo\/image\/"},"sameAs":["https:\/\/x.com\/INSIAUPM","https:\/\/www.instagram.com\/insia.upm\/","https:\/\/www.linkedin.com\/in\/insia-instituto-universitario-investigaci\u00f3n-9088635a\/","https:\/\/www.youtube.com\/user\/gestionidi"]}]}},"_links":{"self":[{"href":"https:\/\/insia-upm.es\/en\/wp-json\/wp\/v2\/pages\/16738","targetHints":{"allow":["GET"]}}],"collection":[{"href":"https:\/\/insia-upm.es\/en\/wp-json\/wp\/v2\/pages"}],"about":[{"href":"https:\/\/insia-upm.es\/en\/wp-json\/wp\/v2\/types\/page"}],"author":[{"embeddable":true,"href":"https:\/\/insia-upm.es\/en\/wp-json\/wp\/v2\/users\/1"}],"replies":[{"embeddable":true,"href":"https:\/\/insia-upm.es\/en\/wp-json\/wp\/v2\/comments?post=16738"}],"version-history":[{"count":13,"href":"https:\/\/insia-upm.es\/en\/wp-json\/wp\/v2\/pages\/16738\/revisions"}],"predecessor-version":[{"id":17568,"href":"https:\/\/insia-upm.es\/en\/wp-json\/wp\/v2\/pages\/16738\/revisions\/17568"}],"wp:attachment":[{"href":"https:\/\/insia-upm.es\/en\/wp-json\/wp\/v2\/media?parent=16738"}],"curies":[{"name":"wp","href":"https:\/\/api.w.org\/{rel}","templated":true}]}}