{"id":16029,"date":"2021-11-02T17:42:01","date_gmt":"2021-11-02T17:42:01","guid":{"rendered":"https:\/\/insia-upm.es\/?page_id=16029"},"modified":"2021-12-14T07:59:46","modified_gmt":"2021-12-14T07:59:46","slug":"testimonios","status":"publish","type":"page","link":"https:\/\/insia-upm.es\/en\/testimonios\/","title":{"rendered":"TESTIMONIALS"},"content":{"rendered":"[et_pb_section fb_built=\u00bb1&#8243; fullwidth=\u00bbon\u00bb _builder_version=\u00bb3.22.3&#8243; custom_padding=\u00bb|||\u00bb global_colors_info=\u00bb{}\u00bb][et_pb_fullwidth_header text_orientation=\u00bbcenter\u00bb module_class=\u00bbdct-header-title\u00bb _builder_version=\u00bb4.11.1&#8243; title_font=\u00bb||||||||\u00bb content_font=\u00bb||||||||\u00bb content_text_align=\u00bbcenter\u00bb background_color=\u00bbrgba(0,0,0,0.71)\u00bb background_image=\u00bbhttps:\/\/insia-upm.es\/wp-content\/uploads\/2021\/10\/insia-entrada-op450x1100.png\u00bb background_blend=\u00bboverlay\u00bb hover_enabled=\u00bb0&#8243; global_colors_info=\u00bb{}\u00bb button_one_text_size__hover_enabled=\u00bboff\u00bb button_two_text_size__hover_enabled=\u00bboff\u00bb button_one_text_color__hover_enabled=\u00bboff\u00bb button_two_text_color__hover_enabled=\u00bboff\u00bb button_one_border_width__hover_enabled=\u00bboff\u00bb button_two_border_width__hover_enabled=\u00bboff\u00bb button_one_border_color__hover_enabled=\u00bboff\u00bb button_two_border_color__hover_enabled=\u00bboff\u00bb button_one_border_radius__hover_enabled=\u00bboff\u00bb button_two_border_radius__hover_enabled=\u00bboff\u00bb button_one_letter_spacing__hover_enabled=\u00bboff\u00bb button_two_letter_spacing__hover_enabled=\u00bboff\u00bb button_one_bg_color__hover_enabled=\u00bboff\u00bb button_two_bg_color__hover_enabled=\u00bboff\u00bb title_text=\u00bbinsia-entrada-op450x1100&#8243; sticky_enabled=\u00bb0&#8243;]\n<h1>TESTIMONI<span>OS<\/span><\/h1>\n<h1><\/h1>\n[\/et_pb_fullwidth_header][\/et_pb_section][et_pb_section fb_built=\u00bb1&#8243; _builder_version=\u00bb3.22.3&#8243; custom_padding=\u00bb20px|0px|0|0px|false|false\u00bb global_colors_info=\u00bb{}\u00bb][et_pb_row _builder_version=\u00bb4.6.1&#8243; global_colors_info=\u00bb{}\u00bb][et_pb_column type=\u00bb4_4&#8243; _builder_version=\u00bb3.25&#8243; custom_padding=\u00bb|||\u00bb global_colors_info=\u00bb{}\u00bb custom_padding__hover=\u00bb|||\u00bb][et_pb_text _builder_version=\u00bb4.11.1&#8243; text_font=\u00bb||||||||\u00bb header_font=\u00bb||||||||\u00bb header_text_align=\u00bbcenter\u00bb text_orientation=\u00bbcenter\u00bb custom_margin=\u00bb|||\u00bb global_colors_info=\u00bb{}\u00bb]\n<div class=\"section-title title-block title-style-1 text-left\">\n<p><span class=\"top-title\"><\/span><\/p>\n<h2 class=\"title\">Testimonios<\/h2>\n<p><span class=\"bottom-title\"><\/span><\/p>\n<\/div>\n[\/et_pb_text][\/et_pb_column][\/et_pb_row][et_pb_row column_structure=\u00bb1_2,1_2&#8243; use_custom_gutter=\u00bbon\u00bb gutter_width=\u00bb2&#8243; make_equal=\u00bbon\u00bb module_class=\u00bb et_pb_row_fullwidth\u00bb _builder_version=\u00bb4.6.1&#8243; width=\u00bb90%\u00bb width_tablet=\u00bb80%\u00bb width_phone=\u00bb\u00bb width_last_edited=\u00bbon|desktop\u00bb max_width=\u00bb1200px\u00bb max_width_tablet=\u00bb80%\u00bb max_width_phone=\u00bb\u00bb max_width_last_edited=\u00bbon|desktop\u00bb make_fullwidth=\u00bbon\u00bb global_module=\u00bb95&#8243; saved_tabs=\u00bball\u00bb global_colors_info=\u00bb{}\u00bb][et_pb_column type=\u00bb1_2&#8243; _builder_version=\u00bb3.25&#8243; custom_padding=\u00bb|||\u00bb global_colors_info=\u00bb{}\u00bb custom_padding__hover=\u00bb|||\u00bb][et_pb_testimonial author=\u00bbGonzalo Le\u00f3n\u00bb company_name=\u00bbUPM\u00bb portrait_url=\u00bbhttps:\/\/insia-upm.es\/wp-content\/uploads\/2021\/10\/Gonzalo-Leon-UPM-90&#215;90-1.jpg\u00bb module_class=\u00bbdct-testimonial-1&#8243; _builder_version=\u00bb4.11.1&#8243; animation_style=\u00bbslide\u00bb animation_direction=\u00bbleft\u00bb global_colors_info=\u00bb{}\u00bb]\n<blockquote>\n<p><q>\u00abDurante los m\u00e1s de ocho a\u00f1os durante los que he tenido el honor de servir a la UPM como Vicerrector de Investigaci\u00f3n he podido conocer m\u00e1s a fondo las actividades del INSIA, su paulatina transformaci\u00f3n al un\u00edsono con el del propio sector del autom\u00f3vil que le ha permitido conjugar las actividades de investigaci\u00f3n y formaci\u00f3n avanzada con una creciente oferta de servicios de innovaci\u00f3n al sector empresarial. En un momento en el que la UE preconiza una visi\u00f3n integrada de la formaci\u00f3n, investigaci\u00f3n e innovaci\u00f3n en el tri\u00e1ngulo del conocimiento, la actuaci\u00f3n del INSIA es mod\u00e9lica.\u00bb<\/q><\/p>\n<\/blockquote>\n<div class=\"author\"><\/div>\n[\/et_pb_testimonial][et_pb_testimonial author=\u00bbJos\u00e9 Mar\u00eda Fern\u00e1ndez Cuevas\u00bb company_name=\u00bbEPHISA\u00bb portrait_url=\u00bbhttps:\/\/insia-upm.es\/wp-content\/uploads\/2021\/10\/Jose-Maria-fernandez_cuevas-EPHISA-90&#215;90-1.jpg\u00bb module_class=\u00bbdct-testimonial-1&#8243; _builder_version=\u00bb4.11.1&#8243; animation_style=\u00bbslide\u00bb animation_direction=\u00bbleft\u00bb global_colors_info=\u00bb{}\u00bb]\n<blockquote>\n<p><span>\u00abConoc\u00ed el INSIA muy poco despu\u00e9s de su creaci\u00f3n e iniciaci\u00f3n de actividades y lo conoc\u00ed por dos cauces diferentes, uno privado y familiar y otro profesional. Este segundo tiene que ver con mi dedicaci\u00f3n, desde antiguo, a la seguridad vial y el conocimiento, desde hace aproximadamente treinta a\u00f1os, de los profesores Francisco Aparicio y Carlos Vera, que ya entonces iniciaban trabajos e investigaciones en este campo, desde la C\u00e1tedra de Transportes de la Escuela T\u00e9cnica Superior de Ingenieros Industriales de Madrid, cuando casi nadie hablaba en Espa\u00f1a de seguridad vial. Luego, llevar\u00edan esta disciplina al INSIA y hoy puede decirse que es una Instituci\u00f3n puntera en esta materia: programas para la investigaci\u00f3n de accidentes, como el denominado DRAG, entre otros, as\u00ed lo acreditan.\u00bb<\/span><\/p>\n<\/blockquote>\n<div class=\"author\"><\/div>\n[\/et_pb_testimonial][\/et_pb_column][et_pb_column type=\u00bb1_2&#8243; _builder_version=\u00bb3.25&#8243; custom_padding=\u00bb|||\u00bb global_colors_info=\u00bb{}\u00bb custom_padding__hover=\u00bb|||\u00bb][et_pb_testimonial author=\u00bbJuan \u00c1ngel Terr\u00f3n\u00bb company_name=\u00bbEMT Madrid\u00bb portrait_url=\u00bbhttps:\/\/insia-upm.es\/wp-content\/uploads\/2021\/10\/Juan-Angel-Terron_emt_madrid-90&#215;90-1.jpg\u00bb module_class=\u00bbdct-testimonial-1&#8243; _builder_version=\u00bb4.11.1&#8243; animation_style=\u00bbslide\u00bb animation_direction=\u00bbleft\u00bb global_colors_info=\u00bb{}\u00bb]\n<blockquote>\n<p>\u00ab<span>Del INSIA, la empresa donde trabajo se ha provisto de varios ingenieros que han pasado por sus cursos de postgrado para formarse: es un buen sitio para ello y me aprovech\u00e9, adem\u00e1s, de las opiniones que, sobre ellos, ten\u00edan mis amigos de dentro. Ahora son amigos los de all\u00ed y los de aqu\u00ed.<\/span>\u00ab<\/p>\n<\/blockquote>\n<div class=\"author\"><\/div>\n[\/et_pb_testimonial][et_pb_testimonial author=\u00bbCarlos Conde\u00bb company_name=\u00bbUPM\u00bb portrait_url=\u00bbhttps:\/\/insia-upm.es\/wp-content\/uploads\/2021\/10\/Carlos-Conde-UPM-90&#215;90-1.jpg\u00bb module_class=\u00bbdct-testimonial-1&#8243; _builder_version=\u00bb4.11.1&#8243; animation_style=\u00bbslide\u00bb animation_direction=\u00bbleft\u00bb global_colors_info=\u00bb{}\u00bb]\n<blockquote>\n<p><span>Consciente del impacto que estas estructuras tienen en la actividad de I+D+I, la UPM cre\u00f3 hace d\u00e9cadas sus primeros institutos. Entre ellos, en 1993, inici\u00f3 sus actividades el Instituto Universitario de Investigaci\u00f3n del Autom\u00f3vil (INSIA). Desde ese momento se agruparon en el INSIA prestigiosos profesores de nuestra ETSI Industriales, con una s\u00f3lida trayectoria investigadora en diferentes proyectos en torno al autom\u00f3vil: la industria automovil\u00edstica, la seguridad vial, el control de calidad, la asistencia a la conducci\u00f3n,\u2026<\/span><br \/><span>Supieron, adem\u00e1s, rodearse de estudiantes y j\u00f3venes investigadores, e incorporar profesionales y profesores de distintas disciplinas, muchos de los cuales son hoy parte esencial del INSIA. Se cre\u00f3 as\u00ed uno de esos equipos interdisciplinares que, tanto por su actividad formativa como por su actividad de I+D+I, enorgullece a la Universidad Polit\u00e9cnica de Madrid.<\/span><\/p>\n<\/blockquote>\n<div class=\"author\"><\/div>\n[\/et_pb_testimonial][et_pb_testimonial author=\u00bbAntonio Mu\u00f1oz\u00bb company_name=\u00bbMinisterio de Industria\u00bb portrait_url=\u00bbhttps:\/\/insia-upm.es\/wp-content\/uploads\/2021\/10\/Antonio-Munoz-90&#215;90-1.jpeg\u00bb module_class=\u00bbdct-testimonial-1&#8243; _builder_version=\u00bb4.11.1&#8243; animation_style=\u00bbslide\u00bb animation_direction=\u00bbleft\u00bb global_colors_info=\u00bb{}\u00bb]\n<blockquote>\n<p><span>El INSIA como servicio t\u00e9cnico de homologaciones del Ministerio de Industria y representante espa\u00f1ol en el Comit\u00e9 Europeo para la mejora de la seguridad de los veh\u00edculos (EEVC), ha tenido una destacada participaci\u00f3n en la elaboraci\u00f3n de diversos Reglamentos de Homologaci\u00f3n de Veh\u00edculos en el seno de la Comisi\u00f3n Econ\u00f3mica para Europa de Naciones Unidas.<br \/>Por ello me gustar\u00eda agradecer p\u00fablicamente al INSIA, la colaboraci\u00f3n que de manera altruista ha prestado a este Ministerio, contribuyendo de manera destacada a la mejora de la seguridad vehicular tanto en el \u00e1mbito europeo como nacional.<\/span><\/p>\n<\/blockquote>\n<div class=\"author\"><\/div>\n[\/et_pb_testimonial][\/et_pb_column][\/et_pb_row][\/et_pb_section]\n","protected":false},"excerpt":{"rendered":"<p>TESTIMONIOS Testimonios \u00abDurante los m\u00e1s de ocho a\u00f1os durante los que he tenido el honor de servir a la UPM como Vicerrector de Investigaci\u00f3n he podido conocer m\u00e1s a fondo las actividades del INSIA, su paulatina transformaci\u00f3n al un\u00edsono con el del propio sector del autom\u00f3vil que le ha permitido conjugar las actividades de investigaci\u00f3n [&hellip;]<\/p>\n","protected":false},"author":1,"featured_media":0,"parent":0,"menu_order":0,"comment_status":"closed","ping_status":"closed","template":"","meta":{"_et_pb_use_builder":"on","_et_pb_old_content":"","_et_gb_content_width":"","_monsterinsights_skip_tracking":false,"_monsterinsights_sitenote_active":false,"_monsterinsights_sitenote_note":"","_monsterinsights_sitenote_category":0,"footnotes":""},"class_list":["post-16029","page","type-page","status-publish","hentry"],"yoast_head":"<!-- This site is optimized with the Yoast SEO plugin v27.4 - https:\/\/yoast.com\/product\/yoast-seo-wordpress\/ -->\n<title>TESTIMONIOS - Instituto Universitario de Investigaci\u00f3n del Autom\u00f3vil Francisco Aparicio Izquierdo<\/title>\n<meta name=\"robots\" content=\"index, follow, max-snippet:-1, max-image-preview:large, max-video-preview:-1\" \/>\n<link rel=\"canonical\" href=\"https:\/\/insia-upm.es\/en\/testimonios\/\" \/>\n<meta property=\"og:locale\" content=\"en_GB\" \/>\n<meta property=\"og:type\" content=\"article\" \/>\n<meta property=\"og:title\" content=\"TESTIMONIOS - Instituto Universitario de Investigaci\u00f3n del Autom\u00f3vil Francisco Aparicio Izquierdo\" \/>\n<meta property=\"og:description\" content=\"TESTIMONIOS Testimonios &quot;Durante los m\u00e1s de ocho a\u00f1os durante los que he tenido el honor de servir a la UPM como Vicerrector de Investigaci\u00f3n he podido conocer m\u00e1s a fondo las actividades del INSIA, su paulatina transformaci\u00f3n al un\u00edsono con el del propio sector del autom\u00f3vil que le ha permitido conjugar las actividades de investigaci\u00f3n [&hellip;]\" \/>\n<meta property=\"og:url\" content=\"https:\/\/insia-upm.es\/en\/testimonios\/\" \/>\n<meta property=\"og:site_name\" content=\"Instituto Universitario de Investigaci\u00f3n del Autom\u00f3vil Francisco Aparicio Izquierdo\" \/>\n<meta property=\"article:modified_time\" content=\"2021-12-14T07:59:46+00:00\" \/>\n<meta name=\"twitter:card\" content=\"summary_large_image\" \/>\n<meta name=\"twitter:site\" content=\"@INSIAUPM\" \/>\n<meta name=\"twitter:label1\" content=\"Estimated reading time\" \/>\n\t<meta name=\"twitter:data1\" content=\"5 minutes\" \/>\n<script type=\"application\/ld+json\" class=\"yoast-schema-graph\">{\"@context\":\"https:\\\/\\\/schema.org\",\"@graph\":[{\"@type\":\"WebPage\",\"@id\":\"https:\\\/\\\/insia-upm.es\\\/testimonios\\\/\",\"url\":\"https:\\\/\\\/insia-upm.es\\\/testimonios\\\/\",\"name\":\"TESTIMONIOS - Instituto Universitario de Investigaci\u00f3n del Autom\u00f3vil Francisco Aparicio Izquierdo\",\"isPartOf\":{\"@id\":\"https:\\\/\\\/insia-upm.es\\\/#website\"},\"datePublished\":\"2021-11-02T17:42:01+00:00\",\"dateModified\":\"2021-12-14T07:59:46+00:00\",\"breadcrumb\":{\"@id\":\"https:\\\/\\\/insia-upm.es\\\/testimonios\\\/#breadcrumb\"},\"inLanguage\":\"en-GB\",\"potentialAction\":[{\"@type\":\"ReadAction\",\"target\":[\"https:\\\/\\\/insia-upm.es\\\/testimonios\\\/\"]}]},{\"@type\":\"BreadcrumbList\",\"@id\":\"https:\\\/\\\/insia-upm.es\\\/testimonios\\\/#breadcrumb\",\"itemListElement\":[{\"@type\":\"ListItem\",\"position\":1,\"name\":\"Portada\",\"item\":\"https:\\\/\\\/insia-upm.es\\\/\"},{\"@type\":\"ListItem\",\"position\":2,\"name\":\"TESTIMONIOS\"}]},{\"@type\":\"WebSite\",\"@id\":\"https:\\\/\\\/insia-upm.es\\\/#website\",\"url\":\"https:\\\/\\\/insia-upm.es\\\/\",\"name\":\"Instituto Universitario de Investigaci\u00f3n del Autom\u00f3vil Francisco Aparicio Izquierdo\",\"description\":\"Instituto de Investigaci\u00f3n del Autom\u00f3vil Francisco Aparicio Izquierdo\",\"publisher\":{\"@id\":\"https:\\\/\\\/insia-upm.es\\\/#organization\"},\"potentialAction\":[{\"@type\":\"SearchAction\",\"target\":{\"@type\":\"EntryPoint\",\"urlTemplate\":\"https:\\\/\\\/insia-upm.es\\\/?s={search_term_string}\"},\"query-input\":{\"@type\":\"PropertyValueSpecification\",\"valueRequired\":true,\"valueName\":\"search_term_string\"}}],\"inLanguage\":\"en-GB\"},{\"@type\":\"Organization\",\"@id\":\"https:\\\/\\\/insia-upm.es\\\/#organization\",\"name\":\"UPM-INSIA\",\"url\":\"https:\\\/\\\/insia-upm.es\\\/\",\"logo\":{\"@type\":\"ImageObject\",\"inLanguage\":\"en-GB\",\"@id\":\"https:\\\/\\\/insia-upm.es\\\/#\\\/schema\\\/logo\\\/image\\\/\",\"url\":\"https:\\\/\\\/insia-upm.es\\\/wp-content\\\/uploads\\\/2021\\\/12\\\/logo-insia-low-e1412177316550.png\",\"contentUrl\":\"https:\\\/\\\/insia-upm.es\\\/wp-content\\\/uploads\\\/2021\\\/12\\\/logo-insia-low-e1412177316550.png\",\"width\":50,\"height\":71,\"caption\":\"UPM-INSIA\"},\"image\":{\"@id\":\"https:\\\/\\\/insia-upm.es\\\/#\\\/schema\\\/logo\\\/image\\\/\"},\"sameAs\":[\"https:\\\/\\\/x.com\\\/INSIAUPM\",\"https:\\\/\\\/www.instagram.com\\\/insia.upm\\\/\",\"https:\\\/\\\/www.linkedin.com\\\/in\\\/insia-instituto-universitario-investigaci\u00f3n-9088635a\\\/\",\"https:\\\/\\\/www.youtube.com\\\/user\\\/gestionidi\"]}]}<\/script>\n<!-- \/ Yoast SEO plugin. -->","yoast_head_json":{"title":"TESTIMONIOS - Instituto Universitario de Investigaci\u00f3n del Autom\u00f3vil Francisco Aparicio Izquierdo","robots":{"index":"index","follow":"follow","max-snippet":"max-snippet:-1","max-image-preview":"max-image-preview:large","max-video-preview":"max-video-preview:-1"},"canonical":"https:\/\/insia-upm.es\/en\/testimonios\/","og_locale":"en_GB","og_type":"article","og_title":"TESTIMONIOS - Instituto Universitario de Investigaci\u00f3n del Autom\u00f3vil Francisco Aparicio Izquierdo","og_description":"TESTIMONIOS Testimonios \"Durante los m\u00e1s de ocho a\u00f1os durante los que he tenido el honor de servir a la UPM como Vicerrector de Investigaci\u00f3n he podido conocer m\u00e1s a fondo las actividades del INSIA, su paulatina transformaci\u00f3n al un\u00edsono con el del propio sector del autom\u00f3vil que le ha permitido conjugar las actividades de investigaci\u00f3n [&hellip;]","og_url":"https:\/\/insia-upm.es\/en\/testimonios\/","og_site_name":"Instituto Universitario de Investigaci\u00f3n del Autom\u00f3vil Francisco Aparicio Izquierdo","article_modified_time":"2021-12-14T07:59:46+00:00","twitter_card":"summary_large_image","twitter_site":"@INSIAUPM","twitter_misc":{"Estimated reading time":"5 minutes"},"schema":{"@context":"https:\/\/schema.org","@graph":[{"@type":"WebPage","@id":"https:\/\/insia-upm.es\/testimonios\/","url":"https:\/\/insia-upm.es\/testimonios\/","name":"TESTIMONIOS - Instituto Universitario de Investigaci\u00f3n del Autom\u00f3vil Francisco Aparicio Izquierdo","isPartOf":{"@id":"https:\/\/insia-upm.es\/#website"},"datePublished":"2021-11-02T17:42:01+00:00","dateModified":"2021-12-14T07:59:46+00:00","breadcrumb":{"@id":"https:\/\/insia-upm.es\/testimonios\/#breadcrumb"},"inLanguage":"en-GB","potentialAction":[{"@type":"ReadAction","target":["https:\/\/insia-upm.es\/testimonios\/"]}]},{"@type":"BreadcrumbList","@id":"https:\/\/insia-upm.es\/testimonios\/#breadcrumb","itemListElement":[{"@type":"ListItem","position":1,"name":"Portada","item":"https:\/\/insia-upm.es\/"},{"@type":"ListItem","position":2,"name":"TESTIMONIOS"}]},{"@type":"WebSite","@id":"https:\/\/insia-upm.es\/#website","url":"https:\/\/insia-upm.es\/","name":"Instituto Universitario de Investigaci\u00f3n del Autom\u00f3vil Francisco Aparicio Izquierdo","description":"Instituto de Investigaci\u00f3n del Autom\u00f3vil Francisco Aparicio Izquierdo","publisher":{"@id":"https:\/\/insia-upm.es\/#organization"},"potentialAction":[{"@type":"SearchAction","target":{"@type":"EntryPoint","urlTemplate":"https:\/\/insia-upm.es\/?s={search_term_string}"},"query-input":{"@type":"PropertyValueSpecification","valueRequired":true,"valueName":"search_term_string"}}],"inLanguage":"en-GB"},{"@type":"Organization","@id":"https:\/\/insia-upm.es\/#organization","name":"UPM-INSIA","url":"https:\/\/insia-upm.es\/","logo":{"@type":"ImageObject","inLanguage":"en-GB","@id":"https:\/\/insia-upm.es\/#\/schema\/logo\/image\/","url":"https:\/\/insia-upm.es\/wp-content\/uploads\/2021\/12\/logo-insia-low-e1412177316550.png","contentUrl":"https:\/\/insia-upm.es\/wp-content\/uploads\/2021\/12\/logo-insia-low-e1412177316550.png","width":50,"height":71,"caption":"UPM-INSIA"},"image":{"@id":"https:\/\/insia-upm.es\/#\/schema\/logo\/image\/"},"sameAs":["https:\/\/x.com\/INSIAUPM","https:\/\/www.instagram.com\/insia.upm\/","https:\/\/www.linkedin.com\/in\/insia-instituto-universitario-investigaci\u00f3n-9088635a\/","https:\/\/www.youtube.com\/user\/gestionidi"]}]}},"_links":{"self":[{"href":"https:\/\/insia-upm.es\/en\/wp-json\/wp\/v2\/pages\/16029","targetHints":{"allow":["GET"]}}],"collection":[{"href":"https:\/\/insia-upm.es\/en\/wp-json\/wp\/v2\/pages"}],"about":[{"href":"https:\/\/insia-upm.es\/en\/wp-json\/wp\/v2\/types\/page"}],"author":[{"embeddable":true,"href":"https:\/\/insia-upm.es\/en\/wp-json\/wp\/v2\/users\/1"}],"replies":[{"embeddable":true,"href":"https:\/\/insia-upm.es\/en\/wp-json\/wp\/v2\/comments?post=16029"}],"version-history":[{"count":24,"href":"https:\/\/insia-upm.es\/en\/wp-json\/wp\/v2\/pages\/16029\/revisions"}],"predecessor-version":[{"id":18149,"href":"https:\/\/insia-upm.es\/en\/wp-json\/wp\/v2\/pages\/16029\/revisions\/18149"}],"wp:attachment":[{"href":"https:\/\/insia-upm.es\/en\/wp-json\/wp\/v2\/media?parent=16029"}],"curies":[{"name":"wp","href":"https:\/\/api.w.org\/{rel}","templated":true}]}}