{"id":15835,"date":"2021-11-01T19:48:05","date_gmt":"2021-11-01T19:48:05","guid":{"rendered":"https:\/\/insia-upm.es\/?page_id=15835"},"modified":"2021-12-12T17:26:29","modified_gmt":"2021-12-12T17:26:29","slug":"reformas-de-importancia","status":"publish","type":"page","link":"https:\/\/insia-upm.es\/en\/reformas-de-importancia\/","title":{"rendered":"MAJOR MODIFICATIONS"},"content":{"rendered":"[et_pb_section fb_built=\u00bb1&#8243; fullwidth=\u00bbon\u00bb _builder_version=\u00bb3.22.3&#8243; custom_padding=\u00bb|||\u00bb global_colors_info=\u00bb{}\u00bb][et_pb_fullwidth_header text_orientation=\u00bbcenter\u00bb module_class=\u00bbdct-header-title\u00bb _builder_version=\u00bb4.11.1&#8243; title_font=\u00bb||||||||\u00bb title_text_align=\u00bbcenter\u00bb content_font=\u00bb||||||||\u00bb content_text_align=\u00bbcenter\u00bb background_color=\u00bbrgba(0,0,0,0.66)\u00bb background_image=\u00bbhttps:\/\/insia-upm.es\/wp-content\/uploads\/2021\/10\/Insia_exteriores_instalaciones_10.jpg\u00bb background_blend=\u00bboverlay\u00bb global_colors_info=\u00bb{}\u00bb button_one_text_size__hover_enabled=\u00bboff\u00bb button_two_text_size__hover_enabled=\u00bboff\u00bb button_one_text_color__hover_enabled=\u00bboff\u00bb button_two_text_color__hover_enabled=\u00bboff\u00bb button_one_border_width__hover_enabled=\u00bboff\u00bb button_two_border_width__hover_enabled=\u00bboff\u00bb button_one_border_color__hover_enabled=\u00bboff\u00bb button_two_border_color__hover_enabled=\u00bboff\u00bb button_one_border_radius__hover_enabled=\u00bboff\u00bb button_two_border_radius__hover_enabled=\u00bboff\u00bb button_one_letter_spacing__hover_enabled=\u00bboff\u00bb button_two_letter_spacing__hover_enabled=\u00bboff\u00bb button_one_bg_color__hover_enabled=\u00bboff\u00bb button_two_bg_color__hover_enabled=\u00bboff\u00bb]\n<h1>Reformas de importanc<span>ia<\/span><\/h1>\n[\/et_pb_fullwidth_header][\/et_pb_section][et_pb_section fb_built=\u00bb1&#8243; _builder_version=\u00bb4.11.1&#8243; _module_preset=\u00bbdefault\u00bb custom_padding=\u00bb6px||5px|||\u00bb global_colors_info=\u00bb{}\u00bb][et_pb_row _builder_version=\u00bb4.11.1&#8243; _module_preset=\u00bbdefault\u00bb custom_padding=\u00bb40px||41px|||\u00bb global_colors_info=\u00bb{}\u00bb][et_pb_column type=\u00bb4_4&#8243; _builder_version=\u00bb4.11.1&#8243; _module_preset=\u00bbdefault\u00bb global_colors_info=\u00bb{}\u00bb][et_pb_text module_class=\u00bbdct_title_left\u00bb _builder_version=\u00bb4.11.1&#8243; text_font=\u00bb||||||||\u00bb header_font=\u00bb||||||||\u00bb header_text_align=\u00bbcenter\u00bb min_height=\u00bb132px\u00bb custom_margin=\u00bb-30px|||||\u00bb custom_padding=\u00bb41px||41px||true|\u00bb global_colors_info=\u00bb{}\u00bb]\n<div class=\"section-title title-block title-style-1 text-left\">\n<p style=\"text-align: justify;\">El \u00c1rea de Reformas de veh\u00edculos del INSIA es un Servicio T\u00e9cnico designado por el Ministerio de Industria\u00a0\u00a0(con capacidad de realizar ensayos), que cuenta con<span>\u00a0<\/span><b>m\u00e1s de veinte a\u00f1os de experiencia<span>\u00a0<\/span><\/b>en la emisi\u00f3n de informes y la realizaci\u00f3n de ensayos, para la<span>\u00a0<\/span><b>legalizaci\u00f3n de reformas en todo tipo de veh\u00edculos<\/b>.<\/p>\n<div align=\"justify\" style=\"text-align: justify;\">Como entidad de reconocido prestigio del sector de automoci\u00f3n en esta \u00e1rea, trabajamos junto con el Ministerio de Industria, Comunidades Aut\u00f3nomas, fabricantes de veh\u00edculos, asociaciones y otros grupos de inter\u00e9s, en proyectos de actualizaci\u00f3n y mejora de la normativa aplicable a los veh\u00edculos en materia de seguridad y medio ambiente, lo que nos convierte en una referencia en este \u00e1mbito.<\/div>\n<div align=\"justify\">\n<div>\n<div style=\"text-align: justify;\"><\/div>\n<\/div>\n<\/div>\n<\/div>\n[\/et_pb_text][et_pb_text module_class=\u00bbdct_title_left\u00bb _builder_version=\u00bb4.11.1&#8243; text_font=\u00bb||||||||\u00bb header_font=\u00bb||||||||\u00bb header_text_align=\u00bbcenter\u00bb custom_margin=\u00bb-30px|||||\u00bb custom_padding=\u00bb10px|||||\u00bb global_colors_info=\u00bb{}\u00bb]\n<div class=\"section-title title-block title-style-1 text-left\">\n<p>\u00a0<span style=\"color: #666666; font-family: Poppins, Arial, sans-serif; font-size: 35px; font-weight: bold;\">Servicios que prestamos:<\/span><\/p>\n<p><span class=\"bottom-title\"><\/span><\/p>\n<\/div>\n[\/et_pb_text][et_pb_text module_class=\u00bbdct_title_left\u00bb _builder_version=\u00bb4.11.1&#8243; text_font=\u00bb||||||||\u00bb header_font=\u00bb||||||||\u00bb header_text_align=\u00bbcenter\u00bb min_height=\u00bb324px\u00bb custom_margin=\u00bb-30px|||||\u00bb custom_padding=\u00bb||41px|||\u00bb global_colors_info=\u00bb{}\u00bb]\n<div class=\"section-title title-block title-style-1 text-left\">\n<div align=\"justify\">\n<h2><\/h2>\n<div>\n<div>\n<ul>\n<li style=\"text-align: justify;\"><b>Realizaci\u00f3n de ensayos y de informes de conformidad<\/b><span>\u00a0<\/span><b>para la legalizaci\u00f3n de reformas en veh\u00edculos<\/b><span>\u00a0<\/span>seg\u00fan R. D. 866\/2010. Por ejemplo:\n<ul>\n<li>Cambio de neum\u00e1ticos<\/li>\n<li>Cambio de suspensi\u00f3n<\/li>\n<\/ul>\n<\/li>\n<\/ul>\n<ul style=\"text-align: justify;\">\n<li>\u00a0<b>Tramitaci\u00f3n de conjuntos funcionales para fabricantes<span>\u00a0<\/span><\/b>de acuerdo a lo establecido en el R.D. 866\/2010. Por ejemplo:\n<ul>\n<li>Cambio de Faros<\/li>\n<li>Paragolpes<\/li>\n<\/ul>\n<\/li>\n<\/ul>\n<p style=\"text-align: justify;\"><b>Entre nuestros clientes, contamos con<\/b>:<\/p>\n<\/div>\n<div>\n<ul style=\"text-align: justify;\">\n<li>Fabricantes<\/li>\n<li>Carroceros<\/li>\n<li>Transformadores<\/li>\n<li>Talleres<\/li>\n<li>Particulares<\/li>\n<\/ul>\n<p style=\"text-align: justify;\">Si desea<span>\u00a0<\/span><b>solicitar presupuesto para la legalizaci\u00f3n de su reforma,<\/b><span>\u00a0<\/span>es necesario que rellene nuestro formulario y lo acompa\u00f1e de la siguiente documentaci\u00f3n:<\/p>\n<ol>\n<li style=\"text-align: justify;\">Breve descripci\u00f3n de la transformaci\u00f3n realizada, incluyendo un listado de elementos instalados y sustituidos.<\/li>\n<li style=\"text-align: justify;\">Ficha t\u00e9cnica y permiso de circulaci\u00f3n del veh\u00edculo.<\/li>\n<li style=\"text-align: justify;\">Informaci\u00f3n sobre los nuevos elementos instalados, incluyendo toda la documentaci\u00f3n relativa a la homologaci\u00f3n de estos elementos, \u00a0en el caso de que se disponga de ella.<\/li>\n<\/ol>\n<\/div>\n<\/div>\n<\/div>\n<\/div>\n[\/et_pb_text][et_pb_text module_class=\u00bbdct_title_left\u00bb _builder_version=\u00bb4.11.1&#8243; text_font=\u00bb||||||||\u00bb header_font=\u00bb||||||||\u00bb header_text_align=\u00bbcenter\u00bb custom_margin=\u00bb-30px|||||\u00bb custom_padding=\u00bb10px|||||\u00bb global_colors_info=\u00bb{}\u00bb]\n<div class=\"section-title title-block title-style-1 text-left\">\n<p>\u00a0<span style=\"color: #666666; font-family: Poppins, Arial, sans-serif; font-size: 35px; font-weight: bold;\">Preguntas Frecuentes<\/span><\/p>\n<p><span class=\"bottom-title\"><\/span><\/p>\n<\/div>\n[\/et_pb_text][et_pb_accordion module_class=\u00bbdct-faq-v1&#8243; _builder_version=\u00bb4.11.1&#8243; custom_css_toggle=\u00bbborder: none !important;||padding:0 !important;||    margin-bottom: 0 !important;\u00bb custom_css_toggle_title=\u00bbfont-weight: 400;||    padding: 25px 20px 25px 0 !important;||border-bottom: 1px solid #e7e7e7;\u00bb global_colors_info=\u00bb{}\u00bb][et_pb_accordion_item title=\u00bb\u00bfQU\u00c9 SE CONSIDERA COMO REFORMA EN UN VEH\u00cdCULO?\u00bb open=\u00bbon\u00bb _builder_version=\u00bb4.11.1&#8243; global_colors_info=\u00bb{}\u00bb]\n<p style=\"text-align: justify;\"><span>Toda modificaci\u00f3n, sustituci\u00f3n, actuaci\u00f3n, incorporaci\u00f3n o supresi\u00f3n efectuada en un veh\u00edculo despu\u00e9s de su matriculaci\u00f3n y en remolques ligeros despu\u00e9s de ser autorizados a circular, que o bien cambia alguna de las caracter\u00edsticas del mismo, o es susceptible de alterar las condiciones de su homologaci\u00f3n. Este t\u00e9rmino incluye cualquier actuaci\u00f3n que implique alguna modificaci\u00f3n de los datos que figuran en la tarjeta de ITV del veh\u00edculo.<\/span><\/p>\n[\/et_pb_accordion_item][et_pb_accordion_item title=\u00bb\u00bfQU\u00c9 ES UN CONJUNTO FUNCIONAL?\u00bb _builder_version=\u00bb4.11.1&#8243; global_colors_info=\u00bb{}\u00bb open=\u00bboff\u00bb]\n<p style=\"text-align: justify;\"><span>Es un conjunto de sistemas, partes o piezas autorizado por la autoridad de homologaci\u00f3n, destinado a cumplir una funci\u00f3n determinada en uno o varios veh\u00edculos del mismo o de diferentes tipos o categor\u00edas y que se ven afectadas por una o varias reformas tipificadas. Para obtener la autorizaci\u00f3n de un conjunto funcional es indispensable ser un fabricante inscrito en el Registro de fabricantes del Ministerio de Industria.<\/span><\/p>\n[\/et_pb_accordion_item][et_pb_accordion_item title=\u00bb\u00bfQU\u00c9 ES UN MANUAL DE REFORMAS DE VEH\u00cdCULO?\u00bb _builder_version=\u00bb4.11.1&#8243; global_colors_info=\u00bb{}\u00bb open=\u00bboff\u00bb]\n<p style=\"text-align: justify;\"><span>Es un documento elaborado por el Ministerio de Industria, en colaboraci\u00f3n con los \u00f3rganos competentes en materia de ITV de las comunidades aut\u00f3nomas, que establece las descripciones de las reformas tipificadas, su codificaci\u00f3n y la documentaci\u00f3n precisa para su tramitaci\u00f3n. Este manual se encuentra disponible para consulta de los solicitantes de una reforma en todas las estaciones de ITV, as\u00ed como en la web del Ministerio de Industria.<\/span><\/p>\n[\/et_pb_accordion_item][et_pb_accordion_item title=\u00bbUNA REFORMA SIN LEGALIZAR, \u00bfES MOTIVO PARA QUE EL RESULTADO DE LA ITV SEA DESFAVORABLE?\u00bb _builder_version=\u00bb4.11.1&#8243; global_colors_info=\u00bb{}\u00bb open=\u00bboff\u00bb]\n<p><span>Efectivamente, la ITV ser\u00e1 considerada desfavorable, ya que una reforma que no se encuentra legalizada, es considerada Defecto Grave seg\u00fan lo establecido en el procedimiento de inspecci\u00f3n de las estaciones ITV.\u00a0 Este tipo de defecto, inhabilita al veh\u00edculo para circular por las v\u00edas p\u00fablicas excepto para su traslado al taller, o en su caso, para la regularizaci\u00f3n de su situaci\u00f3n y vuelta a la Estaci\u00f3n ITV para nueva inspecci\u00f3n en un plazo no superior a dos meses.<\/span><\/p>\n[\/et_pb_accordion_item][et_pb_accordion_item title=\u00bb\u00bfQU\u00c9 DOCUMENTACI\u00d3N ES NECESARIA PARA PASAR LA ITV CON MI VEH\u00cdCULO REFORMADO?\u00bb _builder_version=\u00bb4.11.1&#8243; global_colors_info=\u00bb{}\u00bb open=\u00bboff\u00bb]\n<p style=\"text-align: justify;\"><span>De acuerdo a lo indicado para cada una de las reformas tipificadas en el manual de reformas, La tramitaci\u00f3n de reformas de veh\u00edculos podr\u00e1 requerir todos o alguno de los siguientes documentos:<\/span><\/p>\n<p>&nbsp;<\/p>\n<ul>\n<li>a) Proyecto t\u00e9cnico detallado de la reforma a efectuar y certificaci\u00f3n final de obra en la que se indique que la misma se ha realizado seg\u00fan lo establecido en dicho proyecto, suscritos ambos por t\u00e9cnico titulado competente. En la certificaci\u00f3n de obra se har\u00e1 constar de forma expresa el taller y la fecha en la que se efectu\u00f3 la misma. Este proyecto t\u00e9cnico se ha de presentar tambi\u00e9n al emisor del informe de conformidad.<\/li>\n<li>b) Informe de conformidad emitido por el servicio t\u00e9cnico de reformas designado o alternativamente por el fabricante del veh\u00edculo.<\/li>\n<li>c) Certificado del taller en el que se efectu\u00f3 la reforma,\u00a0seg\u00fan modelo del anexo III, de\u00a0la correcta realizaci\u00f3n de la misma.<\/li>\n<\/ul>\n[\/et_pb_accordion_item][et_pb_accordion_item title=\u00bb\u00bfQU\u00c9 DOCUMENTACI\u00d3N NECESITO PARA TRAMITAR UN CONJUNTO FUNCIONAL?\u00bb _builder_version=\u00bb4.11.1&#8243; global_colors_info=\u00bb{}\u00bb open=\u00bboff\u00bb]\n<p style=\"text-align: justify;\"><span>El fabricante del conjunto funcional que desee obtener la autorizaci\u00f3n deber\u00e1 presentar ante la autoridad de homologaci\u00f3n un ejemplar de la documentaci\u00f3n siguiente:<\/span><\/p>\n<p style=\"text-align: justify;\">\n<ul>\n<li style=\"text-align: justify;\">Inscripci\u00f3n en el registro de fabricantes y firmas autorizadas del Ministerio de Industria.<\/li>\n<li style=\"text-align: justify;\">Documentaci\u00f3n acreditativa de haber cumplido sus obligaciones como fabricante en lo que se refiere a la conformidad de la producci\u00f3n.<\/li>\n<li style=\"text-align: justify;\">Solicitud de autorizaci\u00f3n.<\/li>\n<li style=\"text-align: justify;\">Ficha de caracter\u00edsticas donde se describa el conjunto funcional y los actos reglamentarios afectados, incluida la instalaci\u00f3n, sellada por un servicio t\u00e9cnico competente en materia de homologaci\u00f3n en Espa\u00f1a.<\/li>\n<li style=\"text-align: justify;\">Acta de ensayo del conjunto funcional y de su instalaci\u00f3n expedida por un servicio t\u00e9cnico competente en materia de homologaci\u00f3n en Espa\u00f1a.<\/li>\n<\/ul>\n[\/et_pb_accordion_item][\/et_pb_accordion][\/et_pb_column][\/et_pb_row][et_pb_row _builder_version=\u00bb4.11.1&#8243; _module_preset=\u00bbdefault\u00bb min_height=\u00bb154px\u00bb custom_padding=\u00bb10px||7px|||\u00bb global_colors_info=\u00bb{}\u00bb][et_pb_column type=\u00bb4_4&#8243; _builder_version=\u00bb4.11.1&#8243; _module_preset=\u00bbdefault\u00bb global_colors_info=\u00bb{}\u00bb][et_pb_text module_class=\u00bbdct_title_left\u00bb _builder_version=\u00bb4.11.1&#8243; text_font=\u00bb||||||||\u00bb header_font=\u00bb||||||||\u00bb header_text_align=\u00bbcenter\u00bb min_height=\u00bb49px\u00bb custom_margin=\u00bb-4px||7px|||\u00bb custom_padding=\u00bb10px|||||\u00bb global_colors_info=\u00bb{}\u00bb]\n<div class=\"section-title title-block title-style-1 text-left\">\n<p>\u00a0<span style=\"color: #666666; font-family: Poppins, Arial, sans-serif; font-size: 35px; font-weight: bold;\">Contacto<\/span><\/p>\n<p><span class=\"bottom-title\"><\/span><\/p>\n<\/div>\n[\/et_pb_text][et_pb_text _builder_version=\u00bb4.11.1&#8243; _module_preset=\u00bbdefault\u00bb custom_margin=\u00bb-29px|||||\u00bb custom_padding=\u00bb46px||15px|||\u00bb global_colors_info=\u00bb{}\u00bb]\n<p><strong>Antonio Giner\u00e9s Guagnano. Director del \u00c1rea de Reformas de Importancia<\/strong><\/p>\n<div class=\"fusion-social-networks\"><span style=\"color: #000000;\"><a class=\"fusion-social-network-icon fusion-tooltip fusion-mail fusionicon-mail\" href=\"mailto:reformas.insia@upm.es\" target=\"_self\" data-placement=\" \" data-title=\"Mail\" title=\"Mail\" data-toggle=\"tooltip\" data-original-title=\"Mail\" style=\"color: #000000;\" rel=\"noopener\"><\/a><\/span><\/div>\n<div class=\"person-content fusion-clearfix\"><a href=\"REFORMAS.INSIA@UPM.ES\" target=\"_blank\" rel=\"noopener\"><span style=\"color: #000000;\">reformas.insia@upm.es<\/span><\/a><\/div>\n[\/et_pb_text][\/et_pb_column][\/et_pb_row][et_pb_row _builder_version=\u00bb4.11.1&#8243; _module_preset=\u00bbdefault\u00bb min_height=\u00bb68.5px\u00bb custom_padding=\u00bb0px||9px|||\u00bb global_colors_info=\u00bb{}\u00bb][et_pb_column type=\u00bb4_4&#8243; _builder_version=\u00bb4.11.1&#8243; _module_preset=\u00bbdefault\u00bb global_colors_info=\u00bb{}\u00bb][et_pb_button button_url=\u00bbhttps:\/\/insia-upm.es\/servicios-tecnologicos\/\u00bb button_text=\u00bbSERVICIOS TECNOL\u00d3GICOS\u00bb button_alignment=\u00bbcenter\u00bb _builder_version=\u00bb4.11.1&#8243; _module_preset=\u00bbdefault\u00bb custom_button=\u00bbon\u00bb button_text_size=\u00bb20px\u00bb button_border_width=\u00bb1px\u00bb button_border_radius=\u00bb3px\u00bb button_letter_spacing=\u00bb0px\u00bb button_font=\u00bb||||||||\u00bb button_icon=\u00bb%%23%%\u00bb button_icon_placement=\u00bbleft\u00bb global_colors_info=\u00bb{}\u00bb][\/et_pb_button][\/et_pb_column][\/et_pb_row][\/et_pb_section]\n","protected":false},"excerpt":{"rendered":"<p>Reformas de importancia El \u00c1rea de Reformas de veh\u00edculos del INSIA es un Servicio T\u00e9cnico designado por el Ministerio de Industria\u00a0\u00a0(con capacidad de realizar ensayos), que cuenta con\u00a0m\u00e1s de veinte a\u00f1os de experiencia\u00a0en la emisi\u00f3n de informes y la realizaci\u00f3n de ensayos, para la\u00a0legalizaci\u00f3n de reformas en todo tipo de veh\u00edculos. Como entidad de reconocido [&hellip;]<\/p>\n","protected":false},"author":1,"featured_media":0,"parent":0,"menu_order":0,"comment_status":"closed","ping_status":"closed","template":"","meta":{"_et_pb_use_builder":"on","_et_pb_old_content":"","_et_gb_content_width":"","_monsterinsights_skip_tracking":false,"_monsterinsights_sitenote_active":false,"_monsterinsights_sitenote_note":"","_monsterinsights_sitenote_category":0,"footnotes":""},"class_list":["post-15835","page","type-page","status-publish","hentry"],"yoast_head":"<!-- This site is optimized with the Yoast SEO plugin v27.4 - https:\/\/yoast.com\/product\/yoast-seo-wordpress\/ -->\n<title>REFORMAS DE IMPORTANC\u00cdA - Instituto Universitario de Investigaci\u00f3n del Autom\u00f3vil Francisco Aparicio Izquierdo<\/title>\n<meta name=\"robots\" content=\"index, follow, max-snippet:-1, max-image-preview:large, max-video-preview:-1\" \/>\n<link rel=\"canonical\" href=\"https:\/\/insia-upm.es\/en\/reformas-de-importancia\/\" \/>\n<meta property=\"og:locale\" content=\"en_GB\" \/>\n<meta property=\"og:type\" content=\"article\" \/>\n<meta property=\"og:title\" content=\"REFORMAS DE IMPORTANC\u00cdA - Instituto Universitario de Investigaci\u00f3n del Autom\u00f3vil Francisco Aparicio Izquierdo\" \/>\n<meta property=\"og:description\" content=\"Reformas de importancia El \u00c1rea de Reformas de veh\u00edculos del INSIA es un Servicio T\u00e9cnico designado por el Ministerio de Industria\u00a0\u00a0(con capacidad de realizar ensayos), que cuenta con\u00a0m\u00e1s de veinte a\u00f1os de experiencia\u00a0en la emisi\u00f3n de informes y la realizaci\u00f3n de ensayos, para la\u00a0legalizaci\u00f3n de reformas en todo tipo de veh\u00edculos. Como entidad de reconocido [&hellip;]\" \/>\n<meta property=\"og:url\" content=\"https:\/\/insia-upm.es\/en\/reformas-de-importancia\/\" \/>\n<meta property=\"og:site_name\" content=\"Instituto Universitario de Investigaci\u00f3n del Autom\u00f3vil Francisco Aparicio Izquierdo\" \/>\n<meta property=\"article:modified_time\" content=\"2021-12-12T17:26:29+00:00\" \/>\n<meta name=\"twitter:card\" content=\"summary_large_image\" \/>\n<meta name=\"twitter:site\" content=\"@INSIAUPM\" \/>\n<meta name=\"twitter:label1\" content=\"Estimated reading time\" \/>\n\t<meta name=\"twitter:data1\" content=\"8 minutes\" \/>\n<script type=\"application\/ld+json\" class=\"yoast-schema-graph\">{\"@context\":\"https:\\\/\\\/schema.org\",\"@graph\":[{\"@type\":\"WebPage\",\"@id\":\"https:\\\/\\\/insia-upm.es\\\/reformas-de-importancia\\\/\",\"url\":\"https:\\\/\\\/insia-upm.es\\\/reformas-de-importancia\\\/\",\"name\":\"REFORMAS DE IMPORTANC\u00cdA - Instituto Universitario de Investigaci\u00f3n del Autom\u00f3vil Francisco Aparicio Izquierdo\",\"isPartOf\":{\"@id\":\"https:\\\/\\\/insia-upm.es\\\/#website\"},\"datePublished\":\"2021-11-01T19:48:05+00:00\",\"dateModified\":\"2021-12-12T17:26:29+00:00\",\"breadcrumb\":{\"@id\":\"https:\\\/\\\/insia-upm.es\\\/reformas-de-importancia\\\/#breadcrumb\"},\"inLanguage\":\"en-GB\",\"potentialAction\":[{\"@type\":\"ReadAction\",\"target\":[\"https:\\\/\\\/insia-upm.es\\\/reformas-de-importancia\\\/\"]}]},{\"@type\":\"BreadcrumbList\",\"@id\":\"https:\\\/\\\/insia-upm.es\\\/reformas-de-importancia\\\/#breadcrumb\",\"itemListElement\":[{\"@type\":\"ListItem\",\"position\":1,\"name\":\"Portada\",\"item\":\"https:\\\/\\\/insia-upm.es\\\/\"},{\"@type\":\"ListItem\",\"position\":2,\"name\":\"REFORMAS DE IMPORTANC\u00cdA\"}]},{\"@type\":\"WebSite\",\"@id\":\"https:\\\/\\\/insia-upm.es\\\/#website\",\"url\":\"https:\\\/\\\/insia-upm.es\\\/\",\"name\":\"Instituto Universitario de Investigaci\u00f3n del Autom\u00f3vil Francisco Aparicio Izquierdo\",\"description\":\"Instituto de Investigaci\u00f3n del Autom\u00f3vil Francisco Aparicio Izquierdo\",\"publisher\":{\"@id\":\"https:\\\/\\\/insia-upm.es\\\/#organization\"},\"potentialAction\":[{\"@type\":\"SearchAction\",\"target\":{\"@type\":\"EntryPoint\",\"urlTemplate\":\"https:\\\/\\\/insia-upm.es\\\/?s={search_term_string}\"},\"query-input\":{\"@type\":\"PropertyValueSpecification\",\"valueRequired\":true,\"valueName\":\"search_term_string\"}}],\"inLanguage\":\"en-GB\"},{\"@type\":\"Organization\",\"@id\":\"https:\\\/\\\/insia-upm.es\\\/#organization\",\"name\":\"UPM-INSIA\",\"url\":\"https:\\\/\\\/insia-upm.es\\\/\",\"logo\":{\"@type\":\"ImageObject\",\"inLanguage\":\"en-GB\",\"@id\":\"https:\\\/\\\/insia-upm.es\\\/#\\\/schema\\\/logo\\\/image\\\/\",\"url\":\"https:\\\/\\\/insia-upm.es\\\/wp-content\\\/uploads\\\/2021\\\/12\\\/logo-insia-low-e1412177316550.png\",\"contentUrl\":\"https:\\\/\\\/insia-upm.es\\\/wp-content\\\/uploads\\\/2021\\\/12\\\/logo-insia-low-e1412177316550.png\",\"width\":50,\"height\":71,\"caption\":\"UPM-INSIA\"},\"image\":{\"@id\":\"https:\\\/\\\/insia-upm.es\\\/#\\\/schema\\\/logo\\\/image\\\/\"},\"sameAs\":[\"https:\\\/\\\/x.com\\\/INSIAUPM\",\"https:\\\/\\\/www.instagram.com\\\/insia.upm\\\/\",\"https:\\\/\\\/www.linkedin.com\\\/in\\\/insia-instituto-universitario-investigaci\u00f3n-9088635a\\\/\",\"https:\\\/\\\/www.youtube.com\\\/user\\\/gestionidi\"]}]}<\/script>\n<!-- \/ Yoast SEO plugin. -->","yoast_head_json":{"title":"REFORMAS DE IMPORTANC\u00cdA - Instituto Universitario de Investigaci\u00f3n del Autom\u00f3vil Francisco Aparicio Izquierdo","robots":{"index":"index","follow":"follow","max-snippet":"max-snippet:-1","max-image-preview":"max-image-preview:large","max-video-preview":"max-video-preview:-1"},"canonical":"https:\/\/insia-upm.es\/en\/reformas-de-importancia\/","og_locale":"en_GB","og_type":"article","og_title":"REFORMAS DE IMPORTANC\u00cdA - Instituto Universitario de Investigaci\u00f3n del Autom\u00f3vil Francisco Aparicio Izquierdo","og_description":"Reformas de importancia El \u00c1rea de Reformas de veh\u00edculos del INSIA es un Servicio T\u00e9cnico designado por el Ministerio de Industria\u00a0\u00a0(con capacidad de realizar ensayos), que cuenta con\u00a0m\u00e1s de veinte a\u00f1os de experiencia\u00a0en la emisi\u00f3n de informes y la realizaci\u00f3n de ensayos, para la\u00a0legalizaci\u00f3n de reformas en todo tipo de veh\u00edculos. Como entidad de reconocido [&hellip;]","og_url":"https:\/\/insia-upm.es\/en\/reformas-de-importancia\/","og_site_name":"Instituto Universitario de Investigaci\u00f3n del Autom\u00f3vil Francisco Aparicio Izquierdo","article_modified_time":"2021-12-12T17:26:29+00:00","twitter_card":"summary_large_image","twitter_site":"@INSIAUPM","twitter_misc":{"Estimated reading time":"8 minutes"},"schema":{"@context":"https:\/\/schema.org","@graph":[{"@type":"WebPage","@id":"https:\/\/insia-upm.es\/reformas-de-importancia\/","url":"https:\/\/insia-upm.es\/reformas-de-importancia\/","name":"REFORMAS DE IMPORTANC\u00cdA - Instituto Universitario de Investigaci\u00f3n del Autom\u00f3vil Francisco Aparicio Izquierdo","isPartOf":{"@id":"https:\/\/insia-upm.es\/#website"},"datePublished":"2021-11-01T19:48:05+00:00","dateModified":"2021-12-12T17:26:29+00:00","breadcrumb":{"@id":"https:\/\/insia-upm.es\/reformas-de-importancia\/#breadcrumb"},"inLanguage":"en-GB","potentialAction":[{"@type":"ReadAction","target":["https:\/\/insia-upm.es\/reformas-de-importancia\/"]}]},{"@type":"BreadcrumbList","@id":"https:\/\/insia-upm.es\/reformas-de-importancia\/#breadcrumb","itemListElement":[{"@type":"ListItem","position":1,"name":"Portada","item":"https:\/\/insia-upm.es\/"},{"@type":"ListItem","position":2,"name":"REFORMAS DE IMPORTANC\u00cdA"}]},{"@type":"WebSite","@id":"https:\/\/insia-upm.es\/#website","url":"https:\/\/insia-upm.es\/","name":"Instituto Universitario de Investigaci\u00f3n del Autom\u00f3vil Francisco Aparicio Izquierdo","description":"Instituto de Investigaci\u00f3n del Autom\u00f3vil Francisco Aparicio Izquierdo","publisher":{"@id":"https:\/\/insia-upm.es\/#organization"},"potentialAction":[{"@type":"SearchAction","target":{"@type":"EntryPoint","urlTemplate":"https:\/\/insia-upm.es\/?s={search_term_string}"},"query-input":{"@type":"PropertyValueSpecification","valueRequired":true,"valueName":"search_term_string"}}],"inLanguage":"en-GB"},{"@type":"Organization","@id":"https:\/\/insia-upm.es\/#organization","name":"UPM-INSIA","url":"https:\/\/insia-upm.es\/","logo":{"@type":"ImageObject","inLanguage":"en-GB","@id":"https:\/\/insia-upm.es\/#\/schema\/logo\/image\/","url":"https:\/\/insia-upm.es\/wp-content\/uploads\/2021\/12\/logo-insia-low-e1412177316550.png","contentUrl":"https:\/\/insia-upm.es\/wp-content\/uploads\/2021\/12\/logo-insia-low-e1412177316550.png","width":50,"height":71,"caption":"UPM-INSIA"},"image":{"@id":"https:\/\/insia-upm.es\/#\/schema\/logo\/image\/"},"sameAs":["https:\/\/x.com\/INSIAUPM","https:\/\/www.instagram.com\/insia.upm\/","https:\/\/www.linkedin.com\/in\/insia-instituto-universitario-investigaci\u00f3n-9088635a\/","https:\/\/www.youtube.com\/user\/gestionidi"]}]}},"_links":{"self":[{"href":"https:\/\/insia-upm.es\/en\/wp-json\/wp\/v2\/pages\/15835","targetHints":{"allow":["GET"]}}],"collection":[{"href":"https:\/\/insia-upm.es\/en\/wp-json\/wp\/v2\/pages"}],"about":[{"href":"https:\/\/insia-upm.es\/en\/wp-json\/wp\/v2\/types\/page"}],"author":[{"embeddable":true,"href":"https:\/\/insia-upm.es\/en\/wp-json\/wp\/v2\/users\/1"}],"replies":[{"embeddable":true,"href":"https:\/\/insia-upm.es\/en\/wp-json\/wp\/v2\/comments?post=15835"}],"version-history":[{"count":35,"href":"https:\/\/insia-upm.es\/en\/wp-json\/wp\/v2\/pages\/15835\/revisions"}],"predecessor-version":[{"id":18037,"href":"https:\/\/insia-upm.es\/en\/wp-json\/wp\/v2\/pages\/15835\/revisions\/18037"}],"wp:attachment":[{"href":"https:\/\/insia-upm.es\/en\/wp-json\/wp\/v2\/media?parent=15835"}],"curies":[{"name":"wp","href":"https:\/\/api.w.org\/{rel}","templated":true}]}}