{"id":150,"date":"2018-09-06T04:49:19","date_gmt":"2018-09-06T04:49:19","guid":{"rendered":"https:\/\/divifinance.divifixer.com\/?page_id=212748"},"modified":"2021-10-07T17:43:39","modified_gmt":"2021-10-07T17:43:39","slug":"ceo-message","status":"publish","type":"page","link":"https:\/\/insia-upm.es\/en\/ceo-message\/","title":{"rendered":"CEO Message"},"content":{"rendered":"[et_pb_section fb_built=\u00bb1&#8243; fullwidth=\u00bbon\u00bb _builder_version=\u00bb3.22.3&#8243; custom_padding=\u00bb|||\u00bb][et_pb_fullwidth_header text_orientation=\u00bbcenter\u00bb module_class=\u00bbdct-header-title\u00bb _builder_version=\u00bb4.7.7&#8243; title_font=\u00bb||||||||\u00bb content_font=\u00bb||||||||\u00bb background_color=\u00bbrgba(0,0,0,0.71)\u00bb background_image=\u00bbhttps:\/\/insia-upm.es\/wp-content\/uploads\/2021\/10\/divi-finance-theme-14.jpg\u00bb background_repeat=\u00bbrepeat\u00bb background_blend=\u00bboverlay\u00bb button_one_text_size__hover_enabled=\u00bboff\u00bb button_two_text_size__hover_enabled=\u00bboff\u00bb button_one_text_color__hover_enabled=\u00bboff\u00bb button_two_text_color__hover_enabled=\u00bboff\u00bb button_one_border_width__hover_enabled=\u00bboff\u00bb button_two_border_width__hover_enabled=\u00bboff\u00bb button_one_border_color__hover_enabled=\u00bboff\u00bb button_two_border_color__hover_enabled=\u00bboff\u00bb button_one_border_radius__hover_enabled=\u00bboff\u00bb button_two_border_radius__hover_enabled=\u00bboff\u00bb button_one_letter_spacing__hover_enabled=\u00bboff\u00bb button_two_letter_spacing__hover_enabled=\u00bboff\u00bb button_one_bg_color__hover_enabled=\u00bboff\u00bb button_two_bg_color__hover_enabled=\u00bboff\u00bb]\n<h1>CEO <span> Message<\/span><\/h1>\n[\/et_pb_fullwidth_header][\/et_pb_section][et_pb_section fb_built=\u00bb1&#8243; _builder_version=\u00bb4.7.7&#8243; custom_padding=\u00bb|||\u00bb][et_pb_row _builder_version=\u00bb3.25&#8243; custom_padding=\u00bb44px|0px|8px|0px|false|false\u00bb][et_pb_column type=\u00bb4_4&#8243; _builder_version=\u00bb3.25&#8243; custom_padding=\u00bb|||\u00bb custom_padding__hover=\u00bb|||\u00bb][et_pb_text module_class=\u00bbdct_title_left\u00bb _builder_version=\u00bb3.27.4&#8243; text_font=\u00bb||||||||\u00bb header_font=\u00bb||||||||\u00bb header_text_align=\u00bbcenter\u00bb custom_margin=\u00bb|||\u00bb]\n<div class=\"section-title title-block title-style-1 text-left\">\n<span class=\"top-title\"><\/span><\/p>\n<h2 class=\"title\">CEO Message<\/h2>\n<h6 class=\"sub-title\">As always, partners grows with you!<\/h6>\n<p><span class=\"bottom-title\"><\/span>\n<\/div>\n[\/et_pb_text][\/et_pb_column][\/et_pb_row][et_pb_row column_structure=\u00bb2_3,1_3&#8243; _builder_version=\u00bb3.25&#8243; custom_padding=\u00bb0|0px|0|0px|false|false\u00bb][et_pb_column type=\u00bb2_3&#8243; _builder_version=\u00bb3.25&#8243; custom_padding=\u00bb|||\u00bb custom_padding__hover=\u00bb|||\u00bb][et_pb_text _builder_version=\u00bb3.27.4&#8243; text_font=\u00bb||||||||\u00bb text_orientation=\u00bbjustified\u00bb custom_margin=\u00bb|||\u00bb]\n<p>Temporibus autem quibusdam et aut officiis debitis is aut rerum necessitatibus saepes eveniet ut et seo lage voluptates repudiandae sint et molestiae non mes for Creating futures through building preservation. Rising commodity prices tend to push bond prices lower, while falling commodity prices lead to higher bond prices. In other words, there is a distinct inverse relationship between bonds and commodities.<\/p>\n<p>Temporibus autem quibusdam et aut officiis debitis is aut rerum necessitatibus saepes eveniet ut et seo lage voluptates repudiandae sint et molestiae non mes for Creating futures through building preservation.Temporibus autem quibusdam et aut officiis debitis is aut rerum necessitatibus saepes eveniet ut et seo lage voluptates\u00a0<\/p>\n[\/et_pb_text][et_pb_text _builder_version=\u00bb3.27.4&#8243; text_font=\u00bb||||||||\u00bb text_orientation=\u00bbjustified\u00bb custom_margin=\u00bb||20px|||\u00bb]\n<p>Temporibus autem quibusdam et aut officiis debitis is aut rerum necessitatibus saepes eveniet ut et seo lage voluptates repudiandae sint et molestiae non mes for Creating futures through building preservation. Rising commodity prices tend to push bond prices lower, while falling commodity prices lead to higher bond prices. In other words, there is a distinct inverse relationship between bonds and commodities.<\/p>\n<p>Temporibus autem quibusdam et aut officiis debitis is aut rerum necessitatibus saepes eveniet ut et seo lage voluptates repudiandae sint et molestiae non mes for Creating futures through building preservation.Temporibus autem quibusdam et aut officiis debitis is aut rerum necessitatibus saepes eveniet ut et seo lage voluptates\u00a0<\/p>\n[\/et_pb_text][et_pb_text _builder_version=\u00bb3.27.4&#8243; text_font=\u00bb||||||||\u00bb text_orientation=\u00bbjustified\u00bb custom_margin=\u00bb|||\u00bb]\n<p>Temporibus autem quibusdam et aut officiis debitis is aut rerum necessitatibus saepes eveniet ut et seo lage voluptates repudiandae sint et molestiae non mes for Creating futures through building preservation. Rising commodity prices tend to push bond prices lower, while falling commodity prices lead to higher bond prices. In other words, there is a distinct inverse relationship between bonds and commodities.<\/p>\n[\/et_pb_text][\/et_pb_column][et_pb_column type=\u00bb1_3&#8243; _builder_version=\u00bb3.25&#8243; custom_padding=\u00bb|||\u00bb custom_padding__hover=\u00bb|||\u00bb][et_pb_image src=\u00bbhttps:\/\/insia-upm.es\/wp-content\/uploads\/2021\/10\/divi-finance-theme-team-1.jpg\u00bb title_text=\u00bbdivi-finance-theme-team-1&#8243; align_tablet=\u00bbcenter\u00bb align_phone=\u00bb\u00bb align_last_edited=\u00bbon|desktop\u00bb _builder_version=\u00bb4.7.7&#8243;][\/et_pb_image][\/et_pb_column][\/et_pb_row][\/et_pb_section][et_pb_section fb_built=\u00bb1&#8243; _builder_version=\u00bb4.7.7&#8243; custom_padding=\u00bb0|0px|0|0px|false|false\u00bb][et_pb_row column_structure=\u00bb1_2,1_2&#8243; make_equal=\u00bbon\u00bb _builder_version=\u00bb3.25&#8243; custom_padding=\u00bb31px|0px|0|0px|false|false\u00bb][et_pb_column type=\u00bb1_2&#8243; _builder_version=\u00bb3.25&#8243; custom_padding=\u00bb|||\u00bb custom_padding__hover=\u00bb|||\u00bb][et_pb_image src=\u00bbhttps:\/\/insia-upm.es\/wp-content\/uploads\/2021\/10\/divi-finance-theme-13.jpg\u00bb title_text=\u00bbdivi-finance-theme-13&#8243; align_tablet=\u00bbcenter\u00bb align_phone=\u00bb\u00bb align_last_edited=\u00bbon|desktop\u00bb _builder_version=\u00bb4.7.7&#8243; custom_margin=\u00bb30px||10px\u00bb][\/et_pb_image][\/et_pb_column][et_pb_column type=\u00bb1_2&#8243; _builder_version=\u00bb3.25&#8243; custom_padding=\u00bb|||\u00bb custom_padding__hover=\u00bb|||\u00bb][et_pb_text module_class=\u00bbdct_title_left\u00bb _builder_version=\u00bb3.27.4&#8243; text_font=\u00bb||||||||\u00bb header_font=\u00bb||||||||\u00bb header_text_align=\u00bbcenter\u00bb custom_margin=\u00bb|||\u00bb]\n<div class=\"section-title title-block title-style-1 text-left\">\n<span class=\"top-title\"><\/span><\/p>\n<h2 class=\"title\">Reputation &#038; Intergity<\/h2>\n<h6 class=\"sub-title\">As always, partners grows with you!<\/h6>\n<p><span class=\"bottom-title\"><\/span>\n<\/div>\n[\/et_pb_text][et_pb_text _builder_version=\u00bb3.27.4&#8243; text_font=\u00bb||||||||\u00bb custom_margin=\u00bb-25px|||\u00bb]\n<p>It\u2019s an approach that brings together the best of financial planning and the best of investment management. It\u2019s an approach that has worked for families, trusts, foundations and other institutions for nearly three decades.<\/p>\n[\/et_pb_text][et_pb_counters module_class=\u00bbdct-progressbar-2&#8243; _builder_version=\u00bb3.15&#8243; custom_margin=\u00bb-10px|||\u00bb][et_pb_counter percent=\u00bb80&#8243; _builder_version=\u00bb3.13&#8243; background_enable_color_default=\u00bbon\u00bb parallax_default=\u00bboff\u00bb parallax_method_default=\u00bbon\u00bb bar_background_color_default=\u00bb#7EBEC5&#8243; use_percentages=\u00bbon\u00bb allow_player_pause_default=\u00bboff\u00bb]Insurance[\/et_pb_counter][et_pb_counter percent=\u00bb75&#8243; _builder_version=\u00bb3.13&#8243; background_enable_color_default=\u00bbon\u00bb parallax_default=\u00bboff\u00bb parallax_method_default=\u00bbon\u00bb bar_background_color_default=\u00bb#7EBEC5&#8243; use_percentages=\u00bbon\u00bb allow_player_pause_default=\u00bboff\u00bb]Consulting[\/et_pb_counter][et_pb_counter percent=\u00bb90&#8243; _builder_version=\u00bb3.13&#8243; background_enable_color_default=\u00bbon\u00bb parallax_default=\u00bboff\u00bb parallax_method_default=\u00bbon\u00bb bar_background_color_default=\u00bb#7EBEC5&#8243; use_percentages=\u00bbon\u00bb allow_player_pause_default=\u00bboff\u00bb]Marketing[\/et_pb_counter][et_pb_counter percent=\u00bb80&#8243; _builder_version=\u00bb3.13&#8243; background_enable_color_default=\u00bbon\u00bb parallax_default=\u00bboff\u00bb parallax_method_default=\u00bbon\u00bb bar_background_color_default=\u00bb#7EBEC5&#8243; use_percentages=\u00bbon\u00bb allow_player_pause_default=\u00bboff\u00bb]Planning[\/et_pb_counter][et_pb_counter percent=\u00bb80&#8243; _builder_version=\u00bb3.15&#8243; background_enable_color_default=\u00bbon\u00bb parallax_default=\u00bboff\u00bb parallax_method_default=\u00bbon\u00bb bar_background_color_default=\u00bb#7EBEC5&#8243; use_percentages=\u00bbon\u00bb allow_player_pause_default=\u00bboff\u00bb]Mutual Funds[\/et_pb_counter][\/et_pb_counters][\/et_pb_column][\/et_pb_row][\/et_pb_section][et_pb_section fb_built=\u00bb1&#8243; admin_label=\u00bb12 Days of Christmas &#8211; Day 08 Accordion Module 3&#8243; _builder_version=\u00bb4.7.7&#8243; background_enable_image=\u00bboff\u00bb background_size=\u00bbinitial\u00bb background_position=\u00bbbottom_center\u00bb custom_padding=\u00bb0||0||false|false\u00bb][et_pb_row _builder_version=\u00bb3.25&#8243; custom_padding=\u00bb65px|0px|36px|0px|false|false\u00bb][et_pb_column type=\u00bb4_4&#8243; _builder_version=\u00bb3.25&#8243; custom_padding=\u00bb|||\u00bb custom_padding__hover=\u00bb|||\u00bb][et_pb_text _builder_version=\u00bb3.27.4&#8243; text_font=\u00bb||||||||\u00bb header_font=\u00bb||||||||\u00bb header_text_align=\u00bbcenter\u00bb text_orientation=\u00bbcenter\u00bb custom_margin=\u00bb|||\u00bb]\n<div class=\"section-title title-block title-style-1 text-left\">\n<span class=\"top-title\"><\/span><\/p>\n<h2 class=\"title\">Frequently asked questions<\/h2>\n<h6 class=\"sub-title\">You Ask, We Answer<\/h6>\n<p><span class=\"bottom-title\"><\/span><\/div>\n[\/et_pb_text][\/et_pb_column][\/et_pb_row][et_pb_row column_structure=\u00bb1_2,1_2&#8243; use_custom_gutter=\u00bbon\u00bb gutter_width=\u00bb2&#8243; admin_label=\u00bb12 Days of Christmas &#8211; Day 08 Accordion Module 3&#8243; _builder_version=\u00bb3.25&#8243; max_width=\u00bb1170px\u00bb module_alignment=\u00bbcenter\u00bb use_custom_width=\u00bbon\u00bb custom_width_px=\u00bb1170px\u00bb][et_pb_column type=\u00bb1_2&#8243; _builder_version=\u00bb3.25&#8243; custom_padding=\u00bb1.3vw||2vw|\u00bb custom_padding__hover=\u00bb|||\u00bb][et_pb_cta title=\u00bbGood solutions for  your business!\u00bb button_url=\u00bb#\u00bb button_text=\u00bbMore Detail\u00bb admin_label=\u00bbGood Solutions\u00bb module_class=\u00bbdct-btn\u00bb _builder_version=\u00bb4.7.7&#8243; header_font=\u00bbPoppins|600|||||||\u00bb header_text_align=\u00bbleft\u00bb header_text_color=\u00bb#000000&#8243; header_font_size=\u00bb30px\u00bb header_line_height=\u00bb100%\u00bb body_font=\u00bbPoppins||||||||\u00bb body_text_align=\u00bbleft\u00bb body_text_color=\u00bb#a7a7a7&#8243; body_font_size=\u00bb16px\u00bb body_line_height=\u00bb180%\u00bb use_background_color=\u00bboff\u00bb custom_button=\u00bbon\u00bb text_orientation=\u00bbleft\u00bb background_layout=\u00bblight\u00bb hover_enabled=\u00bb0&#8243; header_font_size_tablet=\u00bb40px\u00bb header_font_size_phone=\u00bb30&#8243; header_font_size_last_edited=\u00bbon|phone\u00bb header_line_height_tablet=\u00bb\u00bb header_line_height_phone=\u00bb\u00bb header_line_height_last_edited=\u00bbon|tablet\u00bb body_font_size_tablet=\u00bb18&#8243; body_font_size_phone=\u00bb16&#8243; body_font_size_last_edited=\u00bbon|phone\u00bb button_text_color_hover=\u00bb#9ccfef\u00bb button_border_color_hover=\u00bb#9ccfef\u00bb button_border_radius_hover=\u00bb27px\u00bb button_bg_color_hover=\u00bbrgba(255,255,255,0)\u00bb button_text_size__hover_enabled=\u00bboff\u00bb button_one_text_size__hover_enabled=\u00bboff\u00bb button_two_text_size__hover_enabled=\u00bboff\u00bb button_text_color__hover_enabled=\u00bbon|hover\u00bb button_text_color__hover=\u00bb#000000&#8243; button_one_text_color__hover_enabled=\u00bboff\u00bb button_two_text_color__hover_enabled=\u00bboff\u00bb button_border_width__hover_enabled=\u00bboff\u00bb button_one_border_width__hover_enabled=\u00bboff\u00bb button_two_border_width__hover_enabled=\u00bboff\u00bb button_border_color__hover_enabled=\u00bbon\u00bb button_border_color__hover=\u00bb#9ccfef\u00bb button_one_border_color__hover_enabled=\u00bboff\u00bb button_two_border_color__hover_enabled=\u00bboff\u00bb button_border_radius__hover_enabled=\u00bbon|hover\u00bb button_border_radius__hover=\u00bb0px\u00bb button_one_border_radius__hover_enabled=\u00bboff\u00bb button_two_border_radius__hover_enabled=\u00bboff\u00bb button_letter_spacing__hover_enabled=\u00bboff\u00bb button_one_letter_spacing__hover_enabled=\u00bboff\u00bb button_two_letter_spacing__hover_enabled=\u00bboff\u00bb button_bg_color__hover_enabled=\u00bbon\u00bb button_bg_color__hover=\u00bbrgba(255,255,255,0)\u00bb button_one_bg_color__hover_enabled=\u00bboff\u00bb button_two_bg_color__hover_enabled=\u00bboff\u00bb button_icon=\u00bb%%3%%\u00bb button_custom_padding=\u00bb8px||8px||true|false\u00bb button_text_size=\u00bb16px\u00bb button_text_color=\u00bb#ffffff\u00bb sticky_enabled=\u00bb0&#8243;]\n<p>Lorem ipsum dolor sit amet, consectetuer adipiscing elit. Donec odio. Quisque volutpat mattis eros. Nullam malesuada erat ut turpis.<\/p>\n<p>Lorem ipsum dolor sit amet, consectetuer adipiscing elit. Donec odio. Quisque volutpat mattis eros. Nullam malesuada erat ut turpis.<\/p>\n<p>Lorem ipsum dolor sit amet, consectetuer adipiscing elit. Donec odio. Quisque volutpat mattis eros. Nullam malesuada erat ut turpis.<\/p>\n[\/et_pb_cta][\/et_pb_column][et_pb_column type=\u00bb1_2&#8243; _builder_version=\u00bb3.25&#8243; custom_padding=\u00bb|||\u00bb custom_padding__hover=\u00bb|||\u00bb][et_pb_accordion module_class=\u00bbdct-faq-v3&#8243; _builder_version=\u00bb3.12.2&#8243;][et_pb_accordion_item title=\u00bbYour Title Goes Here\u00bb open=\u00bbon\u00bb _builder_version=\u00bb3.12.2&#8243;]Your content goes here. Edit or remove this text inline or in the module Content settings. You can also style every aspect of this content in the module Design settings and even apply custom CSS to this text in the module Advanced settings.[\/et_pb_accordion_item][et_pb_accordion_item title=\u00bbYour Title Goes Here\u00bb _builder_version=\u00bb3.12.2&#8243; open=\u00bboff\u00bb]Your content goes here. Edit or remove this text inline or in the module Content settings. You can also style every aspect of this content in the module Design settings and even apply custom CSS to this text in the module Advanced settings.[\/et_pb_accordion_item][et_pb_accordion_item title=\u00bbYour Title Goes Here\u00bb _builder_version=\u00bb3.12.2&#8243; open=\u00bboff\u00bb]Your content goes here. Edit or remove this text inline or in the module Content settings. You can also style every aspect of this content in the module Design settings and even apply custom CSS to this text in the module Advanced settings.[\/et_pb_accordion_item][et_pb_accordion_item title=\u00bbYour Title Goes Here\u00bb _builder_version=\u00bb3.12.2&#8243; open=\u00bboff\u00bb]Your content goes here. Edit or remove this text inline or in the module Content settings. You can also style every aspect of this content in the module Design settings and even apply custom CSS to this text in the module Advanced settings.[\/et_pb_accordion_item][\/et_pb_accordion][\/et_pb_column][\/et_pb_row][\/et_pb_section]\n","protected":false},"excerpt":{"rendered":"<p>CEO Message CEO Message As always, partners grows with you! Temporibus autem quibusdam et aut officiis debitis is aut rerum necessitatibus saepes eveniet ut et seo lage voluptates repudiandae sint et molestiae non mes for Creating futures through building preservation. Rising commodity prices tend to push bond prices lower, while falling commodity prices lead to [&hellip;]<\/p>\n","protected":false},"author":1,"featured_media":0,"parent":0,"menu_order":0,"comment_status":"closed","ping_status":"closed","template":"","meta":{"_et_pb_use_builder":"on","_et_pb_old_content":"","_et_gb_content_width":"","_monsterinsights_skip_tracking":false,"_monsterinsights_sitenote_active":false,"_monsterinsights_sitenote_note":"","_monsterinsights_sitenote_category":0,"footnotes":""},"class_list":["post-150","page","type-page","status-publish","hentry"],"yoast_head":"<!-- This site is optimized with the Yoast SEO plugin v27.4 - https:\/\/yoast.com\/product\/yoast-seo-wordpress\/ -->\n<title>CEO Message - Instituto Universitario de Investigaci\u00f3n del Autom\u00f3vil Francisco Aparicio Izquierdo<\/title>\n<meta name=\"robots\" content=\"index, follow, max-snippet:-1, max-image-preview:large, max-video-preview:-1\" \/>\n<link rel=\"canonical\" href=\"https:\/\/insia-upm.es\/en\/ceo-message\/\" \/>\n<meta property=\"og:locale\" content=\"en_GB\" \/>\n<meta property=\"og:type\" content=\"article\" \/>\n<meta property=\"og:title\" content=\"CEO Message - Instituto Universitario de Investigaci\u00f3n del Autom\u00f3vil Francisco Aparicio Izquierdo\" \/>\n<meta property=\"og:description\" content=\"CEO Message CEO Message As always, partners grows with you! Temporibus autem quibusdam et aut officiis debitis is aut rerum necessitatibus saepes eveniet ut et seo lage voluptates repudiandae sint et molestiae non mes for Creating futures through building preservation. Rising commodity prices tend to push bond prices lower, while falling commodity prices lead to [&hellip;]\" \/>\n<meta property=\"og:url\" content=\"https:\/\/insia-upm.es\/en\/ceo-message\/\" \/>\n<meta property=\"og:site_name\" content=\"Instituto Universitario de Investigaci\u00f3n del Autom\u00f3vil Francisco Aparicio Izquierdo\" \/>\n<meta property=\"article:modified_time\" content=\"2021-10-07T17:43:39+00:00\" \/>\n<meta name=\"twitter:card\" content=\"summary_large_image\" \/>\n<meta name=\"twitter:site\" content=\"@INSIAUPM\" \/>\n<meta name=\"twitter:label1\" content=\"Estimated reading time\" \/>\n\t<meta name=\"twitter:data1\" content=\"9 minutes\" \/>\n<script type=\"application\/ld+json\" class=\"yoast-schema-graph\">{\"@context\":\"https:\\\/\\\/schema.org\",\"@graph\":[{\"@type\":\"WebPage\",\"@id\":\"https:\\\/\\\/insia-upm.es\\\/ceo-message\\\/\",\"url\":\"https:\\\/\\\/insia-upm.es\\\/ceo-message\\\/\",\"name\":\"CEO Message - Instituto Universitario de Investigaci\u00f3n del Autom\u00f3vil Francisco Aparicio Izquierdo\",\"isPartOf\":{\"@id\":\"https:\\\/\\\/insia-upm.es\\\/#website\"},\"datePublished\":\"2018-09-06T04:49:19+00:00\",\"dateModified\":\"2021-10-07T17:43:39+00:00\",\"breadcrumb\":{\"@id\":\"https:\\\/\\\/insia-upm.es\\\/ceo-message\\\/#breadcrumb\"},\"inLanguage\":\"en-GB\",\"potentialAction\":[{\"@type\":\"ReadAction\",\"target\":[\"https:\\\/\\\/insia-upm.es\\\/ceo-message\\\/\"]}]},{\"@type\":\"BreadcrumbList\",\"@id\":\"https:\\\/\\\/insia-upm.es\\\/ceo-message\\\/#breadcrumb\",\"itemListElement\":[{\"@type\":\"ListItem\",\"position\":1,\"name\":\"Portada\",\"item\":\"https:\\\/\\\/insia-upm.es\\\/\"},{\"@type\":\"ListItem\",\"position\":2,\"name\":\"CEO Message\"}]},{\"@type\":\"WebSite\",\"@id\":\"https:\\\/\\\/insia-upm.es\\\/#website\",\"url\":\"https:\\\/\\\/insia-upm.es\\\/\",\"name\":\"Instituto Universitario de Investigaci\u00f3n del Autom\u00f3vil Francisco Aparicio Izquierdo\",\"description\":\"Instituto de Investigaci\u00f3n del Autom\u00f3vil Francisco Aparicio Izquierdo\",\"publisher\":{\"@id\":\"https:\\\/\\\/insia-upm.es\\\/#organization\"},\"potentialAction\":[{\"@type\":\"SearchAction\",\"target\":{\"@type\":\"EntryPoint\",\"urlTemplate\":\"https:\\\/\\\/insia-upm.es\\\/?s={search_term_string}\"},\"query-input\":{\"@type\":\"PropertyValueSpecification\",\"valueRequired\":true,\"valueName\":\"search_term_string\"}}],\"inLanguage\":\"en-GB\"},{\"@type\":\"Organization\",\"@id\":\"https:\\\/\\\/insia-upm.es\\\/#organization\",\"name\":\"UPM-INSIA\",\"url\":\"https:\\\/\\\/insia-upm.es\\\/\",\"logo\":{\"@type\":\"ImageObject\",\"inLanguage\":\"en-GB\",\"@id\":\"https:\\\/\\\/insia-upm.es\\\/#\\\/schema\\\/logo\\\/image\\\/\",\"url\":\"https:\\\/\\\/insia-upm.es\\\/wp-content\\\/uploads\\\/2021\\\/12\\\/logo-insia-low-e1412177316550.png\",\"contentUrl\":\"https:\\\/\\\/insia-upm.es\\\/wp-content\\\/uploads\\\/2021\\\/12\\\/logo-insia-low-e1412177316550.png\",\"width\":50,\"height\":71,\"caption\":\"UPM-INSIA\"},\"image\":{\"@id\":\"https:\\\/\\\/insia-upm.es\\\/#\\\/schema\\\/logo\\\/image\\\/\"},\"sameAs\":[\"https:\\\/\\\/x.com\\\/INSIAUPM\",\"https:\\\/\\\/www.instagram.com\\\/insia.upm\\\/\",\"https:\\\/\\\/www.linkedin.com\\\/in\\\/insia-instituto-universitario-investigaci\u00f3n-9088635a\\\/\",\"https:\\\/\\\/www.youtube.com\\\/user\\\/gestionidi\"]}]}<\/script>\n<!-- \/ Yoast SEO plugin. -->","yoast_head_json":{"title":"CEO Message - Instituto Universitario de Investigaci\u00f3n del Autom\u00f3vil Francisco Aparicio Izquierdo","robots":{"index":"index","follow":"follow","max-snippet":"max-snippet:-1","max-image-preview":"max-image-preview:large","max-video-preview":"max-video-preview:-1"},"canonical":"https:\/\/insia-upm.es\/en\/ceo-message\/","og_locale":"en_GB","og_type":"article","og_title":"CEO Message - Instituto Universitario de Investigaci\u00f3n del Autom\u00f3vil Francisco Aparicio Izquierdo","og_description":"CEO Message CEO Message As always, partners grows with you! Temporibus autem quibusdam et aut officiis debitis is aut rerum necessitatibus saepes eveniet ut et seo lage voluptates repudiandae sint et molestiae non mes for Creating futures through building preservation. Rising commodity prices tend to push bond prices lower, while falling commodity prices lead to [&hellip;]","og_url":"https:\/\/insia-upm.es\/en\/ceo-message\/","og_site_name":"Instituto Universitario de Investigaci\u00f3n del Autom\u00f3vil Francisco Aparicio Izquierdo","article_modified_time":"2021-10-07T17:43:39+00:00","twitter_card":"summary_large_image","twitter_site":"@INSIAUPM","twitter_misc":{"Estimated reading time":"9 minutes"},"schema":{"@context":"https:\/\/schema.org","@graph":[{"@type":"WebPage","@id":"https:\/\/insia-upm.es\/ceo-message\/","url":"https:\/\/insia-upm.es\/ceo-message\/","name":"CEO Message - Instituto Universitario de Investigaci\u00f3n del Autom\u00f3vil Francisco Aparicio Izquierdo","isPartOf":{"@id":"https:\/\/insia-upm.es\/#website"},"datePublished":"2018-09-06T04:49:19+00:00","dateModified":"2021-10-07T17:43:39+00:00","breadcrumb":{"@id":"https:\/\/insia-upm.es\/ceo-message\/#breadcrumb"},"inLanguage":"en-GB","potentialAction":[{"@type":"ReadAction","target":["https:\/\/insia-upm.es\/ceo-message\/"]}]},{"@type":"BreadcrumbList","@id":"https:\/\/insia-upm.es\/ceo-message\/#breadcrumb","itemListElement":[{"@type":"ListItem","position":1,"name":"Portada","item":"https:\/\/insia-upm.es\/"},{"@type":"ListItem","position":2,"name":"CEO Message"}]},{"@type":"WebSite","@id":"https:\/\/insia-upm.es\/#website","url":"https:\/\/insia-upm.es\/","name":"Instituto Universitario de Investigaci\u00f3n del Autom\u00f3vil Francisco Aparicio Izquierdo","description":"Instituto de Investigaci\u00f3n del Autom\u00f3vil Francisco Aparicio Izquierdo","publisher":{"@id":"https:\/\/insia-upm.es\/#organization"},"potentialAction":[{"@type":"SearchAction","target":{"@type":"EntryPoint","urlTemplate":"https:\/\/insia-upm.es\/?s={search_term_string}"},"query-input":{"@type":"PropertyValueSpecification","valueRequired":true,"valueName":"search_term_string"}}],"inLanguage":"en-GB"},{"@type":"Organization","@id":"https:\/\/insia-upm.es\/#organization","name":"UPM-INSIA","url":"https:\/\/insia-upm.es\/","logo":{"@type":"ImageObject","inLanguage":"en-GB","@id":"https:\/\/insia-upm.es\/#\/schema\/logo\/image\/","url":"https:\/\/insia-upm.es\/wp-content\/uploads\/2021\/12\/logo-insia-low-e1412177316550.png","contentUrl":"https:\/\/insia-upm.es\/wp-content\/uploads\/2021\/12\/logo-insia-low-e1412177316550.png","width":50,"height":71,"caption":"UPM-INSIA"},"image":{"@id":"https:\/\/insia-upm.es\/#\/schema\/logo\/image\/"},"sameAs":["https:\/\/x.com\/INSIAUPM","https:\/\/www.instagram.com\/insia.upm\/","https:\/\/www.linkedin.com\/in\/insia-instituto-universitario-investigaci\u00f3n-9088635a\/","https:\/\/www.youtube.com\/user\/gestionidi"]}]}},"_links":{"self":[{"href":"https:\/\/insia-upm.es\/en\/wp-json\/wp\/v2\/pages\/150","targetHints":{"allow":["GET"]}}],"collection":[{"href":"https:\/\/insia-upm.es\/en\/wp-json\/wp\/v2\/pages"}],"about":[{"href":"https:\/\/insia-upm.es\/en\/wp-json\/wp\/v2\/types\/page"}],"author":[{"embeddable":true,"href":"https:\/\/insia-upm.es\/en\/wp-json\/wp\/v2\/users\/1"}],"replies":[{"embeddable":true,"href":"https:\/\/insia-upm.es\/en\/wp-json\/wp\/v2\/comments?post=150"}],"version-history":[{"count":1,"href":"https:\/\/insia-upm.es\/en\/wp-json\/wp\/v2\/pages\/150\/revisions"}],"predecessor-version":[{"id":288,"href":"https:\/\/insia-upm.es\/en\/wp-json\/wp\/v2\/pages\/150\/revisions\/288"}],"wp:attachment":[{"href":"https:\/\/insia-upm.es\/en\/wp-json\/wp\/v2\/media?parent=150"}],"curies":[{"name":"wp","href":"https:\/\/api.w.org\/{rel}","templated":true}]}}