{"id":14638,"date":"2021-10-18T07:55:59","date_gmt":"2021-10-18T07:55:59","guid":{"rendered":"https:\/\/insia-upm.es\/?page_id=14638"},"modified":"2021-12-14T08:02:53","modified_gmt":"2021-12-14T08:02:53","slug":"lineas-de-investigacion","status":"publish","type":"page","link":"https:\/\/insia-upm.es\/en\/lineas-de-investigacion\/","title":{"rendered":"RESEARCH"},"content":{"rendered":"[et_pb_section fb_built=\u00bb1&#8243; fullwidth=\u00bbon\u00bb module_id=\u00bblineasinvestigacion\u00bb _builder_version=\u00bb4.11.1&#8243; custom_padding=\u00bb|||\u00bb global_colors_info=\u00bb{}\u00bb][et_pb_fullwidth_header text_orientation=\u00bbcenter\u00bb module_class=\u00bbdct-header-title\u00bb _builder_version=\u00bb4.11.1&#8243; title_font=\u00bb||||||||\u00bb content_font=\u00bb||||||||\u00bb content_text_align=\u00bbcenter\u00bb background_color=\u00bbrgba(0,0,0,0.45)\u00bb background_image=\u00bbhttps:\/\/insia-upm.es\/wp-content\/uploads\/2021\/12\/Insia_WEB_RETOCADAS_07_mecacompu_1280x768-Opti.webp\u00bb background_position=\u00bbbottom_center\u00bb background_blend=\u00bboverlay\u00bb hover_enabled=\u00bb0&#8243; global_colors_info=\u00bb{}\u00bb button_one_text_size__hover_enabled=\u00bboff\u00bb button_two_text_size__hover_enabled=\u00bboff\u00bb button_one_text_color__hover_enabled=\u00bboff\u00bb button_two_text_color__hover_enabled=\u00bboff\u00bb button_one_border_width__hover_enabled=\u00bboff\u00bb button_two_border_width__hover_enabled=\u00bboff\u00bb button_one_border_color__hover_enabled=\u00bboff\u00bb button_two_border_color__hover_enabled=\u00bboff\u00bb button_one_border_radius__hover_enabled=\u00bboff\u00bb button_two_border_radius__hover_enabled=\u00bboff\u00bb button_one_letter_spacing__hover_enabled=\u00bboff\u00bb button_two_letter_spacing__hover_enabled=\u00bboff\u00bb button_one_bg_color__hover_enabled=\u00bboff\u00bb button_two_bg_color__hover_enabled=\u00bboff\u00bb title_text=\u00bbInsia_WEB_RETOCADAS_07_mecacompu_1280x768-Opti\u00bb sticky_enabled=\u00bb0&#8243;]\n<h1>INVESTIGACI<span>\u00d3N<\/span><\/h1>\n[\/et_pb_fullwidth_header][\/et_pb_section][et_pb_section fb_built=\u00bb1&#8243; _builder_version=\u00bb3.22.3&#8243; background_blend=\u00bboverlay\u00bb custom_padding=\u00bb11px|0px|0px|0px|false|false\u00bb top_divider_flip=\u00bbvertical\u00bb bottom_divider_height=\u00bb41px\u00bb animation_direction=\u00bbbottom\u00bb global_colors_info=\u00bb{}\u00bb][et_pb_row _builder_version=\u00bb3.25&#8243; global_colors_info=\u00bb{}\u00bb][et_pb_column type=\u00bb4_4&#8243; _builder_version=\u00bb3.25&#8243; custom_padding=\u00bb|||\u00bb global_colors_info=\u00bb{}\u00bb custom_padding__hover=\u00bb|||\u00bb][et_pb_text _builder_version=\u00bb4.11.1&#8243; text_font=\u00bb||||||||\u00bb header_font=\u00bb||||||||\u00bb header_text_align=\u00bbcenter\u00bb text_orientation=\u00bbcenter\u00bb custom_margin=\u00bb|||\u00bb global_colors_info=\u00bb{}\u00bb]\n<div class=\"section-title title-block title-style-1 text-left\">\n<p><span class=\"top-title\"><\/span><\/p>\n<p>\u00a0<span style=\"color: #666666; font-family: Poppins, Arial, sans-serif; font-size: 35px; font-weight: bold;\">L\u00cdNEAS DE INVESTIGACI\u00d3N ACTIVAS<\/span><\/p>\n<p><span class=\"bottom-title\"><\/span><\/p>\n<\/div>\n[\/et_pb_text][\/et_pb_column][\/et_pb_row][et_pb_row column_structure=\u00bb1_3,1_3,1_3&#8243; module_class=\u00bb et_pb_row_fullwidth\u00bb _builder_version=\u00bb4.11.1&#8243; width=\u00bb89%\u00bb width_tablet=\u00bb80%\u00bb width_phone=\u00bb\u00bb width_last_edited=\u00bbon|desktop\u00bb max_width=\u00bb89%\u00bb max_width_tablet=\u00bb80%\u00bb max_width_phone=\u00bb\u00bb max_width_last_edited=\u00bbon|desktop\u00bb custom_padding=\u00bb27px|0px|42px|0px|false|false\u00bb make_fullwidth=\u00bbon\u00bb locked=\u00bboff\u00bb global_colors_info=\u00bb{}\u00bb][et_pb_column type=\u00bb1_3&#8243; _builder_version=\u00bb3.25&#8243; background_blend=\u00bboverlay\u00bb custom_padding=\u00bb|||\u00bb global_colors_info=\u00bb{}\u00bb custom_padding__hover=\u00bb|||\u00bb][et_pb_blurb title=\u00bbAccidentolog\u00eda\u00bb url=\u00bbhttps:\/\/insia-upm.es\/accidemtologia\/\u00bb use_icon=\u00bbon\u00bb font_icon=\u00bb%%103%%\u00bb module_class=\u00bbdct-blurb-1&#8243; _builder_version=\u00bb4.11.1&#8243; min_height=\u00bb321px\u00bb link_option_url=\u00bbhttps:\/\/insia-upm.es\/accidemtologia\/\u00bb global_colors_info=\u00bb{}\u00bb]\n<p style=\"text-align: center;\">Investigaci\u00f3n de accidentes de tr\u00e1fico. An\u00e1lisis de causas y consecuencias<\/p>\n[\/et_pb_blurb][\/et_pb_column][et_pb_column type=\u00bb1_3&#8243; _builder_version=\u00bb3.25&#8243; custom_padding=\u00bb|||\u00bb global_colors_info=\u00bb{}\u00bb custom_padding__hover=\u00bb|||\u00bb][et_pb_blurb title=\u00bbBiomec\u00e1nica\u00bb url=\u00bbhttps:\/\/insia-upm.es\/biomecanica\/\u00bb use_icon=\u00bbon\u00bb font_icon=\u00bb%%103%%\u00bb module_class=\u00bbdct-blurb-1&#8243; _builder_version=\u00bb4.11.1&#8243; min_height=\u00bb322px\u00bb link_option_url=\u00bbhttps:\/\/insia-upm.es\/biomecanica\/\u00bb global_colors_info=\u00bb{}\u00bb]\n<p><span>Biomec\u00e1nica del impacto aplicada a la mejora de la seguridad pasiva de los veh\u00edculos<\/span><\/p>\n[\/et_pb_blurb][\/et_pb_column][et_pb_column type=\u00bb1_3&#8243; _builder_version=\u00bb4.11.1&#8243; custom_padding=\u00bb|||\u00bb global_colors_info=\u00bb{}\u00bb custom_padding__hover=\u00bb|||\u00bb][et_pb_blurb title=\u00bbSeguridad en Transporte Colectivo\u00bb url=\u00bbhttps:\/\/insia-upm.es\/seguridad-en-el-transporte-colectivo\/\u00bb use_icon=\u00bbon\u00bb font_icon=\u00bb%%103%%\u00bb module_class=\u00bbdct-blurb-1&#8243; _builder_version=\u00bb4.11.1&#8243; min_height=\u00bb323px\u00bb custom_margin=\u00bb||15px|||\u00bb link_option_url=\u00bbhttps:\/\/insia-upm.es\/seguridad-en-el-transporte-colectivo\/\u00bb global_colors_info=\u00bb{}\u00bb]\n<p><span>Seguridad en transporte colectivo de personas. Veh\u00edculos, sistemas de protecci\u00f3n y movilidad de PMR.<\/span><\/p>\n[\/et_pb_blurb][\/et_pb_column][\/et_pb_row][et_pb_row column_structure=\u00bb1_3,1_3,1_3&#8243; module_class=\u00bb et_pb_row_fullwidth\u00bb _builder_version=\u00bb4.11.1&#8243; width=\u00bb89%\u00bb width_tablet=\u00bb80%\u00bb width_phone=\u00bb\u00bb width_last_edited=\u00bbon|desktop\u00bb max_width=\u00bb89%\u00bb max_width_tablet=\u00bb80%\u00bb max_width_phone=\u00bb\u00bb max_width_last_edited=\u00bbon|desktop\u00bb custom_padding=\u00bb27px|0px|42px|0px|false|false\u00bb make_fullwidth=\u00bbon\u00bb locked=\u00bboff\u00bb global_colors_info=\u00bb{}\u00bb][et_pb_column type=\u00bb1_3&#8243; _builder_version=\u00bb3.25&#8243; background_blend=\u00bboverlay\u00bb custom_padding=\u00bb|||\u00bb global_colors_info=\u00bb{}\u00bb custom_padding__hover=\u00bb|||\u00bb][et_pb_blurb title=\u00bbEstudios de Transportes\u00bb url=\u00bbhttps:\/\/insia-upm.es\/estudios-de-transporte\/\u00bb use_icon=\u00bbon\u00bb font_icon=\u00bb%%103%%\u00bb module_class=\u00bbdct-blurb-1&#8243; _builder_version=\u00bb4.11.1&#8243; min_height=\u00bb300px\u00bb link_option_url=\u00bbhttps:\/\/insia-upm.es\/estudios-de-transporte\/\u00bb global_colors_info=\u00bb{}\u00bb]\n<p>Desarrollo y aplicaci\u00f3n de modelos para la evaluaci\u00f3n y predicci\u00f3n de los impactos del transporte por carretera en la seguridad y medio ambiente.<\/p>\n[\/et_pb_blurb][\/et_pb_column][et_pb_column type=\u00bb1_3&#8243; _builder_version=\u00bb3.25&#8243; background_blend=\u00bboverlay\u00bb custom_padding=\u00bb|||\u00bb global_colors_info=\u00bb{}\u00bb custom_padding__hover=\u00bb|||\u00bb][et_pb_blurb title=\u00bbSistemas Inteligentes\u00bb url=\u00bbhttps:\/\/insia-upm.es\/sistemas-inteligentes\/\u00bb use_icon=\u00bbon\u00bb font_icon=\u00bb%%103%%\u00bb module_class=\u00bbdct-blurb-1&#8243; _builder_version=\u00bb4.11.1&#8243; min_height=\u00bb301px\u00bb custom_margin=\u00bb||||false|false\u00bb link_option_url=\u00bbhttps:\/\/insia-upm.es\/sistemas-inteligentes\/\u00bb global_colors_info=\u00bb{}\u00bb]\n<p><span>Sistemas Inteligentes, Sistemas ADAS y conducci\u00f3n aut\u00f3noma cooperativa.<\/span><\/p>\n[\/et_pb_blurb][\/et_pb_column][et_pb_column type=\u00bb1_3&#8243; _builder_version=\u00bb3.25&#8243; background_blend=\u00bboverlay\u00bb custom_padding=\u00bb|||\u00bb global_colors_info=\u00bb{}\u00bb custom_padding__hover=\u00bb|||\u00bb][et_pb_blurb title=\u00bbSistemas Alternativos de Propulsi\u00f3n\u00bb url=\u00bbhttps:\/\/insia-upm.es\/sistemas-alternativos-de-propulsion\/\u00bb use_icon=\u00bbon\u00bb font_icon=\u00bb%%103%%\u00bb module_class=\u00bbdct-blurb-1&#8243; _builder_version=\u00bb4.11.1&#8243; min_height=\u00bb301px\u00bb custom_margin=\u00bb||15px|||\u00bb link_option_url=\u00bbhttps:\/\/insia-upm.es\/sistemas-alternativos-de-propulsion\/\u00bb global_colors_info=\u00bb{}\u00bb]\n<p>Sistemas alternativos de propulsi\u00f3n e impacto medioambiental de los veh\u00edculos autom\u00f3viles.<\/p>\n[\/et_pb_blurb][\/et_pb_column][\/et_pb_row][et_pb_row column_structure=\u00bb1_3,1_3,1_3&#8243; make_equal=\u00bbon\u00bb module_class=\u00bb et_pb_row_fullwidth\u00bb _builder_version=\u00bb3.25&#8243; width=\u00bb89%\u00bb width_tablet=\u00bb80%\u00bb width_phone=\u00bb\u00bb width_last_edited=\u00bbon|desktop\u00bb max_width=\u00bb89%\u00bb max_width_tablet=\u00bb80%\u00bb max_width_phone=\u00bb\u00bb max_width_last_edited=\u00bbon|desktop\u00bb min_height=\u00bb320px\u00bb custom_margin=\u00bb|auto|-2px|auto||\u00bb custom_padding=\u00bb0|0px|19px|0px|false|false\u00bb make_fullwidth=\u00bbon\u00bb locked=\u00bboff\u00bb global_colors_info=\u00bb{}\u00bb][et_pb_column type=\u00bb1_3&#8243; _builder_version=\u00bb3.25&#8243; background_blend=\u00bboverlay\u00bb custom_padding=\u00bb|||\u00bb global_colors_info=\u00bb{}\u00bb custom_padding__hover=\u00bb|||\u00bb][et_pb_blurb title=\u00bbSeguridad Transporte de Mercanc\u00edas\u00bb url=\u00bbhttps:\/\/insia-upm.es\/seguridad-en-el-transporte-de-mercancias\/\u00bb use_icon=\u00bbon\u00bb font_icon=\u00bb%%103%%\u00bb module_class=\u00bbdct-blurb-1&#8243; _builder_version=\u00bb4.11.1&#8243; min_height=\u00bb300px\u00bb link_option_url=\u00bbhttps:\/\/insia-upm.es\/seguridad-en-el-transporte-de-mercancias\/\u00bb global_colors_info=\u00bb{}\u00bb]\n<p>Mejora en la seguridad pasiva de los veh\u00edculos de transporte de mercanc\u00edas.<\/p>\n[\/et_pb_blurb][\/et_pb_column][et_pb_column type=\u00bb1_3&#8243; _builder_version=\u00bb3.25&#8243; custom_padding=\u00bb|||\u00bb global_colors_info=\u00bb{}\u00bb custom_padding__hover=\u00bb|||\u00bb][\/et_pb_column][et_pb_column type=\u00bb1_3&#8243; _builder_version=\u00bb3.25&#8243; custom_padding=\u00bb|||\u00bb global_colors_info=\u00bb{}\u00bb custom_padding__hover=\u00bb|||\u00bb][\/et_pb_column][\/et_pb_row][\/et_pb_section][et_pb_section fb_built=\u00bb1&#8243; _builder_version=\u00bb4.11.1&#8243; _module_preset=\u00bbdefault\u00bb min_height=\u00bb157px\u00bb custom_padding=\u00bb8px||1px|||\u00bb global_colors_info=\u00bb{}\u00bb][\/et_pb_section]\n","protected":false},"excerpt":{"rendered":"<p>INVESTIGACI\u00d3N \u00a0L\u00cdNEAS DE INVESTIGACI\u00d3N ACTIVAS Investigaci\u00f3n de accidentes de tr\u00e1fico. An\u00e1lisis de causas y consecuenciasBiomec\u00e1nica del impacto aplicada a la mejora de la seguridad pasiva de los veh\u00edculosSeguridad en transporte colectivo de personas. Veh\u00edculos, sistemas de protecci\u00f3n y movilidad de PMR.Desarrollo y aplicaci\u00f3n de modelos para la evaluaci\u00f3n y predicci\u00f3n de los impactos del transporte [&hellip;]<\/p>\n","protected":false},"author":1,"featured_media":0,"parent":0,"menu_order":0,"comment_status":"closed","ping_status":"closed","template":"","meta":{"_et_pb_use_builder":"on","_et_pb_old_content":"","_et_gb_content_width":"","_monsterinsights_skip_tracking":false,"_monsterinsights_sitenote_active":false,"_monsterinsights_sitenote_note":"","_monsterinsights_sitenote_category":0,"footnotes":""},"class_list":["post-14638","page","type-page","status-publish","hentry"],"yoast_head":"<!-- This site is optimized with the Yoast SEO plugin v27.4 - https:\/\/yoast.com\/product\/yoast-seo-wordpress\/ -->\n<title>L\u00cdNEAS DE INVESTIGACI\u00d3N - Instituto Universitario de Investigaci\u00f3n del Autom\u00f3vil Francisco Aparicio Izquierdo<\/title>\n<meta name=\"robots\" content=\"index, follow, max-snippet:-1, max-image-preview:large, max-video-preview:-1\" \/>\n<link rel=\"canonical\" href=\"https:\/\/insia-upm.es\/en\/lineas-de-investigacion\/\" \/>\n<meta property=\"og:locale\" content=\"en_GB\" \/>\n<meta property=\"og:type\" content=\"article\" \/>\n<meta property=\"og:title\" content=\"L\u00cdNEAS DE INVESTIGACI\u00d3N - Instituto Universitario de Investigaci\u00f3n del Autom\u00f3vil Francisco Aparicio Izquierdo\" \/>\n<meta property=\"og:description\" content=\"INVESTIGACI\u00d3N \u00a0L\u00cdNEAS DE INVESTIGACI\u00d3N ACTIVAS Investigaci\u00f3n de accidentes de tr\u00e1fico. An\u00e1lisis de causas y consecuenciasBiomec\u00e1nica del impacto aplicada a la mejora de la seguridad pasiva de los veh\u00edculosSeguridad en transporte colectivo de personas. Veh\u00edculos, sistemas de protecci\u00f3n y movilidad de PMR.Desarrollo y aplicaci\u00f3n de modelos para la evaluaci\u00f3n y predicci\u00f3n de los impactos del transporte [&hellip;]\" \/>\n<meta property=\"og:url\" content=\"https:\/\/insia-upm.es\/en\/lineas-de-investigacion\/\" \/>\n<meta property=\"og:site_name\" content=\"Instituto Universitario de Investigaci\u00f3n del Autom\u00f3vil Francisco Aparicio Izquierdo\" \/>\n<meta property=\"article:modified_time\" content=\"2021-12-14T08:02:53+00:00\" \/>\n<meta name=\"twitter:card\" content=\"summary_large_image\" \/>\n<meta name=\"twitter:site\" content=\"@INSIAUPM\" \/>\n<meta name=\"twitter:label1\" content=\"Estimated reading time\" \/>\n\t<meta name=\"twitter:data1\" content=\"5 minutes\" \/>\n<script type=\"application\/ld+json\" class=\"yoast-schema-graph\">{\"@context\":\"https:\\\/\\\/schema.org\",\"@graph\":[{\"@type\":\"WebPage\",\"@id\":\"https:\\\/\\\/insia-upm.es\\\/lineas-de-investigacion\\\/\",\"url\":\"https:\\\/\\\/insia-upm.es\\\/lineas-de-investigacion\\\/\",\"name\":\"L\u00cdNEAS DE INVESTIGACI\u00d3N - Instituto Universitario de Investigaci\u00f3n del Autom\u00f3vil Francisco Aparicio Izquierdo\",\"isPartOf\":{\"@id\":\"https:\\\/\\\/insia-upm.es\\\/#website\"},\"datePublished\":\"2021-10-18T07:55:59+00:00\",\"dateModified\":\"2021-12-14T08:02:53+00:00\",\"breadcrumb\":{\"@id\":\"https:\\\/\\\/insia-upm.es\\\/lineas-de-investigacion\\\/#breadcrumb\"},\"inLanguage\":\"en-GB\",\"potentialAction\":[{\"@type\":\"ReadAction\",\"target\":[\"https:\\\/\\\/insia-upm.es\\\/lineas-de-investigacion\\\/\"]}]},{\"@type\":\"BreadcrumbList\",\"@id\":\"https:\\\/\\\/insia-upm.es\\\/lineas-de-investigacion\\\/#breadcrumb\",\"itemListElement\":[{\"@type\":\"ListItem\",\"position\":1,\"name\":\"Portada\",\"item\":\"https:\\\/\\\/insia-upm.es\\\/\"},{\"@type\":\"ListItem\",\"position\":2,\"name\":\"L\u00cdNEAS DE INVESTIGACI\u00d3N\"}]},{\"@type\":\"WebSite\",\"@id\":\"https:\\\/\\\/insia-upm.es\\\/#website\",\"url\":\"https:\\\/\\\/insia-upm.es\\\/\",\"name\":\"Instituto Universitario de Investigaci\u00f3n del Autom\u00f3vil Francisco Aparicio Izquierdo\",\"description\":\"Instituto de Investigaci\u00f3n del Autom\u00f3vil Francisco Aparicio Izquierdo\",\"publisher\":{\"@id\":\"https:\\\/\\\/insia-upm.es\\\/#organization\"},\"potentialAction\":[{\"@type\":\"SearchAction\",\"target\":{\"@type\":\"EntryPoint\",\"urlTemplate\":\"https:\\\/\\\/insia-upm.es\\\/?s={search_term_string}\"},\"query-input\":{\"@type\":\"PropertyValueSpecification\",\"valueRequired\":true,\"valueName\":\"search_term_string\"}}],\"inLanguage\":\"en-GB\"},{\"@type\":\"Organization\",\"@id\":\"https:\\\/\\\/insia-upm.es\\\/#organization\",\"name\":\"UPM-INSIA\",\"url\":\"https:\\\/\\\/insia-upm.es\\\/\",\"logo\":{\"@type\":\"ImageObject\",\"inLanguage\":\"en-GB\",\"@id\":\"https:\\\/\\\/insia-upm.es\\\/#\\\/schema\\\/logo\\\/image\\\/\",\"url\":\"https:\\\/\\\/insia-upm.es\\\/wp-content\\\/uploads\\\/2021\\\/12\\\/logo-insia-low-e1412177316550.png\",\"contentUrl\":\"https:\\\/\\\/insia-upm.es\\\/wp-content\\\/uploads\\\/2021\\\/12\\\/logo-insia-low-e1412177316550.png\",\"width\":50,\"height\":71,\"caption\":\"UPM-INSIA\"},\"image\":{\"@id\":\"https:\\\/\\\/insia-upm.es\\\/#\\\/schema\\\/logo\\\/image\\\/\"},\"sameAs\":[\"https:\\\/\\\/x.com\\\/INSIAUPM\",\"https:\\\/\\\/www.instagram.com\\\/insia.upm\\\/\",\"https:\\\/\\\/www.linkedin.com\\\/in\\\/insia-instituto-universitario-investigaci\u00f3n-9088635a\\\/\",\"https:\\\/\\\/www.youtube.com\\\/user\\\/gestionidi\"]}]}<\/script>\n<!-- \/ Yoast SEO plugin. -->","yoast_head_json":{"title":"L\u00cdNEAS DE INVESTIGACI\u00d3N - Instituto Universitario de Investigaci\u00f3n del Autom\u00f3vil Francisco Aparicio Izquierdo","robots":{"index":"index","follow":"follow","max-snippet":"max-snippet:-1","max-image-preview":"max-image-preview:large","max-video-preview":"max-video-preview:-1"},"canonical":"https:\/\/insia-upm.es\/en\/lineas-de-investigacion\/","og_locale":"en_GB","og_type":"article","og_title":"L\u00cdNEAS DE INVESTIGACI\u00d3N - Instituto Universitario de Investigaci\u00f3n del Autom\u00f3vil Francisco Aparicio Izquierdo","og_description":"INVESTIGACI\u00d3N \u00a0L\u00cdNEAS DE INVESTIGACI\u00d3N ACTIVAS Investigaci\u00f3n de accidentes de tr\u00e1fico. An\u00e1lisis de causas y consecuenciasBiomec\u00e1nica del impacto aplicada a la mejora de la seguridad pasiva de los veh\u00edculosSeguridad en transporte colectivo de personas. Veh\u00edculos, sistemas de protecci\u00f3n y movilidad de PMR.Desarrollo y aplicaci\u00f3n de modelos para la evaluaci\u00f3n y predicci\u00f3n de los impactos del transporte [&hellip;]","og_url":"https:\/\/insia-upm.es\/en\/lineas-de-investigacion\/","og_site_name":"Instituto Universitario de Investigaci\u00f3n del Autom\u00f3vil Francisco Aparicio Izquierdo","article_modified_time":"2021-12-14T08:02:53+00:00","twitter_card":"summary_large_image","twitter_site":"@INSIAUPM","twitter_misc":{"Estimated reading time":"5 minutes"},"schema":{"@context":"https:\/\/schema.org","@graph":[{"@type":"WebPage","@id":"https:\/\/insia-upm.es\/lineas-de-investigacion\/","url":"https:\/\/insia-upm.es\/lineas-de-investigacion\/","name":"L\u00cdNEAS DE INVESTIGACI\u00d3N - Instituto Universitario de Investigaci\u00f3n del Autom\u00f3vil Francisco Aparicio Izquierdo","isPartOf":{"@id":"https:\/\/insia-upm.es\/#website"},"datePublished":"2021-10-18T07:55:59+00:00","dateModified":"2021-12-14T08:02:53+00:00","breadcrumb":{"@id":"https:\/\/insia-upm.es\/lineas-de-investigacion\/#breadcrumb"},"inLanguage":"en-GB","potentialAction":[{"@type":"ReadAction","target":["https:\/\/insia-upm.es\/lineas-de-investigacion\/"]}]},{"@type":"BreadcrumbList","@id":"https:\/\/insia-upm.es\/lineas-de-investigacion\/#breadcrumb","itemListElement":[{"@type":"ListItem","position":1,"name":"Portada","item":"https:\/\/insia-upm.es\/"},{"@type":"ListItem","position":2,"name":"L\u00cdNEAS DE INVESTIGACI\u00d3N"}]},{"@type":"WebSite","@id":"https:\/\/insia-upm.es\/#website","url":"https:\/\/insia-upm.es\/","name":"Instituto Universitario de Investigaci\u00f3n del Autom\u00f3vil Francisco Aparicio Izquierdo","description":"Instituto de Investigaci\u00f3n del Autom\u00f3vil Francisco Aparicio Izquierdo","publisher":{"@id":"https:\/\/insia-upm.es\/#organization"},"potentialAction":[{"@type":"SearchAction","target":{"@type":"EntryPoint","urlTemplate":"https:\/\/insia-upm.es\/?s={search_term_string}"},"query-input":{"@type":"PropertyValueSpecification","valueRequired":true,"valueName":"search_term_string"}}],"inLanguage":"en-GB"},{"@type":"Organization","@id":"https:\/\/insia-upm.es\/#organization","name":"UPM-INSIA","url":"https:\/\/insia-upm.es\/","logo":{"@type":"ImageObject","inLanguage":"en-GB","@id":"https:\/\/insia-upm.es\/#\/schema\/logo\/image\/","url":"https:\/\/insia-upm.es\/wp-content\/uploads\/2021\/12\/logo-insia-low-e1412177316550.png","contentUrl":"https:\/\/insia-upm.es\/wp-content\/uploads\/2021\/12\/logo-insia-low-e1412177316550.png","width":50,"height":71,"caption":"UPM-INSIA"},"image":{"@id":"https:\/\/insia-upm.es\/#\/schema\/logo\/image\/"},"sameAs":["https:\/\/x.com\/INSIAUPM","https:\/\/www.instagram.com\/insia.upm\/","https:\/\/www.linkedin.com\/in\/insia-instituto-universitario-investigaci\u00f3n-9088635a\/","https:\/\/www.youtube.com\/user\/gestionidi"]}]}},"_links":{"self":[{"href":"https:\/\/insia-upm.es\/en\/wp-json\/wp\/v2\/pages\/14638","targetHints":{"allow":["GET"]}}],"collection":[{"href":"https:\/\/insia-upm.es\/en\/wp-json\/wp\/v2\/pages"}],"about":[{"href":"https:\/\/insia-upm.es\/en\/wp-json\/wp\/v2\/types\/page"}],"author":[{"embeddable":true,"href":"https:\/\/insia-upm.es\/en\/wp-json\/wp\/v2\/users\/1"}],"replies":[{"embeddable":true,"href":"https:\/\/insia-upm.es\/en\/wp-json\/wp\/v2\/comments?post=14638"}],"version-history":[{"count":35,"href":"https:\/\/insia-upm.es\/en\/wp-json\/wp\/v2\/pages\/14638\/revisions"}],"predecessor-version":[{"id":18150,"href":"https:\/\/insia-upm.es\/en\/wp-json\/wp\/v2\/pages\/14638\/revisions\/18150"}],"wp:attachment":[{"href":"https:\/\/insia-upm.es\/en\/wp-json\/wp\/v2\/media?parent=14638"}],"curies":[{"name":"wp","href":"https:\/\/api.w.org\/{rel}","templated":true}]}}